{"id":5859,"date":"2019-06-04T00:00:00","date_gmt":"2019-06-03T22:00:00","guid":{"rendered":"http:\/\/vchd.cz\/flotila-vozidel\/"},"modified":"2022-05-23T16:14:18","modified_gmt":"2022-05-23T14:14:18","slug":"flotila-vozidel","status":"publish","type":"page","link":"https:\/\/vchd.cz\/de\/unsere-fahrzeugflotte","title":{"rendered":"Unsere Fahrzeugflotte"},"content":{"rendered":"<div class=\"wpb-content-wrapper\"><p>[vc_row tm_bgimage_position=&#8220;center_bottom&#8220; tm_bgimagefixed=&#8220;&#8220; break_in_responsive=&#8220;991&#8243; full_width=&#8220;stretch_row&#8220; css=&#8220;.vc_custom_1564762733543{margin-top: -125px !important;padding-top: 0px !important;padding-bottom: 0px !important;background-position: center !important;background-repeat: no-repeat !important;background-size: cover !important;}&#8220; tm_responsive_css=&#8220;26679976|colbreak_no|||||||||colbreak_no|||||10px||40px||colbreak_no||||||||||colbreak_no|||||||||&#8220;][vc_column tm_shadow=&#8220;yes&#8220; width=&#8220;1\/3&#8243;]<div class=\"tm-sbox tm-sbox-iconalign-top-center none tm-sbox-bgcolor-white tm-bgcolor-white tm-sbox-textcolor- tm-textcolor- tm-sbox-isize-md tm-sbox-isize-md tm-sbox-istyle-rounded  tm-bgcolor-yes tm-sbox-heading-only\"><section class=\"tm-vc_cta3-container\"><div class=\"tm-vc_general tm-vc_cta3 tm-vc_cta3-align-left tm-vc_cta3-icon-size-md tm-vc_cta3-icons-top tm-vc_cta3-actions-no\"><div class=\"tm-vc_cta3-icons tm-wrap-cell\"><div class=\"tm-vc_icon_element tm-vc_icon_element-outer tm-vc_icon_element-align-left  tm-vc_icon_element-have-style\"><div class=\"tm-vc_icon_element-inner  tm-vc_icon_element-have-style-inner tm-vc_icon_element-color-white tm-vc_icon_element-size-md tm-vc_icon_element-style-rounded tm-vc_icon_element-background tm-vc_icon_element-background-color-skincolor\" ><span class=\"tm-vc_icon_element-icon themifyicon ti-truck\" ><\/span><\/div><\/div><\/div><div class=\"tm-vc_cta3_content-container\"><div class=\"tm-vc_cta3-content\"><div class=\"tm-vc_cta3-content-header tm-wrap\"><div class=\"tm-vc_cta3-headers tm-wrap-cell\"><h2 class=\"tm-custom-heading \" >Das Durchschnittsalter der Fahrzeuge betr\u00e4gt 3 Jahre.<\/h2>\n<\/div><\/div><\/div><div class=\"tm-cta3-desc-btn-wrapper\"><div class=\"tm-cta3-description\"><\/div><\/div><\/div><\/div><\/section><\/div>[\/vc_column][vc_column tm_shadow=&#8220;yes&#8220; width=&#8220;1\/3&#8243; tm_responsive_css=&#8220;90353025|colbreak_no|||||||||colbreak_no|||||20px||20px||colbreak_no||||||||||colbreak_no|||||||||&#8220;]<div class=\"tm-sbox tm-sbox-iconalign-top-center none tm-sbox-bgcolor-white tm-bgcolor-white tm-sbox-textcolor- tm-textcolor- tm-sbox-isize-md tm-sbox-isize-md tm-sbox-istyle-rounded  tm-bgcolor-yes tm-sbox-heading-only\"><section class=\"tm-vc_cta3-container\"><div class=\"tm-vc_general tm-vc_cta3 tm-vc_cta3-align-left tm-vc_cta3-icon-size-md tm-vc_cta3-icons-top tm-vc_cta3-actions-no\"><div class=\"tm-vc_cta3-icons tm-wrap-cell\"><div class=\"tm-vc_icon_element tm-vc_icon_element-outer tm-vc_icon_element-align-left  tm-vc_icon_element-have-style\"><div class=\"tm-vc_icon_element-inner  tm-vc_icon_element-have-style-inner tm-vc_icon_element-color-white tm-vc_icon_element-size-md tm-vc_icon_element-style-rounded tm-vc_icon_element-background tm-vc_icon_element-background-color-skincolor\" ><span class=\"tm-vc_icon_element-icon themifyicon ti-headphone-alt\" ><\/span><\/div><\/div><\/div><div class=\"tm-vc_cta3_content-container\"><div class=\"tm-vc_cta3-content\"><div class=\"tm-vc_cta3-content-header tm-wrap\"><div class=\"tm-vc_cta3-headers tm-wrap-cell\"><h2 class=\"tm-custom-heading \" >Unser Service ist rund um die Uhr (24\/7) erreichbar.<\/h2>\n<\/div><\/div><\/div><div class=\"tm-cta3-desc-btn-wrapper\"><div class=\"tm-cta3-description\"><\/div><\/div><\/div><\/div><\/section><\/div>[\/vc_column][vc_column tm_shadow=&#8220;yes&#8220; width=&#8220;1\/3&#8243;]<div class=\"tm-sbox tm-sbox-iconalign-top-center none tm-sbox-bgcolor-white tm-bgcolor-white tm-sbox-textcolor- tm-textcolor- tm-sbox-isize-md tm-sbox-isize-md tm-sbox-istyle-rounded  tm-bgcolor-yes tm-sbox-heading-only\"><section class=\"tm-vc_cta3-container\"><div class=\"tm-vc_general tm-vc_cta3 tm-vc_cta3-align-left tm-vc_cta3-icon-size-md tm-vc_cta3-icons-top tm-vc_cta3-actions-no\"><div class=\"tm-vc_cta3-icons tm-wrap-cell\"><div class=\"tm-vc_icon_element tm-vc_icon_element-outer tm-vc_icon_element-align-left  tm-vc_icon_element-have-style\"><div class=\"tm-vc_icon_element-inner  tm-vc_icon_element-have-style-inner tm-vc_icon_element-color-white tm-vc_icon_element-size-md tm-vc_icon_element-style-rounded tm-vc_icon_element-background tm-vc_icon_element-background-color-skincolor\" ><span class=\"tm-vc_icon_element-icon themifyicon ti-reload\" ><\/span><\/div><\/div><\/div><div class=\"tm-vc_cta3_content-container\"><div class=\"tm-vc_cta3-content\"><div class=\"tm-vc_cta3-content-header tm-wrap\"><div class=\"tm-vc_cta3-headers tm-wrap-cell\"><h2 class=\"tm-custom-heading \" >Im Falle eines Unfalls oder einer Panne wird ein Ersatzfahrzeug eingesetzt.<\/h2>\n<\/div><\/div><\/div><div class=\"tm-cta3-desc-btn-wrapper\"><div class=\"tm-cta3-description\"><\/div><\/div><\/div><\/div><\/section><\/div>[\/vc_column][\/vc_row][vc_row tm_bgimagefixed=&#8220;&#8220; break_in_responsive=&#8220;991&#8243; full_width=&#8220;stretch_row&#8220; tm_responsive_css=&#8220;59354957|colbreak_no|||||||||colbreak_no|||||40px||||colbreak_no||||||||||colbreak_no|||||||||&#8220; css=&#8220;.vc_custom_1561365550364{padding-bottom: 40px !important;}&#8220;][vc_column reduce_extra_padding=&#8220;991&#8243; width=&#8220;5\/12&#8243; css=&#8220;.vc_custom_1548237107691{background-position: center !important;background-repeat: no-repeat !important;background-size: cover !important;}&#8220;][vc_single_image image=&#8220;3933&#8243; img_size=&#8220;full&#8220; alignment=&#8220;center&#8220;][\/vc_column][vc_column reduce_extra_padding=&#8220;991&#8243; width=&#8220;7\/12&#8243; css=&#8220;.vc_custom_1548237062663{padding-left: 35px !important;}&#8220;]<div class=\"tm-element-heading-wrapper tm-heading-inner tm-element-align-left tm-seperator-solid tm-heading-style-vertical   wpb_animate_when_almost_visible wpb_fadeInRight fadeInRight\"><section class=\"tm-vc_cta3-container\"><div class=\"tm-vc_general tm-vc_cta3 tm-cta3-only tm-vc_cta3-style-classic tm-vc_cta3-shape-rounded tm-vc_cta3-align-left tm-vc_cta3-color-transparent tm-vc_cta3-icon-size-md tm-vc_cta3-actions-no tm-cta3-without-desc\"><div class=\"tm-vc_cta3_content-container\"><div class=\"tm-vc_cta3-content\"><header class=\"tm-vc_cta3-content-header tm-wrap\"><div class=\"tm-vc_cta3-headers tm-wrap-cell\"><h4 class=\"tm-custom-heading \" >MODERNSTE TECHNIK<\/h4>\n<h2 class=\"tm-custom-heading \" >Unsere Fahrzeugflotte<\/h2>\n<\/div><\/header><\/div><\/div><\/div><\/section><\/div> <!-- .tm-element-heading-wrapper container --> [vc_column_text]Die Gesellschaft VCHD Cargo verf\u00fcgt \u00fcber eine eigene Flotte zur Umsetzung von Landtransporten verschiedener Art und in verschiedenen Regimen. Innerhalb des Fuhrparks betreiben wir Dutzende verschiedene Sattelanh\u00e4nger, wie z. B. K\u00fchl-, Planen- oder Kofferauflieger oder sog. Tandemsets mit Wechselbr\u00fccken. Wir betreiben auch ein einige Zw\u00f6lf-Tonnen-Fahrzeuge f\u00fcr die sog. letzte Meile.<\/p>\n<p>Da unsere Fahrzeuge regelm\u00e4\u00dfig erneuert werden, ist die Schadstoffklasse Euro 6, die den strengsten Abgasnormen entspricht, in der Flotte am st\u00e4rksten vertreten. Alle Fahrzeuge werden per GPS \u00fcberwacht. Auf europ\u00e4ischen Stra\u00dfen ist das VCHD Cargo-Logo am h\u00e4ufigsten auf Fahrzeugen der Marken VOLVO, MERCEDES, DAF, SCANIA und MAN zu sehen.[\/vc_column_text]<ul class=\"tm-list tm-list-style-icon tm-list-icon-color-skincolor tm- tm-icon-skincolor tm-list-textsize-large tm-list-icon-library-themify\"><li><i class=\"tm-skincolor themifyicon ti-angle-double-right\"><\/i>  <span class=\"tm-list-li-content\">Insgesamt betreiben wir mehr als 220 moderne Lastkraftwagen.<\/span><\/li><li><i class=\"tm-skincolor themifyicon ti-angle-double-right\"><\/i>  <span class=\"tm-list-li-content\">Alle Fahrzeuge werden per GPS \u00fcberwacht.<\/span><\/li><li><i class=\"tm-skincolor themifyicon ti-angle-double-right\"><\/i>  <span class=\"tm-list-li-content\">Auch die Wirtschaftlichkeit der Fahrleistungen wird verfolgt.<\/span><\/li><li><i class=\"tm-skincolor themifyicon ti-angle-double-right\"><\/i>  <span class=\"tm-list-li-content\">Synthetische Infos aus dem Transport- und Tracking-System<\/span><\/li><\/ul>[vc_empty_space height=&#8220;10px&#8220;]<div class=\"themetechmount-progress-bar vc_progress_bar wpb_content_element vc_progress-bar-color-skincolor vc_progress-bar-color-skincolor\"><div class=\"tm-pbar-single-bar-w tm-pbar-icon-false\"><div class=\"vc_general vc_single_bar\"><small class=\"vc_label\">Anzahl der LKWs, die die Abgasnorm EURO 6 erf\u00fcllen<\/small> <span class=\"tm-vc_label_units vc_label_units\">100%<\/span><span class=\"vc_bar \" data-percentage-value=\"100\" data-value=\"100\"><\/span><\/div><\/div><\/div>[\/vc_column][\/vc_row][vc_row tm_bgimage_position=&#8220;center_bottom&#8220; tm_bgimagefixed=&#8220;&#8220; break_in_responsive=&#8220;991&#8243; full_width=&#8220;stretch_row&#8220; equal_height=&#8220;yes&#8220; content_placement=&#8220;middle&#8220; css=&#8220;.vc_custom_1564603028405{padding-top: 40px !important;padding-bottom: 40px !important;}&#8220; tm_responsive_css=&#8220;26679976|colbreak_no|||||||||colbreak_no|||||10px||40px||colbreak_no||||||||||colbreak_no|||||||||&#8220;][vc_column width=&#8220;1\/3&#8243;][vc_single_image image=&#8220;4190&#8243; img_size=&#8220;215&#215;58&#8243; css_animation=&#8220;fadeInRight&#8220;]<div class=\"tm-element-heading-wrapper tm-heading-inner tm-element-align-left tm-seperator-solid tm-heading-style-vertical   wpb_animate_when_almost_visible wpb_fadeInLeft fadeInLeft\"><section class=\"tm-vc_cta3-container\"><div class=\"tm-vc_general tm-vc_cta3 tm-cta3-only tm-vc_cta3-style-classic tm-vc_cta3-shape-rounded tm-vc_cta3-align-left tm-vc_cta3-color-transparent tm-vc_cta3-icon-size-md tm-vc_cta3-actions-no tm-cta3-without-desc\"><div class=\"tm-vc_cta3_content-container\"><div class=\"tm-vc_cta3-content\"><header class=\"tm-vc_cta3-content-header tm-wrap\"><div class=\"tm-vc_cta3-headers tm-wrap-cell\"><h2 class=\"tm-custom-heading \" >130+<\/h2>\n<h4 class=\"tm-custom-heading \" >WECHSELBR\u00dcCKEN-TR\u00c4GER<\/h4>\n<\/div><\/header><\/div><\/div><\/div><\/section><\/div> <!-- .tm-element-heading-wrapper container --> [\/vc_column][vc_column width=&#8220;1\/3&#8243; tm_responsive_css=&#8220;90353025|colbreak_no|||||||||colbreak_no|||||20px||20px||colbreak_no||||||||||colbreak_no|||||||||&#8220;][vc_single_image image=&#8220;4195&#8243; img_size=&#8220;215&#215;58&#8243; css_animation=&#8220;fadeInRight&#8220;]<div class=\"tm-element-heading-wrapper tm-heading-inner tm-element-align-left tm-seperator-solid tm-heading-style-vertical   wpb_animate_when_almost_visible wpb_fadeInLeft fadeInLeft\"><section class=\"tm-vc_cta3-container\"><div class=\"tm-vc_general tm-vc_cta3 tm-cta3-only tm-vc_cta3-style-classic tm-vc_cta3-shape-rounded tm-vc_cta3-align-left tm-vc_cta3-color-transparent tm-vc_cta3-icon-size-md tm-vc_cta3-actions-no tm-cta3-without-desc\"><div class=\"tm-vc_cta3_content-container\"><div class=\"tm-vc_cta3-content\"><header class=\"tm-vc_cta3-content-header tm-wrap\"><div class=\"tm-vc_cta3-headers tm-wrap-cell\"><h2 class=\"tm-custom-heading \" >30+<\/h2>\n<h4 class=\"tm-custom-heading \" >FRIGO-SATTELAUFLIEGER<\/h4>\n<\/div><\/header><\/div><\/div><\/div><\/section><\/div> <!-- .tm-element-heading-wrapper container --> [\/vc_column][vc_column width=&#8220;1\/3&#8243;][vc_single_image image=&#8220;4445&#8243; img_size=&#8220;215&#215;58&#8243; css_animation=&#8220;fadeInRight&#8220;]<div class=\"tm-element-heading-wrapper tm-heading-inner tm-element-align-left tm-seperator-solid tm-heading-style-vertical   wpb_animate_when_almost_visible wpb_fadeInLeft fadeInLeft\"><section class=\"tm-vc_cta3-container\"><div class=\"tm-vc_general tm-vc_cta3 tm-cta3-only tm-vc_cta3-style-classic tm-vc_cta3-shape-rounded tm-vc_cta3-align-left tm-vc_cta3-color-transparent tm-vc_cta3-icon-size-md tm-vc_cta3-actions-no tm-cta3-without-desc\"><div class=\"tm-vc_cta3_content-container\"><div class=\"tm-vc_cta3-content\"><header class=\"tm-vc_cta3-content-header tm-wrap\"><div class=\"tm-vc_cta3-headers tm-wrap-cell\"><h2 class=\"tm-custom-heading \" >20+<\/h2>\n<h4 class=\"tm-custom-heading \" >PLANEN-SATTELAUFLIEGER<\/h4>\n<\/div><\/header><\/div><\/div><\/div><\/section><\/div> <!-- .tm-element-heading-wrapper container --> [\/vc_column][\/vc_row][vc_row tm_bgimage_position=&#8220;center_bottom&#8220; tm_bgimagefixed=&#8220;&#8220; full_width=&#8220;stretch_row&#8220; css=&#8220;.vc_custom_1564603040168{padding-top: 40px !important;padding-bottom: 40px !important;background-position: center !important;background-repeat: no-repeat !important;background-size: cover !important;}&#8220; tm_responsive_css=&#8220;26679976|colbreak_no|||||||||colbreak_no|||||10px||40px||colbreak_no||||||||||colbreak_no|||||||||&#8220;][vc_column]<div class=\"themetechmount-boxes themetechmount-boxes-client themetechmount-boxes-view-default themetechmount-boxes-col-five themetechmount-boxes-sortable- themetechmount-boxes-textalign-center\">\n\t\t<div class=\"themetechmount-boxes-inner themetechmount-boxes-client-inner \"><\/div><!-- .themetechmount-boxes-inner -->   <\/div><!-- .themetechmount-boxes -->  [\/vc_column][\/vc_row][vc_row tm_bgimage_position=&#8220;center_bottom&#8220; tm_bgimagefixed=&#8220;&#8220; break_in_responsive=&#8220;991&#8243; full_width=&#8220;stretch_row&#8220; equal_height=&#8220;yes&#8220; content_placement=&#8220;middle&#8220; css=&#8220;.vc_custom_1564695281694{border-bottom-width: 1px !important;padding-top: 40px !important;padding-bottom: 0px !important;border-bottom-color: #efefef !important;border-bottom-style: dashed !important;}&#8220; tm_responsive_css=&#8220;26679976|colbreak_no|||||||||colbreak_no|||||10px||10px||colbreak_no||||||||||colbreak_no|||||||||&#8220;][vc_column width=&#8220;1\/3&#8243;]<div class=\"tm-element-heading-wrapper tm-heading-inner tm-element-align-left tm-seperator-solid tm-heading-style-vertical   wpb_animate_when_almost_visible wpb_fadeInLeft fadeInLeft\"><section class=\"tm-vc_cta3-container\"><div class=\"tm-vc_general tm-vc_cta3 tm-cta3-only tm-vc_cta3-style-classic tm-vc_cta3-shape-rounded tm-vc_cta3-align-left tm-vc_cta3-color-transparent tm-vc_cta3-icon-size-md tm-vc_cta3-actions-no tm-cta3-without-desc\"><div class=\"tm-vc_cta3_content-container\"><div class=\"tm-vc_cta3-content\"><header class=\"tm-vc_cta3-content-header tm-wrap\"><div class=\"tm-vc_cta3-headers tm-wrap-cell\"><h4 class=\"tm-custom-heading \" >STATISTIK<\/h4>\n<h2 class=\"tm-custom-heading \" >Anzahl der Fahrzeuge nach Fahrzeugmarken<\/h2>\n<\/div><\/header><\/div><\/div><\/div><\/section><\/div> <!-- .tm-element-heading-wrapper container --> [\/vc_column][vc_column width=&#8220;2\/3&#8243; tm_responsive_css=&#8220;90353025|colbreak_no|||||||||colbreak_no|||||20px||20px||colbreak_no||||||||||colbreak_no|||||||||&#8220;][vc_progress_bar values=&#8220;%5B%7B%22label%22%3A%22Scania%20-%2082%20Fahrzeuge%22%2C%22value%22%3A%22100%22%7D%2C%7B%22label%22%3A%22Volvo%20-%2052%20Fahrzeuge%22%2C%22value%22%3A%2263%22%2C%22color%22%3A%22bar_turquoise%22%7D%2C%7B%22label%22%3A%22Mercedes%20-%2046%20Fahrzeuge%22%2C%22value%22%3A%2256%22%2C%22color%22%3A%22bar_grey%22%2C%22customcolor%22%3A%22%23f4bb1d%22%2C%22customtxtcolor%22%3A%22%23003366%22%7D%2C%7B%22label%22%3A%22MAN%20-%2028%20Fahrzeuge%22%2C%22value%22%3A%2234%22%2C%22color%22%3A%22custom%22%2C%22customcolor%22%3A%22%23003366%22%7D%2C%7B%22label%22%3A%22DAF%20-%206%20Fahrzeuge%22%2C%22value%22%3A%227%22%2C%22color%22%3A%22custom%22%2C%22customcolor%22%3A%22%23f4bb1d%22%2C%22customtxtcolor%22%3A%22%23003366%22%7D%5D&#8220; bgcolor=&#8220;custom&#8220; options=&#8220;striped&#8220; custombgcolor=&#8220;#e31e24&#8243; customtxtcolor=&#8220;#ffffff&#8220;][\/vc_column][\/vc_row][vc_row tm_bgcolor=&#8220;darkgrey&#8220; tm_bgimagefixed=&#8220;&#8220; full_width=&#8220;stretch_row&#8220; css=&#8220;.vc_custom_1559634065723{padding-top: 65px !important;padding-bottom: 95px !important;}&#8220; tm_responsive_css=&#8220;61362423|colbreak_no|||||||||colbreak_no|||||40px||||colbreak_no||||||||||colbreak_no|||||||||&#8220;][vc_column width=&#8220;1\/12&#8243;][\/vc_column][vc_column width=&#8220;5\/6&#8243;]<div class=\"tm-element-heading-wrapper tm-heading-inner tm-element-align-center tm-seperator-solid tm-heading-style-vertical \"><section class=\"tm-vc_cta3-container\"><div class=\"tm-vc_general tm-vc_cta3 tm-cta3-only tm-vc_cta3-style-classic tm-vc_cta3-shape-rounded tm-vc_cta3-align-center tm-vc_cta3-color-transparent tm-vc_cta3-icon-size-md tm-vc_cta3-actions-no tm-cta3-with-desc\"><div class=\"tm-vc_cta3_content-container\"><div class=\"tm-vc_cta3-content\"><header class=\"tm-vc_cta3-content-header tm-wrap\"><div class=\"tm-vc_cta3-headers tm-wrap-cell\"><h4 class=\"tm-custom-heading \" >ALLE FAHRZEUGE<\/h4>\n<h2 class=\"tm-custom-heading \" >Photogalerie unserer Fahrzeuge<\/h2>\n<\/div><\/header><div class=\"tm-cta3-content-wrapper\"><p>Die Flotte wird regelm\u00e4\u00dfig und je nach Bedarf erneuert, und die Fahrzeuge werden regelm\u00e4\u00dfigen Inspektionen und Servicearbeiten unterzogen.<\/p><\/div><\/div><\/div><\/div><\/section><\/div> <!-- .tm-element-heading-wrapper container --> [\/vc_column][vc_column width=&#8220;1\/12&#8243;][\/vc_column][\/vc_row][vc_row tm_bgimagefixed=&#8220;&#8220; break_in_responsive=&#8220;1200&#8243; full_width=&#8220;stretch_row&#8220; css=&#8220;.vc_custom_1559634857870{padding-top: 0px !important;}&#8220; el_class=&#8220;flotila&#8220;][vc_column css=&#8220;.vc_custom_1548915168462{margin-top: -70px !important;}&#8220;]<div class=\"themetechmount-boxes themetechmount-boxes-team themetechmount-boxes-view-carousel themetechmount-boxes-col-three themetechmount-boxes-sortable-no themetechmount-boxes-textalign-center tm-boxes-carousel-arrows-hide\" data-tm-speed=\"1500\" data-tm-autoplay=\"1\" data-tm-autoplayspeed=\"4500\" data-tm-loop=\"1\" data-tm-dots=\"1\" data-tm-nav=\"hide\" data-tm-centermode=\"0\" data-tm-centerpadding=\"300\" data-tm-pauseonfocus=\"1\" data-tm-pauseonhover=\"1\" data-tm-slidestoscroll=\"column\" data-tm-effecttype=\"slide\">\n\t\t<div class=\"themetechmount-boxes-inner themetechmount-boxes-team-inner \">\n\t\t\t\n\t\t\t<div class=\"row multi-columns-row themetechmount-boxes-row-wrapper\">\n\t\t\t\t<div class=\"tm-box-col-wrapper col-lg-4 col-sm-6 col-md-4 col-xs-12 fahrzeugflotte\"><article class=\"themetechmount-box themetechmount-box-team themetechmount-teambox-view-overlay\">\n\t<div class=\"themetechmount-post-item\">\n\t\t<div class=\"themetechmount-team-image-box\">\n\t\t\t\n\t\t<span class=\"themetechmount-item-thumbnail\">\n\t\t\t<span class=\"themetechmount-item-thumbnail-inner\">\n\t\t\t\t<img fetchpriority=\"high\" decoding=\"async\" width=\"480\" height=\"590\" src=\"https:\/\/vchd.cz\/wp-content\/uploads\/2020\/06\/IMG_4602-480x590.jpeg\" class=\"attachment-themetechmount-img-team-member size-themetechmount-img-team-member wp-post-image\" alt=\"\" data-id=\"6851\" \/>\n\t\t\t<\/span>\n\t\t<\/span>\t\n\t\t<\/div>\t\n\t\t<div class=\"themetechmount-box-content\">\n\t\t\t<div class=\"themetechmount-box-title\"><h4><a href=\"https:\/\/vchd.cz\/de\/kariera\/mercedes-2\/\">MERCEDES<\/a><\/h4><\/div>\t\t\t<div class=\"themetechmount-team-position\"><\/div>\n\t\t\t\t\t<\/div>\n\t<\/div>\n<\/article>\n <\/div><div class=\"tm-box-col-wrapper col-lg-4 col-sm-6 col-md-4 col-xs-12 fahrzeugflotte\"><article class=\"themetechmount-box themetechmount-box-team themetechmount-teambox-view-overlay\">\n\t<div class=\"themetechmount-post-item\">\n\t\t<div class=\"themetechmount-team-image-box\">\n\t\t\t\n\t\t<span class=\"themetechmount-item-thumbnail\">\n\t\t\t<span class=\"themetechmount-item-thumbnail-inner\">\n\t\t\t\t<img decoding=\"async\" width=\"480\" height=\"530\" src=\"https:\/\/vchd.cz\/wp-content\/uploads\/2019\/09\/volvo-480x530.jpg\" class=\"attachment-themetechmount-img-team-member size-themetechmount-img-team-member wp-post-image\" alt=\"\" srcset=\"https:\/\/vchd.cz\/wp-content\/uploads\/2019\/09\/volvo.jpg 480w, https:\/\/vchd.cz\/wp-content\/uploads\/2019\/09\/volvo-272x300.jpg 272w\" sizes=\"(max-width: 480px) 100vw, 480px\" data-id=\"6319\" \/>\n\t\t\t<\/span>\n\t\t<\/span>\t\n\t\t<\/div>\t\n\t\t<div class=\"themetechmount-box-content\">\n\t\t\t<div class=\"themetechmount-box-title\"><h4><a href=\"https:\/\/vchd.cz\/de\/kariera\/volvo\/\">VOLVO<\/a><\/h4><\/div>\t\t\t<div class=\"themetechmount-team-position\"><\/div>\n\t\t\t\t\t<\/div>\n\t<\/div>\n<\/article>\n <\/div><div class=\"tm-box-col-wrapper col-lg-4 col-sm-6 col-md-4 col-xs-12 fahrzeugflotte\"><article class=\"themetechmount-box themetechmount-box-team themetechmount-teambox-view-overlay\">\n\t<div class=\"themetechmount-post-item\">\n\t\t<div class=\"themetechmount-team-image-box\">\n\t\t\t\n\t\t<span class=\"themetechmount-item-thumbnail\">\n\t\t\t<span class=\"themetechmount-item-thumbnail-inner\">\n\t\t\t\t<img decoding=\"async\" width=\"480\" height=\"530\" src=\"https:\/\/vchd.cz\/wp-content\/uploads\/2019\/09\/daf-480x530.jpg\" class=\"attachment-themetechmount-img-team-member size-themetechmount-img-team-member wp-post-image\" alt=\"\" srcset=\"https:\/\/vchd.cz\/wp-content\/uploads\/2019\/09\/daf.jpg 480w, https:\/\/vchd.cz\/wp-content\/uploads\/2019\/09\/daf-272x300.jpg 272w\" sizes=\"(max-width: 480px) 100vw, 480px\" data-id=\"6316\" \/>\n\t\t\t<\/span>\n\t\t<\/span>\t\n\t\t<\/div>\t\n\t\t<div class=\"themetechmount-box-content\">\n\t\t\t<div class=\"themetechmount-box-title\"><h4><a href=\"https:\/\/vchd.cz\/de\/kariera\/daf\/\">DAF<\/a><\/h4><\/div>\t\t\t<div class=\"themetechmount-team-position\"><\/div>\n\t\t\t\t\t<\/div>\n\t<\/div>\n<\/article>\n <\/div><div class=\"tm-box-col-wrapper col-lg-4 col-sm-6 col-md-4 col-xs-12 fahrzeugflotte\"><article class=\"themetechmount-box themetechmount-box-team themetechmount-teambox-view-overlay\">\n\t<div class=\"themetechmount-post-item\">\n\t\t<div class=\"themetechmount-team-image-box\">\n\t\t\t\n\t\t<span class=\"themetechmount-item-thumbnail\">\n\t\t\t<span class=\"themetechmount-item-thumbnail-inner\">\n\t\t\t\t<img loading=\"lazy\" decoding=\"async\" width=\"480\" height=\"530\" src=\"https:\/\/vchd.cz\/wp-content\/uploads\/2019\/09\/man-480x530.jpg\" class=\"attachment-themetechmount-img-team-member size-themetechmount-img-team-member wp-post-image\" alt=\"\" srcset=\"https:\/\/vchd.cz\/wp-content\/uploads\/2019\/09\/man.jpg 480w, https:\/\/vchd.cz\/wp-content\/uploads\/2019\/09\/man-272x300.jpg 272w\" sizes=\"(max-width: 480px) 100vw, 480px\" data-id=\"6313\" \/>\n\t\t\t<\/span>\n\t\t<\/span>\t\n\t\t<\/div>\t\n\t\t<div class=\"themetechmount-box-content\">\n\t\t\t<div class=\"themetechmount-box-title\"><h4><a href=\"https:\/\/vchd.cz\/de\/kariera\/man\/\">MAN<\/a><\/h4><\/div>\t\t\t<div class=\"themetechmount-team-position\"><\/div>\n\t\t\t\t\t<\/div>\n\t<\/div>\n<\/article>\n <\/div>\n\t\t\t<\/div>\n\t\t<\/div><!-- .themetechmount-boxes-inner -->   <\/div><!-- .themetechmount-boxes -->  [\/vc_column][\/vc_row]<\/p>\n<\/div>","protected":false},"excerpt":{"rendered":"<p>[vc_row tm_bgimage_position=&#8220;center_bottom&#8220; tm_bgimagefixed=&#8220;&#8220; break_in_responsive=&#8220;991&#8243; full_width=&#8220;stretch_row&#8220; css=&#8220;.vc_custom_1564762733543{margin-top: -125px !important;padding-top: 0px !important;padding-bottom: 0px !important;background-position: center !important;background-repeat: no-repeat !important;background-size: cover !important;}&#8220; tm_responsive_css=&#8220;26679976|colbreak_no|||||||||colbreak_no|||||10px||40px||colbreak_no||||||||||colbreak_no|||||||||&#8220;][vc_column tm_shadow=&#8220;yes&#8220; width=&#8220;1\/3&#8243;][\/vc_column][vc_column tm_shadow=&#8220;yes&#8220; width=&#8220;1\/3&#8243; tm_responsive_css=&#8220;90353025|colbreak_no|||||||||colbreak_no|||||20px||20px||colbreak_no||||||||||colbreak_no|||||||||&#8220;][\/vc_column][vc_column tm_shadow=&#8220;yes&#8220; width=&#8220;1\/3&#8243;][\/vc_column][\/vc_row][vc_row tm_bgimagefixed=&#8220;&#8220; break_in_responsive=&#8220;991&#8243; full_width=&#8220;stretch_row&#8220; tm_responsive_css=&#8220;59354957|colbreak_no|||||||||colbreak_no|||||40px||||colbreak_no||||||||||colbreak_no|||||||||&#8220; css=&#8220;.vc_custom_1561365550364{padding-bottom: 40px !important;}&#8220;][vc_column reduce_extra_padding=&#8220;991&#8243; width=&#8220;5\/12&#8243; css=&#8220;.vc_custom_1548237107691{background-position: center !important;background-repeat: no-repeat !important;background-size: cover !important;}&#8220;][vc_single_image image=&#8220;3933&#8243; img_size=&#8220;full&#8220; alignment=&#8220;center&#8220;][\/vc_column][vc_column reduce_extra_padding=&#8220;991&#8243; width=&#8220;7\/12&#8243; css=&#8220;.vc_custom_1548237062663{padding-left: 35px !important;}&#8220;][vc_column_text]Die Gesellschaft VCHD Cargo verf\u00fcgt \u00fcber &hellip; <a href=\"https:\/\/vchd.cz\/de\/kariera\/man\/\" class=\"more-link\">Continue reading <span class=\"screen-reader-text\">MAN<\/span><\/a><\/p>\n","protected":false},"author":7,"featured_media":0,"parent":0,"menu_order":0,"comment_status":"open","ping_status":"open","template":"","meta":{"footnotes":""},"class_list":["post-5859","page","type-page","status-publish","hentry"],"_links":{"self":[{"href":"https:\/\/vchd.cz\/de\/wp-json\/wp\/v2\/pages\/5859","targetHints":{"allow":["GET"]}}],"collection":[{"href":"https:\/\/vchd.cz\/de\/wp-json\/wp\/v2\/pages"}],"about":[{"href":"https:\/\/vchd.cz\/de\/wp-json\/wp\/v2\/types\/page"}],"author":[{"embeddable":true,"href":"https:\/\/vchd.cz\/de\/wp-json\/wp\/v2\/users\/7"}],"replies":[{"embeddable":true,"href":"https:\/\/vchd.cz\/de\/wp-json\/wp\/v2\/comments?post=5859"}],"version-history":[{"count":0,"href":"https:\/\/vchd.cz\/de\/wp-json\/wp\/v2\/pages\/5859\/revisions"}],"wp:attachment":[{"href":"https:\/\/vchd.cz\/de\/wp-json\/wp\/v2\/media?parent=5859"}],"curies":[{"name":"wp","href":"https:\/\/api.w.org\/{rel}","templated":true}]}}