{"id":5860,"date":"2019-06-04T00:00:00","date_gmt":"2019-06-03T22:00:00","guid":{"rendered":"http:\/\/vchd.cz\/pojisteni-a-certifikace\/"},"modified":"2026-03-16T12:58:19","modified_gmt":"2026-03-16T11:58:19","slug":"pojisteni-a-certifikace","status":"publish","type":"page","link":"https:\/\/vchd.cz\/de\/versicherung-und-zertifizierung","title":{"rendered":"Versicherung und Zertifizierung"},"content":{"rendered":"<div class=\"wpb-content-wrapper\"><p>[vc_row tm_bgimagefixed=&#8220;&#8220; break_in_responsive=&#8220;991&#8243; full_width=&#8220;stretch_row&#8220; tm_responsive_css=&#8220;10323992|colbreak_no|||||||||colbreak_no|||||40px||25px||colbreak_no|||||40px|||||colbreak_no|||||||||&#8220; css=&#8220;.vc_custom_1566808303438{background-image: url(https:\/\/www.vchd.cz\/wp-content\/uploads\/2019\/06\/bg.jpg?id=3927) !important;background-position: center !important;background-repeat: no-repeat !important;background-size: cover !important;}&#8220; el_id=&#8220;udaje&#8220;][vc_column width=&#8220;1\/3&#8243;]<h2 style=\"text-align:left;font-size:26px;line-height:48px;font-family:'Poppins',Arial,Helvetica;font-weight:600;\" class=\"tm-custom-heading \" >Registrierungsdaten der Firma:<\/h2>\n<ul class=\"tm-list tm-list-style-icon tm-list-icon-color-skincolor tm- tm-icon-skincolor tm-list-textsize-large tm-list-icon-library-themify\"><li><i class=\"tm-skincolor themifyicon ti-angle-double-right\"><\/i>  <span class=\"tm-list-li-content\"><b>Titel:<\/b> VCHD Cargo a.s.<\/span><\/li><li><i class=\"tm-skincolor themifyicon ti-angle-double-right\"><\/i>  <span class=\"tm-list-li-content\"><b>Gesch\u00e4ftsadresse:<\/b> \u017delez\u00e1rensk\u00e1 315, 272 01 Kladno<\/span><\/li><li><i class=\"tm-skincolor themifyicon ti-angle-double-right\"><\/i>  <span class=\"tm-list-li-content\"><b>DI\u010c:<\/b> CZ 272 31 551<\/span><\/li><li><i class=\"tm-skincolor themifyicon ti-angle-double-right\"><\/i>  <span class=\"tm-list-li-content\"><b>I\u010c:<\/b> 272 31 551<\/span><\/li><li><i class=\"tm-skincolor themifyicon ti-angle-double-right\"><\/i>  <span class=\"tm-list-li-content\"><b>Registrierungsdetails:<\/b> Die Gesellschaft ist im Handelsregister des Amtsgerichts in Prag, Abteilung B, Aktenzeichen 9876 eingetragen<\/span><\/li><li><i class=\"tm-skincolor themifyicon ti-angle-double-right\"><\/i>  <span class=\"tm-list-li-content\"><b>Datum der Registrierung:<\/b> 28.4.2005<\/span><\/li><\/ul><h2 style=\"text-align:left;font-size:26px;line-height:48px;font-family:'Poppins',Arial,Helvetica;font-weight:600;\" class=\"tm-custom-heading \" >Registrierungsdaten der Firma:<\/h2>\n<ul class=\"tm-list tm-list-style-icon tm-list-icon-color-skincolor tm- tm-icon-skincolor tm-list-textsize-large tm-list-icon-library-themify\"><li><i class=\"tm-skincolor themifyicon ti-angle-double-right\"><\/i>  <span class=\"tm-list-li-content\"><b>Titel:<\/b> VCHD Cargo GmbH <\/span><\/li><li><i class=\"tm-skincolor themifyicon ti-angle-double-right\"><\/i>  <span class=\"tm-list-li-content\"><b>Gesch\u00e4ftsadresse:<\/b> Dirsr\u00f6der Feld 3, 36304 Alsfeld<\/span><\/li><li><i class=\"tm-skincolor themifyicon ti-angle-double-right\"><\/i>  <span class=\"tm-list-li-content\"><b>USt.-IdNr.:<\/b> DE322357596<\/span><\/li><li><i class=\"tm-skincolor themifyicon ti-angle-double-right\"><\/i>  <span class=\"tm-list-li-content\"><b>Registrierungsdetails:<\/b> ie Gesellschaft ist im Handelsregister des Stadtgerichts in Gie\u00dfen, HRB 11445 eingetragen.<\/span><\/li><li><i class=\"tm-skincolor themifyicon ti-angle-double-right\"><\/i>  <span class=\"tm-list-li-content\"><b>Datum der Registrierung:<\/b> 16.1.2019<\/span><\/li><\/ul>[\/vc_column][vc_column reduce_extra_padding=&#8220;991&#8243; width=&#8220;2\/3&#8243; css=&#8220;.vc_custom_1549027133600{padding-left: 5px !important;}&#8220;]<div class=\"tm-element-heading-wrapper tm-heading-inner tm-element-align-left tm-seperator-solid tm-heading-style-vertical \"><section class=\"tm-vc_cta3-container\"><div class=\"tm-vc_general tm-vc_cta3 tm-cta3-only tm-vc_cta3-style-classic tm-vc_cta3-shape-rounded tm-vc_cta3-align-left tm-vc_cta3-color-transparent tm-vc_cta3-icon-size-md tm-vc_cta3-actions-no tm-cta3-without-desc\"><div class=\"tm-vc_cta3_content-container\"><div class=\"tm-vc_cta3-content\"><header class=\"tm-vc_cta3-content-header tm-wrap\"><div class=\"tm-vc_cta3-headers tm-wrap-cell\"><h4 class=\"tm-custom-heading \" >MIT VCHD CARGO IST IHRE WARENSENDUNG SICHER<\/h4>\n<h2 class=\"tm-custom-heading \" >Versicherung und Zertifizierung<\/h2>\n<\/div><\/header><\/div><\/div><\/div><\/section><\/div> <!-- .tm-element-heading-wrapper container --> [vc_column_text]Alle von der Gesellschaft bef\u00f6rderten Sendungen werden sorgf\u00e4ltig gesichert und durch unsere Haftpflichtversicherung f\u00fcr inl\u00e4ndische und internationale Transportleistungen, einschlie\u00dflich der Kabotagetransporte, bis zu 600.000 EUR versichert.<\/p>\n<p>Unsere Gesellschaft ist ein von der Zivilluftfahrtbeh\u00f6rde der Tschechischen Republik zugelassenes Transportunternehmen f\u00fcr die Bef\u00f6rderung von G\u00fctern und Sendungen, die gem\u00e4\u00df der Verordnung (EG) Nr. 300\/2008 des Europ\u00e4ischen Parlaments und des Rates und deren Durchf\u00fchrungsbestimmungen den Sicherheitskontrollen unterliegen.<\/p>\n<p>Jedes Jahr erh\u00e4lt VCHD Cargo die beste Bewertung \u201eCzech Stability Award\u201c.<\/p>\n<p>Die VCHD Cargo strebt immer eine f\u00fcr beide Seiten vorteilhafte Zusammenarbeit an. Unsere Gesellschaft sch\u00e4tzt ihren guten Ruf und ist stets voll verantwortlich f\u00fcr ihre Verpflichtungen. Dieser Ansatz von VCHD Cargo erm\u00f6glicht es, unseren Kunden rechtliche und finanzielle Garantien zu gew\u00e4hren.<\/p>\n<blockquote><p><i>VCHD Cargo &#8211; ein zuverl\u00e4ssiges Team, das sich als das Beste herausstellt!<\/i><\/p><\/blockquote>\n<p>[\/vc_column_text]<section class=\"tm-vc_cta3-container certifikaty\"><div class=\"tm-vc_general tm-vc_cta3 tm-cta3-only tm-vc_cta3-style-classic tm-vc_cta3-shape-square tm-vc_cta3-align-left tm-vc_cta3-color-transparent tm-vc_cta3-icon-size-md tm-vc_cta3-icons-left tm-vc_cta3-actions-right tm-cta3-without-desc\"><div class=\"tm-vc_cta3-icons tm-wrap-cell\"><div class=\"tm-vc_icon_element tm-vc_icon_element-outer tm-vc_icon_element-align-left \"><div class=\"tm-vc_icon_element-inner  tm-vc_icon_element-color-skincolor tm-vc_icon_element-size-md tm-vc_icon_element-style- tm-vc_icon_element-background-color-grey\" ><span class=\"tm-vc_icon_element-icon fa fa-file-pdf-o\" ><\/span><\/div><\/div><\/div><div class=\"tm-vc_cta3_content-container\"><div class=\"tm-vc_cta3-content\"><header class=\"tm-vc_cta3-content-header tm-wrap\"><div class=\"tm-vc_cta3-headers tm-wrap-cell\"><h4 class=\"tm-custom-heading \" >Haftpflichtversicherung VCHD Cargo a.s.<\/h4>\n<\/div><\/header><\/div><div class=\"tm-vc_cta3-actions\">\n\t\t<div class=\"tm-vc_btn3-container tm-vc_btn3-inline\"><a class=\"tm-vc_general tm-vc_btn3 tm-vc_btn3-size-md tm-vc_btn3-shape-round tm-vc_btn3-style-flat tm-vc_btn3-weight-no tm-vc_btn3-color-skincolor\" href=\"https:\/\/vchd.cz\/wp-content\/uploads\/2026\/02\/Cert.-VCHD-final.pdf\" title=\"Versicherung\" target=\"_blank\">PDF HERUNTERLADEN<\/a><\/div><\/div><\/div><\/div><\/section><section class=\"tm-vc_cta3-container certifikaty\"><div class=\"tm-vc_general tm-vc_cta3 tm-cta3-only tm-vc_cta3-style-classic tm-vc_cta3-shape-square tm-vc_cta3-align-left tm-vc_cta3-color-transparent tm-vc_cta3-icon-size-md tm-vc_cta3-icons-left tm-vc_cta3-actions-right tm-cta3-without-desc\"><div class=\"tm-vc_cta3-icons tm-wrap-cell\"><div class=\"tm-vc_icon_element tm-vc_icon_element-outer tm-vc_icon_element-align-left \"><div class=\"tm-vc_icon_element-inner  tm-vc_icon_element-color-skincolor tm-vc_icon_element-size-md tm-vc_icon_element-style- tm-vc_icon_element-background-color-grey\" ><span class=\"tm-vc_icon_element-icon fa fa-file-pdf-o\" ><\/span><\/div><\/div><\/div><div class=\"tm-vc_cta3_content-container\"><div class=\"tm-vc_cta3-content\"><header class=\"tm-vc_cta3-content-header tm-wrap\"><div class=\"tm-vc_cta3-headers tm-wrap-cell\"><h4 class=\"tm-custom-heading \" >Haftpflichtversicherung VCHD Cargo GmbH<\/h4>\n<\/div><\/header><\/div><div class=\"tm-vc_cta3-actions\">\n\t\t<div class=\"tm-vc_btn3-container tm-vc_btn3-inline\"><a class=\"tm-vc_general tm-vc_btn3 tm-vc_btn3-size-md tm-vc_btn3-shape-round tm-vc_btn3-style-flat tm-vc_btn3-weight-no tm-vc_btn3-color-skincolor\" href=\"https:\/\/vchd.cz\/wp-content\/uploads\/2026\/03\/761-84-355636518-Versicherungsbestatigung-VHV-BHV-1.pdf\" title=\"\">PDF HERUNTERLADEN<\/a><\/div><\/div><\/div><\/div><\/section><section class=\"tm-vc_cta3-container certifikaty\"><div class=\"tm-vc_general tm-vc_cta3 tm-cta3-only tm-vc_cta3-style-classic tm-vc_cta3-shape-square tm-vc_cta3-align-left tm-vc_cta3-color-transparent tm-vc_cta3-icon-size-md tm-vc_cta3-icons-left tm-vc_cta3-actions-right tm-cta3-without-desc\"><div class=\"tm-vc_cta3-icons tm-wrap-cell\"><div class=\"tm-vc_icon_element tm-vc_icon_element-outer tm-vc_icon_element-align-left \"><div class=\"tm-vc_icon_element-inner  tm-vc_icon_element-color-skincolor tm-vc_icon_element-size-md tm-vc_icon_element-style- tm-vc_icon_element-background-color-grey\" ><span class=\"tm-vc_icon_element-icon fa fa-file-pdf-o\" ><\/span><\/div><\/div><\/div><div class=\"tm-vc_cta3_content-container\"><div class=\"tm-vc_cta3-content\"><header class=\"tm-vc_cta3-content-header tm-wrap\"><div class=\"tm-vc_cta3-headers tm-wrap-cell\"><h4 class=\"tm-custom-heading \" >EU-Lizenz VCHD Cargo a.s.<\/h4>\n<\/div><\/header><\/div><div class=\"tm-vc_cta3-actions\">\n\t\t<div class=\"tm-vc_btn3-container tm-vc_btn3-inline\"><a class=\"tm-vc_general tm-vc_btn3 tm-vc_btn3-size-md tm-vc_btn3-shape-round tm-vc_btn3-style-flat tm-vc_btn3-weight-no tm-vc_btn3-color-skincolor\" href=\"\/wp-content\/uploads\/2019\/08\/EUROLICENCE-VCHD.pdf\" title=\"\">PDF HERUNTERLADEN<\/a><\/div><\/div><\/div><\/div><\/section><section class=\"tm-vc_cta3-container certifikaty\"><div class=\"tm-vc_general tm-vc_cta3 tm-cta3-only tm-vc_cta3-style-classic tm-vc_cta3-shape-square tm-vc_cta3-align-left tm-vc_cta3-color-transparent tm-vc_cta3-icon-size-md tm-vc_cta3-icons-left tm-vc_cta3-actions-right tm-cta3-without-desc\"><div class=\"tm-vc_cta3-icons tm-wrap-cell\"><div class=\"tm-vc_icon_element tm-vc_icon_element-outer tm-vc_icon_element-align-left \"><div class=\"tm-vc_icon_element-inner  tm-vc_icon_element-color-skincolor tm-vc_icon_element-size-md tm-vc_icon_element-style- tm-vc_icon_element-background-color-grey\" ><span class=\"tm-vc_icon_element-icon fa fa-file-pdf-o\" ><\/span><\/div><\/div><\/div><div class=\"tm-vc_cta3_content-container\"><div class=\"tm-vc_cta3-content\"><header class=\"tm-vc_cta3-content-header tm-wrap\"><div class=\"tm-vc_cta3-headers tm-wrap-cell\"><h4 class=\"tm-custom-heading \" >EU-Lizenz VCHD Cargo GmbH<\/h4>\n<\/div><\/header><\/div><div class=\"tm-vc_cta3-actions\">\n\t\t<div class=\"tm-vc_btn3-container tm-vc_btn3-inline\"><a class=\"tm-vc_general tm-vc_btn3 tm-vc_btn3-size-md tm-vc_btn3-shape-round tm-vc_btn3-style-flat tm-vc_btn3-weight-no tm-vc_btn3-color-skincolor\" href=\"https:\/\/vchd.cz\/wp-content\/uploads\/2024\/07\/EU-Lizenz-Dirsroder-Feld-3-bis-06-29.pdf\" title=\"\">PDF HERUNTERLADEN<\/a><\/div><\/div><\/div><\/div><\/section><section class=\"tm-vc_cta3-container certifikaty\"><div class=\"tm-vc_general tm-vc_cta3 tm-cta3-only tm-vc_cta3-style-classic tm-vc_cta3-shape-square tm-vc_cta3-align-left tm-vc_cta3-color-transparent tm-vc_cta3-icon-size-md tm-vc_cta3-icons-left tm-vc_cta3-actions-right tm-cta3-without-desc\"><div class=\"tm-vc_cta3-icons tm-wrap-cell\"><div class=\"tm-vc_icon_element tm-vc_icon_element-outer tm-vc_icon_element-align-left \"><div class=\"tm-vc_icon_element-inner  tm-vc_icon_element-color-skincolor tm-vc_icon_element-size-md tm-vc_icon_element-style- tm-vc_icon_element-background-color-grey\" ><span class=\"tm-vc_icon_element-icon fa fa-file-pdf-o\" ><\/span><\/div><\/div><\/div><div class=\"tm-vc_cta3_content-container\"><div class=\"tm-vc_cta3-content\"><header class=\"tm-vc_cta3-content-header tm-wrap\"><div class=\"tm-vc_cta3-headers tm-wrap-cell\"><h4 class=\"tm-custom-heading \" >Verhaltenskodex VCHD Cargo<\/h4>\n<\/div><\/header><\/div><div class=\"tm-vc_cta3-actions\">\n\t\t<div class=\"tm-vc_btn3-container tm-vc_btn3-inline\"><a class=\"tm-vc_general tm-vc_btn3 tm-vc_btn3-size-md tm-vc_btn3-shape-round tm-vc_btn3-style-flat tm-vc_btn3-weight-no tm-vc_btn3-color-skincolor\" href=\"https:\/\/vchd.cz\/wp-content\/uploads\/2024\/04\/Code-of-Conduct-VCHD-Cargo-04.2024.pdf\" title=\"Code of Conduct\" target=\"_blank\">PDF HERUNTERLADEN<\/a><\/div><\/div><\/div><\/div><\/section><section class=\"tm-vc_cta3-container certifikaty\"><div class=\"tm-vc_general tm-vc_cta3 tm-cta3-only tm-vc_cta3-style-classic tm-vc_cta3-shape-square tm-vc_cta3-align-left tm-vc_cta3-color-transparent tm-vc_cta3-icon-size-md tm-vc_cta3-icons-left tm-vc_cta3-actions-right tm-cta3-without-desc\"><div class=\"tm-vc_cta3-icons tm-wrap-cell\"><div class=\"tm-vc_icon_element tm-vc_icon_element-outer tm-vc_icon_element-align-left \"><div class=\"tm-vc_icon_element-inner  tm-vc_icon_element-color-skincolor tm-vc_icon_element-size-md tm-vc_icon_element-style- tm-vc_icon_element-background-color-grey\" ><span class=\"tm-vc_icon_element-icon fa fa-file-pdf-o\" ><\/span><\/div><\/div><\/div><div class=\"tm-vc_cta3_content-container\"><div class=\"tm-vc_cta3-content\"><header class=\"tm-vc_cta3-content-header tm-wrap\"><div class=\"tm-vc_cta3-headers tm-wrap-cell\"><h4 class=\"tm-custom-heading \" >Dun &amp; Bradstreet highest creditworthiness certificate<\/h4>\n<\/div><\/header><\/div><div class=\"tm-vc_cta3-actions\">\n\t\t<div class=\"tm-vc_btn3-container tm-vc_btn3-inline\"><a class=\"tm-vc_general tm-vc_btn3 tm-vc_btn3-size-md tm-vc_btn3-shape-round tm-vc_btn3-style-flat tm-vc_btn3-weight-no tm-vc_btn3-color-skincolor\" href=\"https:\/\/vchd.cz\/wp-content\/uploads\/2024\/02\/Dun-Bradstreet-VCHD-Cargo-Digital-Certificate-EN.pdf\" title=\"Dun &amp; Bradstreet AAA-Platinum Excellence Certificate\" target=\"_blank\">PDF HERUNTERLADEN<\/a><\/div><\/div><\/div><\/div><\/section><section class=\"tm-vc_cta3-container certifikaty\"><div class=\"tm-vc_general tm-vc_cta3 tm-cta3-only tm-vc_cta3-style-classic tm-vc_cta3-shape-square tm-vc_cta3-align-left tm-vc_cta3-color-transparent tm-vc_cta3-icon-size-md tm-vc_cta3-icons-left tm-vc_cta3-actions-right tm-cta3-without-desc\"><div class=\"tm-vc_cta3-icons tm-wrap-cell\"><div class=\"tm-vc_icon_element tm-vc_icon_element-outer tm-vc_icon_element-align-left \"><div class=\"tm-vc_icon_element-inner  tm-vc_icon_element-color-skincolor tm-vc_icon_element-size-md tm-vc_icon_element-style- tm-vc_icon_element-background-color-grey\" ><span class=\"tm-vc_icon_element-icon fa fa-file-pdf-o\" ><\/span><\/div><\/div><\/div><div class=\"tm-vc_cta3_content-container\"><div class=\"tm-vc_cta3-content\"><header class=\"tm-vc_cta3-content-header tm-wrap\"><div class=\"tm-vc_cta3-headers tm-wrap-cell\"><h4 class=\"tm-custom-heading \" >Regionale Veterin\u00e4rverwaltung_Zulassungsbescheinigung des Bef\u00f6rderers VCHD Cargo<\/h4>\n<\/div><\/header><\/div><div class=\"tm-vc_cta3-actions\">\n\t\t<div class=\"tm-vc_btn3-container tm-vc_btn3-inline\"><a class=\"tm-vc_general tm-vc_btn3 tm-vc_btn3-size-md tm-vc_btn3-shape-round tm-vc_btn3-style-flat tm-vc_btn3-weight-no tm-vc_btn3-color-skincolor\" href=\"https:\/\/vchd.cz\/wp-content\/uploads\/2024\/01\/Krajska-veterinarni-sprava_doklad-o-registraci-dopravce-VCHD-Cargo.pdf\" title=\"\" target=\"_blank\">PDF HERUNTERLADEN<\/a><\/div><\/div><\/div><\/div><\/section>[\/vc_column][\/vc_row]<\/p>\n<\/div>","protected":false},"excerpt":{"rendered":"<p>[vc_row tm_bgimagefixed=&#8220;&#8220; break_in_responsive=&#8220;991&#8243; full_width=&#8220;stretch_row&#8220; tm_responsive_css=&#8220;10323992|colbreak_no|||||||||colbreak_no|||||40px||25px||colbreak_no|||||40px|||||colbreak_no|||||||||&#8220; css=&#8220;.vc_custom_1566808303438{background-image: url(https:\/\/www.vchd.cz\/wp-content\/uploads\/2019\/06\/bg.jpg?id=3927) !important;background-position: center !important;background-repeat: no-repeat !important;background-size: cover !important;}&#8220; el_id=&#8220;udaje&#8220;][vc_column width=&#8220;1\/3&#8243;][\/vc_column][vc_column reduce_extra_padding=&#8220;991&#8243; width=&#8220;2\/3&#8243; css=&#8220;.vc_custom_1549027133600{padding-left: 5px !important;}&#8220;][vc_column_text]Alle von der Gesellschaft bef\u00f6rderten Sendungen werden sorgf\u00e4ltig gesichert und durch unsere Haftpflichtversicherung f\u00fcr inl\u00e4ndische und internationale Transportleistungen, einschlie\u00dflich der Kabotagetransporte, bis zu 600.000 EUR versichert. Unsere Gesellschaft ist ein von der Zivilluftfahrtbeh\u00f6rde der Tschechischen &hellip; <a href=\"https:\/\/vchd.cz\/de\/versicherung-und-zertifizierung\" class=\"more-link\">Continue reading <span class=\"screen-reader-text\">Versicherung und Zertifizierung<\/span><\/a><\/p>\n","protected":false},"author":7,"featured_media":0,"parent":0,"menu_order":0,"comment_status":"open","ping_status":"open","template":"","meta":{"footnotes":""},"class_list":["post-5860","page","type-page","status-publish","hentry"],"_links":{"self":[{"href":"https:\/\/vchd.cz\/de\/wp-json\/wp\/v2\/pages\/5860","targetHints":{"allow":["GET"]}}],"collection":[{"href":"https:\/\/vchd.cz\/de\/wp-json\/wp\/v2\/pages"}],"about":[{"href":"https:\/\/vchd.cz\/de\/wp-json\/wp\/v2\/types\/page"}],"author":[{"embeddable":true,"href":"https:\/\/vchd.cz\/de\/wp-json\/wp\/v2\/users\/7"}],"replies":[{"embeddable":true,"href":"https:\/\/vchd.cz\/de\/wp-json\/wp\/v2\/comments?post=5860"}],"version-history":[{"count":2,"href":"https:\/\/vchd.cz\/de\/wp-json\/wp\/v2\/pages\/5860\/revisions"}],"predecessor-version":[{"id":10901,"href":"https:\/\/vchd.cz\/de\/wp-json\/wp\/v2\/pages\/5860\/revisions\/10901"}],"wp:attachment":[{"href":"https:\/\/vchd.cz\/de\/wp-json\/wp\/v2\/media?parent=5860"}],"curies":[{"name":"wp","href":"https:\/\/api.w.org\/{rel}","templated":true}]}}