{"id":5862,"date":"2019-06-04T00:00:00","date_gmt":"2019-06-03T22:00:00","guid":{"rendered":"http:\/\/vchd.cz\/trvale-udrzitelny-rozvoj\/"},"modified":"2019-09-24T12:24:50","modified_gmt":"2019-09-24T10:24:50","slug":"trvale-udrzitelny-rozvoj","status":"publish","type":"page","link":"https:\/\/vchd.cz\/de\/nachhaltige-entwicklung","title":{"rendered":"Nachhaltige Entwicklung"},"content":{"rendered":"<div class=\"wpb-content-wrapper\"><p>[vc_row tm_bgimagefixed=&#8220;&#8220; break_in_responsive=&#8220;991&#8243; full_width=&#8220;stretch_row&#8220; gap=&#8220;35&#8243; tm_responsive_css=&#8220;10323992|colbreak_no|||||||||colbreak_no|||||20px||25px||colbreak_no||||||||||colbreak_no|||||||||&#8220; css=&#8220;.vc_custom_1563286545897{background-image: url(https:\/\/www.vchd.cz\/wp-content\/uploads\/2019\/07\/les.jpg?id=4433) !important;background-position: center !important;background-repeat: no-repeat !important;background-size: cover !important;}&#8220; el_class=&#8220;zelena&#8220;][vc_column width=&#8220;1\/3&#8243;][vc_single_image image=&#8220;4431&#8243; img_size=&#8220;full&#8220;][\/vc_column][vc_column reduce_extra_padding=&#8220;991&#8243; width=&#8220;2\/3&#8243; css=&#8220;.vc_custom_1563286832260{padding-left: 5px !important;}&#8220;]<div class=\"tm-element-heading-wrapper tm-heading-inner tm-element-align-left tm-seperator-solid tm-heading-style-vertical \"><section class=\"tm-vc_cta3-container\"><div class=\"tm-vc_general tm-vc_cta3 tm-cta3-only tm-vc_cta3-style-classic tm-vc_cta3-shape-rounded tm-vc_cta3-align-left tm-vc_cta3-color-transparent tm-vc_cta3-icon-size-md tm-vc_cta3-actions-no tm-cta3-without-desc\"><div class=\"tm-vc_cta3_content-container\"><div class=\"tm-vc_cta3-content\"><header class=\"tm-vc_cta3-content-header tm-wrap\"><div class=\"tm-vc_cta3-headers tm-wrap-cell\"><h4 class=\"tm-custom-heading \" >DIE UMWELT IST UNS NICHT GLEICHG\u00dcLTIG<\/h4>\n<h2 class=\"tm-custom-heading \" >Nachhaltige Entwicklung<\/h2>\n<\/div><\/header><\/div><\/div><\/div><\/section><\/div> <!-- .tm-element-heading-wrapper container --> [vc_column_text css=&#8220;.vc_custom_1566420122707{margin-bottom: 25px !important;}&#8220;]Nachhaltige Entwicklung, einschlie\u00dflich Ma\u00dfnahmen zur Verbesserung der Umwelt, geh\u00f6rt zu Priorit\u00e4ten unseres Unternehmens. Eine Reihe von Ma\u00dfnahmen zum Schutz der Gesundheit der Besch\u00e4ftigen, zum Schutz der Umwelt und zur Minimierung der Umweltauswirkungen des Gesch\u00e4fts von VCHD Cargo bildet die Grundlage unserer Unternehmungsstrategie.<\/p>\n<p>In erster Linie streben wir eine st\u00e4ndige Optimierung der Transportwege mit dem Ziel an, die Anzahl der &#8222;leeren&#8220; Kilometer zu reduzieren und alle Transporteinheiten m\u00f6glichst effizient zu nutzen. Die Gesellschaft hat auch in neue Transportmittel investiert, die den Abgasnormen EURO 6 entsprechen, und hat Ma\u00dfnahmen ergriffen, um Kraftstoffverbrauch zu minimieren. Wir streben einen m\u00f6glichst niedrigen Kraftstoffverbrauch unserer Lastkraftwagen, und \u00fcberwachen daher bei allen Fahrzeugen mehrere Indikatoren, die einen signifikanten Einfluss gerade auf den Kraftstoffverbrauch leisten. Zu solchen Indikatoren z\u00e4hlen:<\/p>\n<ul>\n<li>\u00dcberschreitung der maximalen zul\u00e4ssigen Geschwindigkeit<\/li>\n<li>Zeiten der \u00dcberschreitung der Motordrehzahlen<\/li>\n<li>Leerlaufzeit des Fahrzeugs<\/li>\n<li>Kraftstoffverbrauch bei Tempomatfahrt<\/li>\n<li>Bremsen bei hohen Geschwindigkeiten<\/li>\n<\/ul>\n<p>Die Fahrer werden durch regelm\u00e4\u00dfige Belohnungen und durch andere Firmenbenefits motiviert, diese Indikatoren zu beachten.<\/p>\n<p>In Havl\u00ed\u010dk\u016fv Brod und in Kladno nutzt das Unternehmen auch alternative Energiequellen, n\u00e4mlich jeweils ein eigenes Photovoltaikkraftwerk.[\/vc_column_text][vc_separator color=&#8220;custom&#8220; style=&#8220;dashed&#8220; accent_color=&#8220;#003366&#8243; css=&#8220;.vc_custom_1563286587053{margin-bottom: 25px !important;}&#8220;][vc_row_inner][vc_column_inner]<div class=\"themetechmount-progress-bar vc_progress_bar wpb_content_element vc_progress-bar-color-bar_green vc_progress-bar-color-bar_green\"><div class=\"tm-pbar-single-bar-w tm-pbar-icon-true\"><div class=\"tm-pbar-icon-w\"><div class=\"tm-vc_icon_element tm-vc_icon_element-outer tm-vc_icon_element-align-left \"><div class=\"tm-vc_icon_element-inner  tm-vc_icon_element-color-bar_green tm-vc_icon_element-size-md tm-vc_icon_element-style- tm-vc_icon_element-background-color-grey\" ><span class=\"tm-vc_icon_element-icon fa fa-tree\" ><\/span><\/div><\/div><\/div><div class=\"vc_general vc_single_bar vc_progress-bar-color-bar_green\"><small class=\"vc_label\">LKWs, die die Abgasnorm EURO 6 erf\u00fcllen<\/small> <span class=\"tm-vc_label_units vc_label_units\">100%<\/span><span class=\"vc_bar \" data-percentage-value=\"100\" data-value=\"100\"><\/span><\/div><\/div><\/div>[\/vc_column_inner][\/vc_row_inner][\/vc_column][\/vc_row]<\/p>\n<\/div>","protected":false},"excerpt":{"rendered":"<p>[vc_row tm_bgimagefixed=&#8220;&#8220; break_in_responsive=&#8220;991&#8243; full_width=&#8220;stretch_row&#8220; gap=&#8220;35&#8243; tm_responsive_css=&#8220;10323992|colbreak_no|||||||||colbreak_no|||||20px||25px||colbreak_no||||||||||colbreak_no|||||||||&#8220; css=&#8220;.vc_custom_1563286545897{background-image: url(https:\/\/www.vchd.cz\/wp-content\/uploads\/2019\/07\/les.jpg?id=4433) !important;background-position: center !important;background-repeat: no-repeat !important;background-size: cover !important;}&#8220; el_class=&#8220;zelena&#8220;][vc_column width=&#8220;1\/3&#8243;][vc_single_image image=&#8220;4431&#8243; img_size=&#8220;full&#8220;][\/vc_column][vc_column reduce_extra_padding=&#8220;991&#8243; width=&#8220;2\/3&#8243; css=&#8220;.vc_custom_1563286832260{padding-left: 5px !important;}&#8220;][vc_column_text css=&#8220;.vc_custom_1566420122707{margin-bottom: 25px !important;}&#8220;]Nachhaltige Entwicklung, einschlie\u00dflich Ma\u00dfnahmen zur Verbesserung der Umwelt, geh\u00f6rt zu Priorit\u00e4ten unseres Unternehmens. Eine Reihe von Ma\u00dfnahmen zum Schutz der Gesundheit der Besch\u00e4ftigen, zum Schutz der Umwelt und zur &hellip; <a href=\"https:\/\/vchd.cz\/de\/nachhaltige-entwicklung\" class=\"more-link\">Continue reading <span class=\"screen-reader-text\">Nachhaltige Entwicklung<\/span><\/a><\/p>\n","protected":false},"author":7,"featured_media":0,"parent":0,"menu_order":0,"comment_status":"open","ping_status":"open","template":"","meta":{"footnotes":""},"class_list":["post-5862","page","type-page","status-publish","hentry"],"_links":{"self":[{"href":"https:\/\/vchd.cz\/de\/wp-json\/wp\/v2\/pages\/5862","targetHints":{"allow":["GET"]}}],"collection":[{"href":"https:\/\/vchd.cz\/de\/wp-json\/wp\/v2\/pages"}],"about":[{"href":"https:\/\/vchd.cz\/de\/wp-json\/wp\/v2\/types\/page"}],"author":[{"embeddable":true,"href":"https:\/\/vchd.cz\/de\/wp-json\/wp\/v2\/users\/7"}],"replies":[{"embeddable":true,"href":"https:\/\/vchd.cz\/de\/wp-json\/wp\/v2\/comments?post=5862"}],"version-history":[{"count":0,"href":"https:\/\/vchd.cz\/de\/wp-json\/wp\/v2\/pages\/5862\/revisions"}],"wp:attachment":[{"href":"https:\/\/vchd.cz\/de\/wp-json\/wp\/v2\/media?parent=5862"}],"curies":[{"name":"wp","href":"https:\/\/api.w.org\/{rel}","templated":true}]}}