{"id":5863,"date":"2019-06-04T00:00:00","date_gmt":"2019-06-03T22:00:00","guid":{"rendered":"http:\/\/vchd.cz\/pomahame\/"},"modified":"2019-09-24T12:25:27","modified_gmt":"2019-09-24T10:25:27","slug":"pomahame","status":"publish","type":"page","link":"https:\/\/vchd.cz\/de\/wir-helfen","title":{"rendered":"Wir helfen"},"content":{"rendered":"<div class=\"wpb-content-wrapper\"><p>[vc_row tm_bgimagefixed=&#8220;&#8220; break_in_responsive=&#8220;991&#8243; full_width=&#8220;stretch_row&#8220; css=&#8220;.vc_custom_1559639227470{background-image: url(https:\/\/www.vchd.cz\/wp-content\/uploads\/2019\/03\/row-bg-five.jpg?id=3771) !important;background-position: center !important;background-repeat: no-repeat !important;background-size: cover !important;}&#8220; tm_responsive_css=&#8220;50394010|colbreak_no|||||||||colbreak_no|||||50px||95px||colbreak_no||||||||||colbreak_no|||||||||&#8220;][vc_column][vc_row_inner][vc_column_inner css=&#8220;.vc_custom_1550905285246{padding-right: 0px !important;}&#8220; tm_responsive_css=&#8220;15067568|colbreak_no|||||||||colbreak_no||||||15px|||colbreak_no||||||||||colbreak_no|||||||||&#8220;]<div class=\"tm-element-heading-wrapper tm-heading-inner tm-element-align-center tm-seperator-solid tm-heading-style-vertical \"><section class=\"tm-vc_cta3-container\"><div class=\"tm-vc_general tm-vc_cta3 tm-cta3-only tm-vc_cta3-style-classic tm-vc_cta3-shape-rounded tm-vc_cta3-align-center tm-vc_cta3-color-transparent tm-vc_cta3-icon-size-md tm-vc_cta3-actions-no tm-cta3-with-desc\"><div class=\"tm-vc_cta3_content-container\"><div class=\"tm-vc_cta3-content\"><header class=\"tm-vc_cta3-content-header tm-wrap\"><div class=\"tm-vc_cta3-headers tm-wrap-cell\"><h4 class=\"tm-custom-heading \" >Wir leisten Hilfe und Unterst\u00fctzung.<\/h4>\n<h2 class=\"tm-custom-heading \" >VCHD Cargo leistet Hilfe und Unterst\u00fctzung<\/h2>\n<\/div><\/header><div class=\"tm-cta3-content-wrapper\"><p>Die Gesellschaft VCHD Cargo a.s. legt gro\u00dfen Wert auf soziale und gesellschaftliche Verantwortung und unterst\u00fctzt deswegen allj\u00e4hrlich verschiedene interessante Projekte gemeinn\u00fctziger Organisationen sowie kulturelle, soziale und sportliche Veranstaltungen.<\/p><\/div><\/div><\/div><\/div><\/section><\/div> <!-- .tm-element-heading-wrapper container --> [\/vc_column_inner][\/vc_row_inner][vc_row_inner][vc_column_inner tm_responsive_css=&#8220;53787894|colbreak_no|||||||||colbreak_no|0px||||||||colbreak_no||||||||||colbreak_no|||||||||&#8220;]<div class=\"themetechmount-boxes themetechmount-boxes-blog themetechmount-boxes-view-default themetechmount-boxes-col-three themetechmount-boxes-sortable-no themetechmount-boxes-textalign-center\">\n\t\t<div class=\"themetechmount-boxes-inner themetechmount-boxes-blog-inner \">\n\t\t\t\n\t\t\t<div class=\"row multi-columns-row themetechmount-boxes-row-wrapper\">\n\t\t\t\t<div class=\"tm-box-col-wrapper col-lg-4 col-sm-6 col-md-4 col-xs-12 fur-medien neuheiten wir-helfen\"><article class=\"themetechmount-box themetechmount-box-blog themetechmount-box-topimage themetechmount-blogbox-format- \">\r\n\t<div class=\"post-item\">\r\n\t\t<div class=\"themetechmount-box-content\">\t\t\r\n\t\t\t<div class=\"tm-featured-outer-wrapper tm-post-featured-outer-wrapper\">\r\n\t\t\t\t<div class=\"tm-featured-wrapper tm-post-featured-wrapper tm-post-format-\"><a href=\"https:\/\/vchd.cz\/de\/wir-helfen\/vchd-cargo-fuenftes-jahr-der-unterstuetzung-der-retter-des-sar-teams\/\"><img fetchpriority=\"high\" decoding=\"async\" width=\"654\" height=\"494\" src=\"https:\/\/vchd.cz\/wp-content\/uploads\/2024\/08\/VCHD-Cargo_SAR-Team_2-654x494.jpg\" class=\"attachment-themetechmount-img-blog-top size-themetechmount-img-blog-top wp-post-image\" alt=\"\" data-id=\"9454\" \/><\/a><\/div>\t\t\t<\/div>\t\t\r\n\t\t\t<div class=\"themetechmount-box-desc\">\r\n\t\t\t\t<div class=\"entry-header\">\r\n\t\t\t\t\t<div class=\"tm-entry-meta-wrapper\"><div class=\"entry-meta tm-entry-meta tm-entry-meta-blogbox\"><span class=\"tm-meta-line posted-on\"><i class=\"fa fa-calendar\"><\/i> <span class=\"screen-reader-text tm-hide\">Posted on <\/span><a href=\"https:\/\/vchd.cz\/de\/wir-helfen\/vchd-cargo-fuenftes-jahr-der-unterstuetzung-der-retter-des-sar-teams\/\" rel=\"bookmark\"><time class=\"entry-date published\" datetime=\"2024-10-06T11:39:39+02:00\">6. 10. 2024<\/time><time class=\"updated tm-hide\" datetime=\"2024-10-06T11:41:24+02:00\">6. 10. 2024<\/time><\/a><\/span><\/div><\/div>\t\t\t\t\t<div class=\"themetechmount-box-title\"><h4><a href=\"https:\/\/vchd.cz\/de\/wir-helfen\/vchd-cargo-fuenftes-jahr-der-unterstuetzung-der-retter-des-sar-teams\/\">VCHD Cargo: F\u00fcnftes Jahr der Unterst\u00fctzung der Retter des SAR-Teams<\/a><\/h4><\/div>\t\t\t\t<\/div>\t\t\t\t\r\n\t\t\t<\/div>\r\n        <\/div>\r\n\t<\/div>\r\n<\/article>\r\n<\/div><div class=\"tm-box-col-wrapper col-lg-4 col-sm-6 col-md-4 col-xs-12 neuheiten wir-helfen\"><article class=\"themetechmount-box themetechmount-box-blog themetechmount-box-topimage themetechmount-blogbox-format-status \">\r\n\t<div class=\"post-item\">\r\n\t\t<div class=\"themetechmount-box-content\">\t\t\r\n\t\t\t<div class=\"tm-featured-outer-wrapper tm-post-featured-outer-wrapper\">\r\n\t\t\t\t<div class=\"tm-featured-wrapper tm-post-featured-wrapper tm-post-format-status\"><a href=\"https:\/\/vchd.cz\/de\/wir-helfen\/vchd-cargo-unterstutzt-fahrer-aus-der-ukraine\/\"><img decoding=\"async\" width=\"612\" height=\"408\" src=\"https:\/\/vchd.cz\/wp-content\/uploads\/2022\/06\/istockphoto-1369393690-612x612.jpg\" class=\"attachment-themetechmount-img-blog-top size-themetechmount-img-blog-top wp-post-image\" alt=\"\" srcset=\"https:\/\/vchd.cz\/wp-content\/uploads\/2022\/06\/istockphoto-1369393690-612x612.jpg 612w, https:\/\/vchd.cz\/wp-content\/uploads\/2022\/06\/istockphoto-1369393690-612x612-300x200.jpg 300w\" sizes=\"(max-width: 612px) 100vw, 612px\" data-id=\"8172\" \/><\/a><\/div>\t\t\t<\/div>\t\t\r\n\t\t\t<div class=\"themetechmount-box-desc\">\r\n\t\t\t\t<div class=\"entry-header\">\r\n\t\t\t\t\t<div class=\"tm-entry-meta-wrapper\"><div class=\"entry-meta tm-entry-meta tm-entry-meta-blogbox\"><span class=\"tm-meta-line posted-on\"><i class=\"fa fa-calendar\"><\/i> <span class=\"screen-reader-text tm-hide\">Posted on <\/span><a href=\"https:\/\/vchd.cz\/de\/wir-helfen\/vchd-cargo-unterstutzt-fahrer-aus-der-ukraine\/\" rel=\"bookmark\"><time class=\"entry-date published updated\" datetime=\"2022-06-17T08:45:14+02:00\">17. 6. 2022<\/time><\/a><\/span><\/div><\/div>\t\t\t\t\t<div class=\"themetechmount-box-title\"><h4><a href=\"https:\/\/vchd.cz\/de\/wir-helfen\/vchd-cargo-unterstutzt-fahrer-aus-der-ukraine\/\">VCHD Cargo unterst\u00fctzt Fahrer aus der Ukraine<\/a><\/h4><\/div>\t\t\t\t<\/div>\t\t\t\t\r\n\t\t\t<\/div>\r\n        <\/div>\r\n\t<\/div>\r\n<\/article>\r\n<\/div><div class=\"tm-box-col-wrapper col-lg-4 col-sm-6 col-md-4 col-xs-12 fur-medien neuheiten wir-helfen\"><article class=\"themetechmount-box themetechmount-box-blog themetechmount-box-topimage themetechmount-blogbox-format- \">\r\n\t<div class=\"post-item\">\r\n\t\t<div class=\"themetechmount-box-content\">\t\t\r\n\t\t\t<div class=\"tm-featured-outer-wrapper tm-post-featured-outer-wrapper\">\r\n\t\t\t\t<div class=\"tm-featured-wrapper tm-post-featured-wrapper tm-post-format-\"><a href=\"https:\/\/vchd.cz\/de\/wir-helfen\/die-zusammenarbeit-von-vchd-cargo-mit-dem-rettungsteam-wird-fortgesetzt\/\"><img decoding=\"async\" width=\"654\" height=\"494\" src=\"https:\/\/vchd.cz\/wp-content\/uploads\/2020\/10\/f1b0f16f-f421-4816-a4d5-531fc59808b0-654x494.jpg\" class=\"attachment-themetechmount-img-blog-top size-themetechmount-img-blog-top wp-post-image\" alt=\"\" data-id=\"7263\" \/><\/a><\/div>\t\t\t<\/div>\t\t\r\n\t\t\t<div class=\"themetechmount-box-desc\">\r\n\t\t\t\t<div class=\"entry-header\">\r\n\t\t\t\t\t<div class=\"tm-entry-meta-wrapper\"><div class=\"entry-meta tm-entry-meta tm-entry-meta-blogbox\"><span class=\"tm-meta-line posted-on\"><i class=\"fa fa-calendar\"><\/i> <span class=\"screen-reader-text tm-hide\">Posted on <\/span><a href=\"https:\/\/vchd.cz\/de\/wir-helfen\/die-zusammenarbeit-von-vchd-cargo-mit-dem-rettungsteam-wird-fortgesetzt\/\" rel=\"bookmark\"><time class=\"entry-date published updated\" datetime=\"2020-10-29T14:00:07+01:00\">29. 10. 2020<\/time><\/a><\/span><\/div><\/div>\t\t\t\t\t<div class=\"themetechmount-box-title\"><h4><a href=\"https:\/\/vchd.cz\/de\/wir-helfen\/die-zusammenarbeit-von-vchd-cargo-mit-dem-rettungsteam-wird-fortgesetzt\/\">Die Zusammenarbeit von VCHD Cargo mit dem Rettungsteam wird fortgesetzt<\/a><\/h4><\/div>\t\t\t\t<\/div>\t\t\t\t\r\n\t\t\t<\/div>\r\n        <\/div>\r\n\t<\/div>\r\n<\/article>\r\n<\/div><div class=\"tm-box-col-wrapper col-lg-4 col-sm-6 col-md-4 col-xs-12 neuheiten wir-helfen\"><article class=\"themetechmount-box themetechmount-box-blog themetechmount-box-topimage themetechmount-blogbox-format-status \">\r\n\t<div class=\"post-item\">\r\n\t\t<div class=\"themetechmount-box-content\">\t\t\r\n\t\t\t<div class=\"tm-featured-outer-wrapper tm-post-featured-outer-wrapper\">\r\n\t\t\t\t<div class=\"tm-featured-wrapper tm-post-featured-wrapper tm-post-format-status\"><a href=\"https:\/\/vchd.cz\/de\/wir-helfen\/wir-schutzen-unsere-fahrer-wir-schutzen-uns-alle\/\"><img loading=\"lazy\" decoding=\"async\" width=\"654\" height=\"494\" src=\"https:\/\/vchd.cz\/wp-content\/uploads\/2020\/03\/20200325_070643_resized-654x494.jpg\" class=\"attachment-themetechmount-img-blog-top size-themetechmount-img-blog-top wp-post-image\" alt=\"\" data-id=\"6668\" \/><\/a><\/div>\t\t\t<\/div>\t\t\r\n\t\t\t<div class=\"themetechmount-box-desc\">\r\n\t\t\t\t<div class=\"entry-header\">\r\n\t\t\t\t\t<div class=\"tm-entry-meta-wrapper\"><div class=\"entry-meta tm-entry-meta tm-entry-meta-blogbox\"><span class=\"tm-meta-line posted-on\"><i class=\"fa fa-calendar\"><\/i> <span class=\"screen-reader-text tm-hide\">Posted on <\/span><a href=\"https:\/\/vchd.cz\/de\/wir-helfen\/wir-schutzen-unsere-fahrer-wir-schutzen-uns-alle\/\" rel=\"bookmark\"><time class=\"entry-date published\" datetime=\"2020-03-29T21:12:53+02:00\">29. 3. 2020<\/time><time class=\"updated tm-hide\" datetime=\"2020-04-21T15:27:20+02:00\">21. 4. 2020<\/time><\/a><\/span><\/div><\/div>\t\t\t\t\t<div class=\"themetechmount-box-title\"><h4><a href=\"https:\/\/vchd.cz\/de\/wir-helfen\/wir-schutzen-unsere-fahrer-wir-schutzen-uns-alle\/\">Wir sch\u00fctzen unsere Fahrer \u2013 so sch\u00fctzen wir uns alle!<\/a><\/h4><\/div>\t\t\t\t<\/div>\t\t\t\t\r\n\t\t\t<\/div>\r\n        <\/div>\r\n\t<\/div>\r\n<\/article>\r\n<\/div><div class=\"tm-box-col-wrapper col-lg-4 col-sm-6 col-md-4 col-xs-12 neuheiten wir-helfen\"><article class=\"themetechmount-box themetechmount-box-blog themetechmount-box-topimage themetechmount-blogbox-format- \">\r\n\t<div class=\"post-item\">\r\n\t\t<div class=\"themetechmount-box-content\">\t\t\r\n\t\t\t<div class=\"tm-featured-outer-wrapper tm-post-featured-outer-wrapper\">\r\n\t\t\t\t<div class=\"tm-featured-wrapper tm-post-featured-wrapper tm-post-format-\"><a href=\"https:\/\/vchd.cz\/de\/wir-helfen\/wir-helfen-den-rettungskraften-unterstutzen-die-fahrer\/\"><img loading=\"lazy\" decoding=\"async\" width=\"654\" height=\"494\" src=\"https:\/\/vchd.cz\/wp-content\/uploads\/2019\/09\/SAR-2-654x494.jpg\" class=\"attachment-themetechmount-img-blog-top size-themetechmount-img-blog-top wp-post-image\" alt=\"\" data-id=\"6212\" \/><\/a><\/div>\t\t\t<\/div>\t\t\r\n\t\t\t<div class=\"themetechmount-box-desc\">\r\n\t\t\t\t<div class=\"entry-header\">\r\n\t\t\t\t\t<div class=\"tm-entry-meta-wrapper\"><div class=\"entry-meta tm-entry-meta tm-entry-meta-blogbox\"><span class=\"tm-meta-line posted-on\"><i class=\"fa fa-calendar\"><\/i> <span class=\"screen-reader-text tm-hide\">Posted on <\/span><a href=\"https:\/\/vchd.cz\/de\/wir-helfen\/wir-helfen-den-rettungskraften-unterstutzen-die-fahrer\/\" rel=\"bookmark\"><time class=\"entry-date published\" datetime=\"2019-09-12T16:16:24+02:00\">12. 9. 2019<\/time><time class=\"updated tm-hide\" datetime=\"2020-01-10T16:25:41+01:00\">10. 1. 2020<\/time><\/a><\/span><\/div><\/div>\t\t\t\t\t<div class=\"themetechmount-box-title\"><h4><a href=\"https:\/\/vchd.cz\/de\/wir-helfen\/wir-helfen-den-rettungskraften-unterstutzen-die-fahrer\/\">Wir helfen den Rettungskr\u00e4ften &#038; unterst\u00fctzen die Fahrer<\/a><\/h4><\/div>\t\t\t\t<\/div>\t\t\t\t\r\n\t\t\t<\/div>\r\n        <\/div>\r\n\t<\/div>\r\n<\/article>\r\n<\/div><div class=\"tm-box-col-wrapper col-lg-4 col-sm-6 col-md-4 col-xs-12 neuheiten wir-helfen\"><article class=\"themetechmount-box themetechmount-box-blog themetechmount-box-topimage themetechmount-blogbox-format- \">\r\n\t<div class=\"post-item\">\r\n\t\t<div class=\"themetechmount-box-content\">\t\t\r\n\t\t\t<div class=\"tm-featured-outer-wrapper tm-post-featured-outer-wrapper\">\r\n\t\t\t\t<div class=\"tm-featured-wrapper tm-post-featured-wrapper tm-post-format-\"><a href=\"https:\/\/vchd.cz\/de\/wir-helfen\/wir-unterstutzen-junge-fussballer\"><img loading=\"lazy\" decoding=\"async\" width=\"654\" height=\"494\" src=\"https:\/\/vchd.cz\/wp-content\/uploads\/2019\/06\/20171111_102146_002_0-654x494.jpg\" class=\"attachment-themetechmount-img-blog-top size-themetechmount-img-blog-top wp-post-image\" alt=\"\" data-id=\"5895\" \/><\/a><\/div>\t\t\t<\/div>\t\t\r\n\t\t\t<div class=\"themetechmount-box-desc\">\r\n\t\t\t\t<div class=\"entry-header\">\r\n\t\t\t\t\t<div class=\"tm-entry-meta-wrapper\"><div class=\"entry-meta tm-entry-meta tm-entry-meta-blogbox\"><span class=\"tm-meta-line posted-on\"><i class=\"fa fa-calendar\"><\/i> <span class=\"screen-reader-text tm-hide\">Posted on <\/span><a href=\"https:\/\/vchd.cz\/de\/wir-helfen\/wir-unterstutzen-junge-fussballer\" rel=\"bookmark\"><time class=\"entry-date published\" datetime=\"2017-11-13T00:00:00+01:00\">13. 11. 2017<\/time><time class=\"updated tm-hide\" datetime=\"2019-09-24T13:14:48+02:00\">24. 9. 2019<\/time><\/a><\/span><\/div><\/div>\t\t\t\t\t<div class=\"themetechmount-box-title\"><h4><a href=\"https:\/\/vchd.cz\/de\/wir-helfen\/wir-unterstutzen-junge-fussballer\">Wir unterst\u00fctzen junge Fu\u00dfballer<\/a><\/h4><\/div>\t\t\t\t<\/div>\t\t\t\t\r\n\t\t\t<\/div>\r\n        <\/div>\r\n\t<\/div>\r\n<\/article>\r\n<\/div><div class=\"tm-box-col-wrapper col-lg-4 col-sm-6 col-md-4 col-xs-12 neuheiten wir-helfen\"><article class=\"themetechmount-box themetechmount-box-blog themetechmount-box-topimage themetechmount-blogbox-format- \">\r\n\t<div class=\"post-item\">\r\n\t\t<div class=\"themetechmount-box-content\">\t\t\r\n\t\t\t<div class=\"tm-featured-outer-wrapper tm-post-featured-outer-wrapper\">\r\n\t\t\t\t<div class=\"tm-featured-wrapper tm-post-featured-wrapper tm-post-format-\"><a href=\"https:\/\/vchd.cz\/de\/wir-helfen\/vchd-unterstutzte-das-projekt-soziales-fahrzeug\"><img loading=\"lazy\" decoding=\"async\" width=\"654\" height=\"494\" src=\"https:\/\/vchd.cz\/wp-content\/uploads\/2019\/06\/michle_2-654x494.jpg\" class=\"attachment-themetechmount-img-blog-top size-themetechmount-img-blog-top wp-post-image\" alt=\"\" data-id=\"5892\" \/><\/a><\/div>\t\t\t<\/div>\t\t\r\n\t\t\t<div class=\"themetechmount-box-desc\">\r\n\t\t\t\t<div class=\"entry-header\">\r\n\t\t\t\t\t<div class=\"tm-entry-meta-wrapper\"><div class=\"entry-meta tm-entry-meta tm-entry-meta-blogbox\"><span class=\"tm-meta-line posted-on\"><i class=\"fa fa-calendar\"><\/i> <span class=\"screen-reader-text tm-hide\">Posted on <\/span><a href=\"https:\/\/vchd.cz\/de\/wir-helfen\/vchd-unterstutzte-das-projekt-soziales-fahrzeug\" rel=\"bookmark\"><time class=\"entry-date published\" datetime=\"2016-01-19T00:00:00+01:00\">19. 1. 2016<\/time><time class=\"updated tm-hide\" datetime=\"2019-09-24T13:13:27+02:00\">24. 9. 2019<\/time><\/a><\/span><\/div><\/div>\t\t\t\t\t<div class=\"themetechmount-box-title\"><h4><a href=\"https:\/\/vchd.cz\/de\/wir-helfen\/vchd-unterstutzte-das-projekt-soziales-fahrzeug\">VCHD unterst\u00fctzte das Projekt &#8222;Soziales Fahrzeug&#8220;<\/a><\/h4><\/div>\t\t\t\t<\/div>\t\t\t\t\r\n\t\t\t<\/div>\r\n        <\/div>\r\n\t<\/div>\r\n<\/article>\r\n<\/div>\n\t\t\t<\/div>\n\t\t<\/div><!-- .themetechmount-boxes-inner -->   <\/div><!-- .themetechmount-boxes -->  [\/vc_column_inner][\/vc_row_inner][\/vc_column][\/vc_row]<\/p>\n<\/div>","protected":false},"excerpt":{"rendered":"<p>[vc_row tm_bgimagefixed=&#8220;&#8220; break_in_responsive=&#8220;991&#8243; full_width=&#8220;stretch_row&#8220; css=&#8220;.vc_custom_1559639227470{background-image: url(https:\/\/www.vchd.cz\/wp-content\/uploads\/2019\/03\/row-bg-five.jpg?id=3771) !important;background-position: center !important;background-repeat: no-repeat !important;background-size: cover !important;}&#8220; tm_responsive_css=&#8220;50394010|colbreak_no|||||||||colbreak_no|||||50px||95px||colbreak_no||||||||||colbreak_no|||||||||&#8220;][vc_column][vc_row_inner][vc_column_inner css=&#8220;.vc_custom_1550905285246{padding-right: 0px !important;}&#8220; tm_responsive_css=&#8220;15067568|colbreak_no|||||||||colbreak_no||||||15px|||colbreak_no||||||||||colbreak_no|||||||||&#8220;][\/vc_column_inner][\/vc_row_inner][vc_row_inner][vc_column_inner tm_responsive_css=&#8220;53787894|colbreak_no|||||||||colbreak_no|0px||||||||colbreak_no||||||||||colbreak_no|||||||||&#8220;][\/vc_column_inner][\/vc_row_inner][\/vc_column][\/vc_row]<\/p>\n","protected":false},"author":7,"featured_media":0,"parent":0,"menu_order":0,"comment_status":"open","ping_status":"open","template":"","meta":{"footnotes":""},"class_list":["post-5863","page","type-page","status-publish","hentry"],"_links":{"self":[{"href":"https:\/\/vchd.cz\/de\/wp-json\/wp\/v2\/pages\/5863","targetHints":{"allow":["GET"]}}],"collection":[{"href":"https:\/\/vchd.cz\/de\/wp-json\/wp\/v2\/pages"}],"about":[{"href":"https:\/\/vchd.cz\/de\/wp-json\/wp\/v2\/types\/page"}],"author":[{"embeddable":true,"href":"https:\/\/vchd.cz\/de\/wp-json\/wp\/v2\/users\/7"}],"replies":[{"embeddable":true,"href":"https:\/\/vchd.cz\/de\/wp-json\/wp\/v2\/comments?post=5863"}],"version-history":[{"count":0,"href":"https:\/\/vchd.cz\/de\/wp-json\/wp\/v2\/pages\/5863\/revisions"}],"wp:attachment":[{"href":"https:\/\/vchd.cz\/de\/wp-json\/wp\/v2\/media?parent=5863"}],"curies":[{"name":"wp","href":"https:\/\/api.w.org\/{rel}","templated":true}]}}