{"id":5865,"date":"2019-06-04T00:00:00","date_gmt":"2019-06-03T22:00:00","guid":{"rendered":"http:\/\/vchd.cz\/kariera\/"},"modified":"2022-05-09T09:23:20","modified_gmt":"2022-05-09T07:23:20","slug":"kariera","status":"publish","type":"page","link":"https:\/\/vchd.cz\/de\/karriere","title":{"rendered":"Karriere"},"content":{"rendered":"<div class=\"wpb-content-wrapper\"><p>[vc_row tm_bgimagefixed=&#8220;&#8220; break_in_responsive=&#8220;991&#8243; full_width=&#8220;stretch_row&#8220; css=&#8220;.vc_custom_1565166107577{padding-bottom: 75px !important;background-image: url(https:\/\/www.vchd.cz\/wp-content\/uploads\/2019\/06\/pozadi-o-nas.png?id=3916) !important;background-position: center !important;background-repeat: no-repeat !important;background-size: cover !important;}&#8220; tm_responsive_css=&#8220;50394010|colbreak_no|||||||||colbreak_no|||||||||colbreak_no||||||||||colbreak_no|||||||||&#8220; el_class=&#8220;career&#8220;][vc_column][vc_row_inner el_class=&#8220;kariera-button&#8220; tm_responsive_css=&#8220;94109495|colbreak_no|-110||||||||colbreak_no|||||||||colbreak_no||||||||||colbreak_no|||||||||&#8220; css=&#8220;.vc_custom_1569308666345{margin-top: -110px !important;}&#8220;][vc_column_inner]\n\t\t<div class=\"tm-vc_btn3-container  tm-reset-button-left-991  wpb_animate_when_almost_visible wpb_ wpb_animate_when_almost_visible wpb_fadeInRight fadeInRight  wpb_animate_when_almost_visible wpb_fadeInRight fadeInRight tm-vc_btn3-center\"><a class=\"tm-vc_general tm-vc_btn3 tm-vc_btn3-size-lg tm-vc_btn3-shape-round tm-vc_btn3-style-classic tm-vc_btn3-weight-no tm-vc_btn3-icon-right tm-vc_btn3-color-skincolor\" href=\"#dalsi-inzeraty\" title=\"\">INTERESSIEREN SIE SICH F\u00dcR DIE ARBEIT IN DER NIEDERLASSUNG? <i class=\"tm-vc_btn3-icon themifyicon ti-angle-double-right\"><\/i><\/a><\/div>[\/vc_column_inner][\/vc_row_inner][vc_row_inner gap=&#8220;35&#8243; tm_responsive_css=&#8220;10657984|colbreak_no|||||||||colbreak_no|||||||||colbreak_no|||||0||0|||colbreak_no|||||||||&#8220;][vc_column_inner width=&#8220;1\/4&#8243; css=&#8220;.vc_custom_1550905285246{padding-right: 0px !important;}&#8220; tm_responsive_css=&#8220;15067568|colbreak_no|||||||||colbreak_no||||||15px|||colbreak_no||||||||||colbreak_no|||||||||&#8220;][vc_single_image image=&#8220;4599&#8243; img_size=&#8220;full&#8220; alignment=&#8220;center&#8220; css=&#8220;.vc_custom_1565170528697{margin-top: 35px !important;margin-bottom: 0px !important;}&#8220; el_class=&#8220;career-img&#8220;][\/vc_column_inner][vc_column_inner width=&#8220;3\/4&#8243; css=&#8220;.vc_custom_1563283059324{margin-bottom: 0px !important;padding-top: 11px !important;padding-left: 0px !important;}&#8220; tm_responsive_css=&#8220;12442304|colbreak_no|||||||||colbreak_no|||||0px|||15px|colbreak_no||||||||||colbreak_no|||||||||&#8220;]<div class=\"tm-element-heading-wrapper tm-heading-inner tm-element-align-left tm-seperator-solid tm-heading-style-horizontal  vc_custom_1565608787729  wpb_animate_when_almost_visible wpb_fadeInLeft fadeInLeft\"><section class=\"tm-vc_cta3-container\"><div class=\"tm-vc_general tm-vc_cta3 tm-cta3-only tm-vc_cta3-style-classic tm-vc_cta3-shape-rounded tm-vc_cta3-align-left tm-vc_cta3-color-transparent tm-vc_cta3-icon-size-md tm-vc_cta3-actions-no tm-cta3-with-desc\"><div class=\"tm-vc_cta3_content-container\"><div class=\"tm-vc_cta3-content\"><header class=\"tm-vc_cta3-content-header tm-wrap\"><div class=\"tm-vc_cta3-headers tm-wrap-cell\"><h2 class=\"tm-custom-heading \" >Wollen Sie Fahrer bei uns werden?<\/h2>\n<\/div><\/header><div class=\"tm-cta3-content-wrapper\"><p>Berufskraftfahrer von <strong>VCHD Cargo<\/strong> erwarten eine \u00fcberdurchschnittliche finanzielle Verg\u00fctung und ein stabiler Hintergrund eines etablierten Unternehmens. Holen Sie sich die Arbeit, die Zukunft und die neuesten Lkw-Modelle!<\/p><\/div><\/div><\/div><\/div><\/section><\/div> <!-- .tm-element-heading-wrapper container --> [\/vc_column_inner][\/vc_row_inner][vc_row_inner gap=&#8220;30&#8243; css=&#8220;.vc_custom_1565171224593{margin-top: 30px !important;}&#8220; el_class=&#8220;career-list&#8220;][vc_column_inner width=&#8220;1\/2&#8243;]<section class=\"tm-vc_cta3-container\"><div class=\"tm-vc_general tm-vc_cta3 tm-cta3-only tm-vc_cta3-style-classic tm-vc_cta3-shape-square tm-vc_cta3-align-left tm-vc_cta3-color-transparent tm-vc_cta3-icon-size-md tm-vc_cta3-icons-left tm-vc_cta3-actions-right tm-cta3-without-desc\"><div class=\"tm-vc_cta3-icons tm-wrap-cell\"><div class=\"tm-vc_icon_element tm-vc_icon_element-outer tm-vc_icon_element-align-left \"><div class=\"tm-vc_icon_element-inner  tm-vc_icon_element-color-skincolor tm-vc_icon_element-size-md tm-vc_icon_element-style- tm-vc_icon_element-background-color-grey\" ><span class=\"tm-vc_icon_element-icon fa fa-adjust\" ><\/span><\/div><\/div><\/div><div class=\"tm-vc_cta3_content-container\"><div class=\"tm-vc_cta3-content\"><header class=\"tm-vc_cta3-content-header tm-wrap\"><div class=\"tm-vc_cta3-headers tm-wrap-cell\"><h4 class=\"tm-custom-heading \" >Fahrer ``C`` Feste Stelle in Rheine<\/h4>\n<\/div><\/header><\/div><div class=\"tm-vc_cta3-actions\">\n\t\t<div class=\"tm-vc_btn3-container tm-vc_btn3-inline\"><a class=\"tm-vc_general tm-vc_btn3 tm-vc_btn3-size-md tm-vc_btn3-shape-round tm-vc_btn3-style-flat tm-vc_btn3-weight-no tm-vc_btn3-color-skincolor\" href=\"https:\/\/vchd.cz\/de\/karriere\/Fahrer-C-Feste-Stelle-in-Rheine+\/\" title=\"FAHRER ``C`` FESTE STELLE IN RHEINE\" target=\"_blank\">ANNONCE ANZEIGEN<\/a><\/div><\/div><\/div><\/div><\/section>[\/vc_column_inner][vc_column_inner width=&#8220;1\/2&#8243;][\/vc_column_inner][\/vc_row_inner][\/vc_column][\/vc_row][vc_row tm_bgimagefixed=&#8220;&#8220; break_in_responsive=&#8220;991&#8243; full_width=&#8220;stretch_row&#8220; css=&#8220;.vc_custom_1561379937458{padding-top: 75px !important;padding-bottom: 75px !important;background-image: url(https:\/\/www.vchd.cz\/wp-content\/uploads\/2019\/06\/bg.jpg?id=3927) !important;background-position: center !important;background-repeat: no-repeat !important;background-size: cover !important;}&#8220; tm_responsive_css=&#8220;50394010|colbreak_no|||||||||colbreak_no|||||50px||95px||colbreak_no||||||||||colbreak_no|||||||||&#8220; el_id=&#8220;dalsi-inzeraty&#8220;][vc_column]<div class=\"tm-element-heading-wrapper tm-heading-inner tm-element-align-center tm-seperator-solid tm-heading-style-vertical \"><section class=\"tm-vc_cta3-container\"><div class=\"tm-vc_general tm-vc_cta3 tm-cta3-only tm-vc_cta3-style-classic tm-vc_cta3-shape-rounded tm-vc_cta3-align-center tm-vc_cta3-color-transparent tm-vc_cta3-icon-size-md tm-vc_cta3-actions-no tm-cta3-without-desc\"><div class=\"tm-vc_cta3_content-container\"><div class=\"tm-vc_cta3-content\"><header class=\"tm-vc_cta3-content-header tm-wrap\"><div class=\"tm-vc_cta3-headers tm-wrap-cell\"><h4 class=\"tm-custom-heading \" >\u00dcBERSICHT DER FREIEN STELLEN IM UNTERNEHMEN<\/h4>\n<h2 class=\"tm-custom-heading \" >Stellen in Niederlassungen<\/h2>\n<\/div><\/header><\/div><\/div><\/div><\/section><\/div> <!-- .tm-element-heading-wrapper container --> [vc_row_inner css=&#8220;.vc_custom_1565173161008{margin-top: 50px !important;}&#8220; el_class=&#8220;career-list&#8220;][vc_column_inner width=&#8220;1\/2&#8243;]<section class=\"tm-vc_cta3-container\"><div class=\"tm-vc_general tm-vc_cta3 tm-cta3-only tm-vc_cta3-style-classic tm-vc_cta3-shape-square tm-vc_cta3-align-left tm-vc_cta3-color-transparent tm-vc_cta3-icon-size-md tm-vc_cta3-icons-left tm-vc_cta3-actions-right tm-cta3-without-desc\"><div class=\"tm-vc_cta3-icons tm-wrap-cell\"><div class=\"tm-vc_icon_element tm-vc_icon_element-outer tm-vc_icon_element-align-left \"><div class=\"tm-vc_icon_element-inner  tm-vc_icon_element-color-skincolor tm-vc_icon_element-size-md tm-vc_icon_element-style- tm-vc_icon_element-background-color-grey\" ><span class=\"tm-vc_icon_element-icon themifyicon ti-user\" ><\/span><\/div><\/div><\/div><div class=\"tm-vc_cta3_content-container\"><div class=\"tm-vc_cta3-content\"><header class=\"tm-vc_cta3-content-header tm-wrap\"><div class=\"tm-vc_cta3-headers tm-wrap-cell\"><h4 class=\"tm-custom-heading \" >ERHAFRENER DISPATCHER\/DISPONENT F\u00dcR INTERNATIONALEN LKW-TRANSPORT (M\/W) KLADNO<\/h4>\n<\/div><\/header><\/div><div class=\"tm-vc_cta3-actions\">\n\t\t<div class=\"tm-vc_btn3-container tm-vc_btn3-inline\"><a class=\"tm-vc_general tm-vc_btn3 tm-vc_btn3-size-md tm-vc_btn3-shape-round tm-vc_btn3-style-flat tm-vc_btn3-weight-no tm-vc_btn3-color-skincolor\" href=\"http:\/\/vchd.cz\/de\/volna-pozice\/zkuseny-dispecer-disponent-mezinarodni-kamionove-dopravy-m-z-kladno\/\" title=\"Hlavn\u00ed \u00fa\u010detn\u00ed\">ANNONCE ANZEIGEN<\/a><\/div><\/div><\/div><\/div><\/section>[\/vc_column_inner][vc_column_inner width=&#8220;1\/2&#8243;]<section class=\"tm-vc_cta3-container\"><div class=\"tm-vc_general tm-vc_cta3 tm-cta3-only tm-vc_cta3-style-classic tm-vc_cta3-shape-square tm-vc_cta3-align-left tm-vc_cta3-color-transparent tm-vc_cta3-icon-size-md tm-vc_cta3-icons-left tm-vc_cta3-actions-right tm-cta3-without-desc\"><div class=\"tm-vc_cta3-icons tm-wrap-cell\"><div class=\"tm-vc_icon_element tm-vc_icon_element-outer tm-vc_icon_element-align-left \"><div class=\"tm-vc_icon_element-inner  tm-vc_icon_element-color-skincolor tm-vc_icon_element-size-md tm-vc_icon_element-style- tm-vc_icon_element-background-color-grey\" ><span class=\"tm-vc_icon_element-icon themifyicon ti-user\" ><\/span><\/div><\/div><\/div><div class=\"tm-vc_cta3_content-container\"><div class=\"tm-vc_cta3-content\"><header class=\"tm-vc_cta3-content-header tm-wrap\"><div class=\"tm-vc_cta3-headers tm-wrap-cell\"><h4 class=\"tm-custom-heading \" >TRAINEE PROGRAM \/ LANGFRISTIGE FREIZEITBESCH\u00c4FTIGUNG IN EINEM TRANSPORTUNTERNEHMEN IN KLADNO<\/h4>\n<\/div><\/header><\/div><div class=\"tm-vc_cta3-actions\">\n\t\t<div class=\"tm-vc_btn3-container tm-vc_btn3-inline\"><a class=\"tm-vc_general tm-vc_btn3 tm-vc_btn3-size-md tm-vc_btn3-shape-round tm-vc_btn3-style-flat tm-vc_btn3-weight-no tm-vc_btn3-color-skincolor\" href=\"http:\/\/vchd.cz\/de\/volna-pozice\/trainee-program-dlouhodoba-brigada-v-dopravni-spolecnosti-kladno\/\" title=\"Trainee program \/ Dlouhodob\u00e1 brig\u00e1da v dopravn\u00ed spole\u010dnosti Kladno\">ANNONCE ANZEIGEN<\/a><\/div><\/div><\/div><\/div><\/section>[\/vc_column_inner][\/vc_row_inner][\/vc_column][\/vc_row]<\/p>\n<\/div>","protected":false},"excerpt":{"rendered":"<p>[vc_row tm_bgimagefixed=&#8220;&#8220; break_in_responsive=&#8220;991&#8243; full_width=&#8220;stretch_row&#8220; css=&#8220;.vc_custom_1565166107577{padding-bottom: 75px !important;background-image: url(https:\/\/www.vchd.cz\/wp-content\/uploads\/2019\/06\/pozadi-o-nas.png?id=3916) !important;background-position: center !important;background-repeat: no-repeat !important;background-size: cover !important;}&#8220; tm_responsive_css=&#8220;50394010|colbreak_no|||||||||colbreak_no|||||||||colbreak_no||||||||||colbreak_no|||||||||&#8220; el_class=&#8220;career&#8220;][vc_column][vc_row_inner el_class=&#8220;kariera-button&#8220; tm_responsive_css=&#8220;94109495|colbreak_no|-110||||||||colbreak_no|||||||||colbreak_no||||||||||colbreak_no|||||||||&#8220; css=&#8220;.vc_custom_1569308666345{margin-top: -110px !important;}&#8220;][vc_column_inner][\/vc_column_inner][\/vc_row_inner][vc_row_inner gap=&#8220;35&#8243; tm_responsive_css=&#8220;10657984|colbreak_no|||||||||colbreak_no|||||||||colbreak_no|||||0||0|||colbreak_no|||||||||&#8220;][vc_column_inner width=&#8220;1\/4&#8243; css=&#8220;.vc_custom_1550905285246{padding-right: 0px !important;}&#8220; tm_responsive_css=&#8220;15067568|colbreak_no|||||||||colbreak_no||||||15px|||colbreak_no||||||||||colbreak_no|||||||||&#8220;][vc_single_image image=&#8220;4599&#8243; img_size=&#8220;full&#8220; alignment=&#8220;center&#8220; css=&#8220;.vc_custom_1565170528697{margin-top: 35px !important;margin-bottom: 0px !important;}&#8220; el_class=&#8220;career-img&#8220;][\/vc_column_inner][vc_column_inner width=&#8220;3\/4&#8243; css=&#8220;.vc_custom_1563283059324{margin-bottom: 0px !important;padding-top: 11px !important;padding-left: 0px !important;}&#8220; tm_responsive_css=&#8220;12442304|colbreak_no|||||||||colbreak_no|||||0px|||15px|colbreak_no||||||||||colbreak_no|||||||||&#8220;][\/vc_column_inner][\/vc_row_inner][vc_row_inner gap=&#8220;30&#8243; css=&#8220;.vc_custom_1565171224593{margin-top: 30px !important;}&#8220; el_class=&#8220;career-list&#8220;][vc_column_inner width=&#8220;1\/2&#8243;][\/vc_column_inner][vc_column_inner width=&#8220;1\/2&#8243;][\/vc_column_inner][\/vc_row_inner][\/vc_column][\/vc_row][vc_row tm_bgimagefixed=&#8220;&#8220; &hellip; <a href=\"https:\/\/vchd.cz\/de\/karriere\" class=\"more-link\">Continue reading <span class=\"screen-reader-text\">Karriere<\/span><\/a><\/p>\n","protected":false},"author":7,"featured_media":0,"parent":0,"menu_order":0,"comment_status":"open","ping_status":"open","template":"","meta":{"footnotes":""},"class_list":["post-5865","page","type-page","status-publish","hentry"],"_links":{"self":[{"href":"https:\/\/vchd.cz\/de\/wp-json\/wp\/v2\/pages\/5865","targetHints":{"allow":["GET"]}}],"collection":[{"href":"https:\/\/vchd.cz\/de\/wp-json\/wp\/v2\/pages"}],"about":[{"href":"https:\/\/vchd.cz\/de\/wp-json\/wp\/v2\/types\/page"}],"author":[{"embeddable":true,"href":"https:\/\/vchd.cz\/de\/wp-json\/wp\/v2\/users\/7"}],"replies":[{"embeddable":true,"href":"https:\/\/vchd.cz\/de\/wp-json\/wp\/v2\/comments?post=5865"}],"version-history":[{"count":0,"href":"https:\/\/vchd.cz\/de\/wp-json\/wp\/v2\/pages\/5865\/revisions"}],"wp:attachment":[{"href":"https:\/\/vchd.cz\/de\/wp-json\/wp\/v2\/media?parent=5865"}],"curies":[{"name":"wp","href":"https:\/\/api.w.org\/{rel}","templated":true}]}}