{"id":5866,"date":"2019-07-01T00:00:00","date_gmt":"2019-06-30T22:00:00","guid":{"rendered":"http:\/\/vchd.cz\/pro-media\/"},"modified":"2024-11-12T10:49:36","modified_gmt":"2024-11-12T09:49:36","slug":"pro-media","status":"publish","type":"page","link":"https:\/\/vchd.cz\/de\/fur-medien","title":{"rendered":"F\u00fcr Medien"},"content":{"rendered":"<div class=\"wpb-content-wrapper\"><p>[vc_row tm_bgimagefixed=&#8220;&#8220; el_class=&#8220;tiskovky&#8220;][vc_column width=&#8220;2\/3&#8243;]<div class=\"tm-element-heading-wrapper tm-heading-inner tm-element-align-left tm-seperator-solid tm-heading-style-vertical \"><section class=\"tm-vc_cta3-container\"><div class=\"tm-vc_general tm-vc_cta3 tm-cta3-only tm-vc_cta3-style-classic tm-vc_cta3-shape-rounded tm-vc_cta3-align-left tm-vc_cta3-color-transparent tm-vc_cta3-icon-size-md tm-vc_cta3-actions-no tm-cta3-with-desc\"><div class=\"tm-vc_cta3_content-container\"><div class=\"tm-vc_cta3-content\"><header class=\"tm-vc_cta3-content-header tm-wrap\"><div class=\"tm-vc_cta3-headers tm-wrap-cell\"><h2 class=\"tm-custom-heading \" >Pressemitteilungen<\/h2>\n<\/div><\/header><div class=\"tm-cta3-content-wrapper\"><p>Sehen Sie, was es <strong>Neues<\/strong> in unserem Unternehmen gibt. Sie k\u00f6nnen auch unseren <a href=\"#newsletter\"><strong>Newsletter<\/strong><\/a> abonnieren.<\/p><\/div><\/div><\/div><\/div><\/section><\/div> <!-- .tm-element-heading-wrapper container --> [vc_basic_grid post_type=&#8220;post&#8220; max_items=&#8220;-1&#8243; style=&#8220;load-more&#8220; items_per_page=&#8220;5&#8243; element_width=&#8220;12&#8243; item=&#8220;4854&#8243; btn_title=&#8220;Mehr laden&#8220; btn_shape=&#8220;square&#8220; btn_color=&#8220;juicy-pink&#8220; grid_id=&#8220;vc_gid:1731404913413-cd19b0f1980b3cc1bc41940628c2aa87-2&#8243; taxonomies=&#8220;43&#8243;][vc_empty_space height=&#8220;40px&#8220;]<div class=\"tm-element-heading-wrapper tm-heading-inner tm-element-align-left tm-seperator-solid tm-heading-style-vertical \"><section class=\"tm-vc_cta3-container\"><div class=\"tm-vc_general tm-vc_cta3 tm-cta3-only tm-vc_cta3-style-classic tm-vc_cta3-shape-rounded tm-vc_cta3-align-left tm-vc_cta3-color-transparent tm-vc_cta3-icon-size-md tm-vc_cta3-actions-no tm-cta3-without-desc\"><div class=\"tm-vc_cta3_content-container\"><div class=\"tm-vc_cta3-content\"><header class=\"tm-vc_cta3-content-header tm-wrap\"><div class=\"tm-vc_cta3-headers tm-wrap-cell\"><h2 class=\"tm-custom-heading \" >Informationen f\u00fcr Redakteure<\/h2>\n<\/div><\/header><\/div><\/div><\/div><\/section><\/div> <!-- .tm-element-heading-wrapper container --> [vc_column_text css=&#8220;&#8220;]<a href=\"https:\/\/vchd.cz\/de\/\"><strong>VCHD Cargo a.s.<\/strong><\/a> wurde in 1997 gegr\u00fcndet und ist auf den Export und den inl\u00e4ndischen Landverkehr spezialisiert. Das Unternehmen hat Niederlassungen in Tschechien in Kladno, Br\u00fcnn und Havl\u00ed\u010dk\u016fv Brod und bietet Transporte im Rahmen von 112 regelm\u00e4\u00dfigen Linienverkehren in viele europ\u00e4ische L\u00e4nder durch. Das Unternehmen bietet Export- und Importtransporte im Komplettladungs- und LTL-Bereich sowie inl\u00e4ndische Transporte von Terminal zu Terminal oder von Lieferant zu Kunde mit regelm\u00e4\u00dfigen Abfahrten. <strong>VCHD Cargo a.s.<\/strong> betreibt eine eigene Flotte von mehr als <strong>240 Fahrzeugen<\/strong>, darunter auch solche f\u00fcr ADR- und temperaturgef\u00fchrte Transporte. Das Unternehmen ist auch ein von der Zivilluftfahrtbeh\u00f6rde der Tschechischen Republik zugelassenes Transportunternehmen f\u00fcr die Bef\u00f6rderung von Postsendungen, die Sicherheitskontrollen unterliegen. VCHD Cargo betreibt eine eigene Tankstelle, einen professionellen Service und eine Autowaschanlage f\u00fcr PKW und LKW.<\/p>\n<p>Im Jahr 2019 gr\u00fcndete <strong>VCHD Cargo a.s.<\/strong> eine Tochtergesellschaft in Deutschland, die <strong>VCHD Cargo GmbH,<\/strong> die 2021 die deutsche Spedition <a href=\"https:\/\/voelker-logistik.de\/\" target=\"_blank\" rel=\"noopener\"><strong>V\u00f6lker Logistik<\/strong><\/a> \u00fcbernahm. Die gesamte VCHD Cargo Gruppe erzielte im Jahr 2023 einen Bruttoumsatz von 1.281 Mio. CZK und besch\u00e4ftigt derzeit fast 440 Mitarbeiter in der Tschechischen Republik und im Ausland.[\/vc_column_text][\/vc_column][vc_column width=&#8220;1\/3&#8243;][vc_single_image image=&#8220;4162&#8243; img_size=&#8220;full&#8220; alignment=&#8220;center&#8220;]<div class=\"tm-element-heading-wrapper tm-heading-inner tm-element-align-center tm-seperator-solid tm-heading-style-vertical \"><section class=\"tm-vc_cta3-container\"><div class=\"tm-vc_general tm-vc_cta3 tm-cta3-only tm-vc_cta3-style-classic tm-vc_cta3-shape-rounded tm-vc_cta3-align-center tm-vc_cta3-color-transparent tm-vc_cta3-icon-size-md tm-vc_cta3-actions-no tm-cta3-without-desc\"><div class=\"tm-vc_cta3_content-container\"><div class=\"tm-vc_cta3-content\"><header class=\"tm-vc_cta3-content-header tm-wrap\"><div class=\"tm-vc_cta3-headers tm-wrap-cell\"><h2 style=\"font-size:18px;line-height:22px;\" class=\"tm-custom-heading \" >Logo in hoher Qualit\u00e4t herunterladen<\/h2>\n<\/div><\/header><\/div><\/div><\/div><\/section><\/div> <!-- .tm-element-heading-wrapper container --> \n\t\t<div class=\"tm-vc_btn3-container  logo-download tm-vc_btn3-center\"><a class=\"tm-vc_general tm-vc_btn3 tm-vc_btn3-size-md tm-vc_btn3-shape-square tm-vc_btn3-style-flat tm-vc_btn3-weight-yes tm-vc_btn3-icon-left tm-vc_btn3-color-skincolor\" href=\"\/wp-content\/uploads\/2019\/08\/L_positive_color_150mm.pdf\" title=\"\"><i class=\"tm-vc_btn3-icon themifyicon ti-import\"><\/i> LOGO HERUNTERLADEN<\/a><\/div>[vc_empty_space height=&#8220;15px&#8220;][vc_separator color=&#8220;mulled_wine&#8220; style=&#8220;dashed&#8220; el_width=&#8220;70&#8243;]<div class=\"tm-element-heading-wrapper tm-heading-inner tm-element-align-center tm-seperator-solid tm-heading-style-vertical \"><section class=\"tm-vc_cta3-container\"><div class=\"tm-vc_general tm-vc_cta3 tm-cta3-only tm-vc_cta3-style-classic tm-vc_cta3-shape-rounded tm-vc_cta3-align-center tm-vc_cta3-color-transparent tm-vc_cta3-icon-size-md tm-vc_cta3-actions-no tm-cta3-without-desc\"><div class=\"tm-vc_cta3_content-container\"><div class=\"tm-vc_cta3-content\"><header class=\"tm-vc_cta3-content-header tm-wrap\"><div class=\"tm-vc_cta3-headers tm-wrap-cell\"><h2 style=\"font-size:18px;line-height:22px;\" class=\"tm-custom-heading \" >Logo-Handbuch herunterladen<\/h2>\n<\/div><\/header><\/div><\/div><\/div><\/section><\/div> <!-- .tm-element-heading-wrapper container --> \n\t\t<div class=\"tm-vc_btn3-container  logo-download tm-vc_btn3-center\"><a class=\"tm-vc_general tm-vc_btn3 tm-vc_btn3-size-md tm-vc_btn3-shape-square tm-vc_btn3-style-flat tm-vc_btn3-weight-yes tm-vc_btn3-icon-left tm-vc_btn3-color-skincolor\" href=\"\/wp-content\/uploads\/2019\/08\/Logomanu\u00e1l_VCHD_Cargo.pdf\" title=\"\"><i class=\"tm-vc_btn3-icon themifyicon ti-import\"><\/i> HANDBUCH HERUNTERLADEN<\/a><\/div>[vc_empty_space height=&#8220;15px&#8220;][vc_separator color=&#8220;mulled_wine&#8220; style=&#8220;dashed&#8220; el_width=&#8220;70&#8243;]<div class=\"tm-element-heading-wrapper tm-heading-inner tm-element-align-center tm-seperator-solid tm-heading-style-vertical \"><section class=\"tm-vc_cta3-container\"><div class=\"tm-vc_general tm-vc_cta3 tm-cta3-only tm-vc_cta3-style-classic tm-vc_cta3-shape-rounded tm-vc_cta3-align-center tm-vc_cta3-color-transparent tm-vc_cta3-icon-size-md tm-vc_cta3-actions-no tm-cta3-without-desc\"><div class=\"tm-vc_cta3_content-container\"><div class=\"tm-vc_cta3-content\"><header class=\"tm-vc_cta3-content-header tm-wrap\"><div class=\"tm-vc_cta3-headers tm-wrap-cell\"><h2 style=\"font-size:18px;line-height:22px;\" class=\"tm-custom-heading \" >F\u00fcr mehr Informationen kontaktieren Sie:<\/h2>\n<\/div><\/header><\/div><\/div><\/div><\/section><\/div> <!-- .tm-element-heading-wrapper container --> \n\t\t<div class=\"tm-vc_btn3-container  kontakt-tisk tm-vc_btn3-center\"><a class=\"tm-vc_general tm-vc_btn3 tm-vc_btn3-size-md tm-vc_btn3-shape-square tm-vc_btn3-style-text tm-vc_btn3-weight-yes tm-vc_btn3-icon-left tm-vc_btn3-color-skincolor\" href=\"\" title=\"\"><i class=\"tm-vc_btn3-icon themifyicon ti-map-alt\"><\/i> Industrion Boutique s.r.o.<\/a><\/div>\n\t\t<div class=\"tm-vc_btn3-container  kontakt-tisk tm-vc_btn3-center\"><a class=\"tm-vc_general tm-vc_btn3 tm-vc_btn3-size-md tm-vc_btn3-shape-square tm-vc_btn3-style-text tm-vc_btn3-weight-yes tm-vc_btn3-icon-left tm-vc_btn3-color-skincolor\" href=\"\" title=\"\"><i class=\"tm-vc_btn3-icon themifyicon ti-user\"><\/i> Andrea Pitronov\u00e1<\/a><\/div>\n\t\t<div class=\"tm-vc_btn3-container  kontakt-tisk tm-vc_btn3-center\"><a class=\"tm-vc_general tm-vc_btn3 tm-vc_btn3-size-md tm-vc_btn3-shape-square tm-vc_btn3-style-text tm-vc_btn3-weight-yes tm-vc_btn3-icon-left tm-vc_btn3-color-skincolor\" href=\"\" title=\"\"><i class=\"tm-vc_btn3-icon themifyicon ti-headphone-alt\"><\/i> +420 731 613 614<\/a><\/div>\n\t\t<div class=\"tm-vc_btn3-container  kontakt-tisk-last tm-vc_btn3-center\"><a class=\"tm-vc_general tm-vc_btn3 tm-vc_btn3-size-md tm-vc_btn3-shape-square tm-vc_btn3-style-text tm-vc_btn3-weight-yes tm-vc_btn3-icon-left tm-vc_btn3-color-skincolor\" href=\"mailto:andrea.pitronova@industrion.cz\" title=\"\"><i class=\"tm-vc_btn3-icon themifyicon ti-email\"><\/i> andrea.pitronova@industrion.cz<\/a><\/div>[vc_empty_space height=&#8220;25px&#8220;][vc_separator color=&#8220;mulled_wine&#8220; style=&#8220;dashed&#8220; el_width=&#8220;70&#8243;]<div class=\"tm-element-heading-wrapper tm-heading-inner tm-element-align-center tm-seperator-solid tm-heading-style-vertical \"><section class=\"tm-vc_cta3-container\"><div class=\"tm-vc_general tm-vc_cta3 tm-cta3-only tm-vc_cta3-style-classic tm-vc_cta3-shape-rounded tm-vc_cta3-align-center tm-vc_cta3-color-transparent tm-vc_cta3-icon-size-md tm-vc_cta3-actions-no tm-cta3-without-desc\"><div class=\"tm-vc_cta3_content-container\"><div class=\"tm-vc_cta3-content\"><header class=\"tm-vc_cta3-content-header tm-wrap\"><div class=\"tm-vc_cta3-headers tm-wrap-cell\"><h2 style=\"font-size:18px;line-height:22px;\" class=\"tm-custom-heading \" >Galerie f\u00fcr Medien<\/h2>\n<\/div><\/header><\/div><\/div><\/div><\/section><\/div> <!-- .tm-element-heading-wrapper container --> [vc_row_inner][vc_column_inner width=&#8220;1\/4&#8243; css=&#8220;.vc_custom_1565219783557{padding-right: 5px !important;padding-left: 5px !important;}&#8220;][vc_single_image image=&#8220;5461&#8243; img_size=&#8220;full&#8220; alignment=&#8220;center&#8220; onclick=&#8220;link_image&#8220;][\/vc_column_inner][vc_column_inner width=&#8220;1\/4&#8243; css=&#8220;.vc_custom_1565219788393{padding-right: 5px !important;padding-left: 5px !important;}&#8220;][vc_single_image image=&#8220;5462&#8243; img_size=&#8220;full&#8220; alignment=&#8220;center&#8220; onclick=&#8220;link_image&#8220;][\/vc_column_inner][vc_column_inner width=&#8220;1\/4&#8243; css=&#8220;.vc_custom_1565219793835{padding-right: 5px !important;padding-left: 5px !important;}&#8220;][vc_single_image image=&#8220;5463&#8243; img_size=&#8220;full&#8220; alignment=&#8220;center&#8220; onclick=&#8220;link_image&#8220;][\/vc_column_inner][vc_column_inner width=&#8220;1\/4&#8243; css=&#8220;.vc_custom_1565219798876{padding-right: 5px !important;padding-left: 5px !important;}&#8220;][vc_single_image image=&#8220;5464&#8243; img_size=&#8220;full&#8220; alignment=&#8220;center&#8220; onclick=&#8220;link_image&#8220;][\/vc_column_inner][\/vc_row_inner][\/vc_column][\/vc_row][vc_row][vc_column][vc_column_text css=&#8220;&#8220;]<\/p>\n<h2 id=\"newsletter\"><\/h2>\n<p>[\/vc_column_text][\/vc_column][\/vc_row]<\/p>\n<\/div>","protected":false},"excerpt":{"rendered":"<p>[vc_row tm_bgimagefixed=&#8220;&#8220; el_class=&#8220;tiskovky&#8220;][vc_column width=&#8220;2\/3&#8243;][vc_basic_grid post_type=&#8220;post&#8220; max_items=&#8220;-1&#8243; style=&#8220;load-more&#8220; items_per_page=&#8220;5&#8243; element_width=&#8220;12&#8243; item=&#8220;4854&#8243; btn_title=&#8220;Mehr laden&#8220; btn_shape=&#8220;square&#8220; btn_color=&#8220;juicy-pink&#8220; grid_id=&#8220;vc_gid:1731404913413-cd19b0f1980b3cc1bc41940628c2aa87-2&#8243; taxonomies=&#8220;43&#8243;][vc_empty_space height=&#8220;40px&#8220;][vc_column_text css=&#8220;&#8220;]VCHD Cargo a.s. wurde in 1997 gegr\u00fcndet und ist auf den Export und den inl\u00e4ndischen Landverkehr spezialisiert. Das Unternehmen hat Niederlassungen in Tschechien in Kladno, Br\u00fcnn und Havl\u00ed\u010dk\u016fv Brod und bietet Transporte im Rahmen von 112 regelm\u00e4\u00dfigen Linienverkehren &hellip; <a href=\"https:\/\/vchd.cz\/de\/fur-medien\" class=\"more-link\">Continue reading <span class=\"screen-reader-text\">F\u00fcr Medien<\/span><\/a><\/p>\n","protected":false},"author":7,"featured_media":0,"parent":0,"menu_order":0,"comment_status":"open","ping_status":"open","template":"","meta":{"footnotes":""},"class_list":["post-5866","page","type-page","status-publish","hentry"],"_links":{"self":[{"href":"https:\/\/vchd.cz\/de\/wp-json\/wp\/v2\/pages\/5866","targetHints":{"allow":["GET"]}}],"collection":[{"href":"https:\/\/vchd.cz\/de\/wp-json\/wp\/v2\/pages"}],"about":[{"href":"https:\/\/vchd.cz\/de\/wp-json\/wp\/v2\/types\/page"}],"author":[{"embeddable":true,"href":"https:\/\/vchd.cz\/de\/wp-json\/wp\/v2\/users\/7"}],"replies":[{"embeddable":true,"href":"https:\/\/vchd.cz\/de\/wp-json\/wp\/v2\/comments?post=5866"}],"version-history":[{"count":0,"href":"https:\/\/vchd.cz\/de\/wp-json\/wp\/v2\/pages\/5866\/revisions"}],"wp:attachment":[{"href":"https:\/\/vchd.cz\/de\/wp-json\/wp\/v2\/media?parent=5866"}],"curies":[{"name":"wp","href":"https:\/\/api.w.org\/{rel}","templated":true}]}}