{"id":5840,"date":"2019-02-04T00:00:00","date_gmt":"2019-02-03T23:00:00","guid":{"rendered":"http:\/\/vchd.cz\/kde-nas-naleznete\/"},"modified":"2025-12-18T13:36:25","modified_gmt":"2025-12-18T12:36:25","slug":"kde-nas-naleznete","status":"publish","type":"page","link":"https:\/\/vchd.cz\/en\/where-to-find-us","title":{"rendered":"Where to find us"},"content":{"rendered":"<div class=\"wpb-content-wrapper\"><p>[vc_row tm_bgimagefixed=&#8221;&#8221; tm_responsive_css=&#8221;55639100|colbreak_no|||||65||30||colbreak_no|0||||30||115px||colbreak_no|0||||30||30|||colbreak_no|||||||||&#8221; el_id=&#8221;naleznete&#8221;][vc_column width=&#8221;7\/12&#8243; css=&#8221;.vc_custom_1550064056914{padding-right: 60px !important;}&#8221; tm_responsive_css=&#8221;63016091|colbreak_no|||||||||colbreak_no|||||||||colbreak_no||||||15px|40px|||colbreak_no|||||||||&#8221;]<div class=\"tm-element-heading-wrapper tm-heading-inner tm-element-align-left tm-seperator-solid tm-heading-style-vertical \"><section class=\"tm-vc_cta3-container\"><div class=\"tm-vc_general tm-vc_cta3 tm-cta3-only tm-vc_cta3-style-classic tm-vc_cta3-shape-rounded tm-vc_cta3-align-left tm-vc_cta3-color-transparent tm-vc_cta3-icon-size-md tm-vc_cta3-actions-no tm-cta3-with-desc\"><div class=\"tm-vc_cta3_content-container\"><div class=\"tm-vc_cta3-content\"><header class=\"tm-vc_cta3-content-header tm-wrap\"><div class=\"tm-vc_cta3-headers tm-wrap-cell\"><h4 class=\"tm-custom-heading \" >Contact form<\/h4>\n<h2 class=\"tm-custom-heading \" >Write us a message<\/h2>\n<\/div><\/header><div class=\"tm-cta3-content-wrapper\"><p>You can also use this contact form for any questions or inquiries. <strong>VCHD Cargo<\/strong> specialists will contact you as soon as possible.<\/p><\/div><\/div><\/div><\/div><\/section><\/div> <!-- .tm-element-heading-wrapper container --> [vc_row_inner][vc_column_inner]\n<div class=\"wpcf7 no-js\" id=\"wpcf7-f6417-o1\" lang=\"cs-CZ\" dir=\"ltr\" data-wpcf7-id=\"6417\">\n<div class=\"screen-reader-response\"><p role=\"status\" aria-live=\"polite\" aria-atomic=\"true\"><\/p> <ul><\/ul><\/div>\n<form action=\"\/en\/wp-json\/wp\/v2\/pages\/5840#wpcf7-f6417-o1\" method=\"post\" class=\"wpcf7-form init\" aria-label=\"Kontaktn\u00ed formul\u00e1\u0159\" novalidate=\"novalidate\" data-status=\"init\">\n<fieldset class=\"hidden-fields-container\"><input type=\"hidden\" name=\"_wpcf7\" value=\"6417\" \/><input type=\"hidden\" name=\"_wpcf7_version\" value=\"6.1.5\" \/><input type=\"hidden\" name=\"_wpcf7_locale\" value=\"cs_CZ\" \/><input type=\"hidden\" name=\"_wpcf7_unit_tag\" value=\"wpcf7-f6417-o1\" \/><input type=\"hidden\" name=\"_wpcf7_container_post\" value=\"0\" \/><input type=\"hidden\" name=\"_wpcf7_posted_data_hash\" value=\"\" \/><input type=\"hidden\" name=\"_wpcf7dtx_version\" value=\"5.0.5\" \/><input type=\"hidden\" name=\"_wpcf7_recaptcha_response\" value=\"\" \/>\n<\/fieldset>\n<div class=\"tm-commonform contactform-1\">\n\t<div class=\"row\">\n\t\t<div class=\"col-md-6\">\n\t\t\t<div class=\"field-group\">\n\t\t\t\t<p><i class=\"tm-skincolor ti-user\"><\/i><span class=\"wpcf7-form-control-wrap\" data-name=\"your-name\"><input size=\"40\" maxlength=\"400\" class=\"wpcf7-form-control wpcf7-text wpcf7-validates-as-required\" aria-required=\"true\" aria-invalid=\"false\" placeholder=\"Your name\" value=\"\" type=\"text\" name=\"your-name\" \/><\/span>\n\t\t\t\t<\/p>\n\t\t\t<\/div>\n\t\t<\/div>\n\t\t<div class=\"col-md-6\">\n\t\t\t<div class=\"field-group\">\n\t\t\t\t<p><i class=\"tm-skincolor ti-mobile\"><\/i><span class=\"wpcf7-form-control-wrap\" data-name=\"your-phone\"><input size=\"40\" maxlength=\"400\" class=\"wpcf7-form-control wpcf7-text wpcf7-validates-as-required\" aria-required=\"true\" aria-invalid=\"false\" placeholder=\"Phone number\" value=\"\" type=\"text\" name=\"your-phone\" \/><\/span>\n\t\t\t\t<\/p>\n\t\t\t<\/div>\n\t\t<\/div>\n\t<\/div>\n\t<div class=\"row\">\n\t\t<div class=\"col-md-6\">\n\t\t\t<div class=\"field-group\">\n\t\t\t\t<p><i class=\"tm-skincolor ti-email\"><\/i><span class=\"wpcf7-form-control-wrap\" data-name=\"your-email\"><input size=\"40\" maxlength=\"400\" class=\"wpcf7-form-control wpcf7-email wpcf7-validates-as-required wpcf7-text wpcf7-validates-as-email\" aria-required=\"true\" aria-invalid=\"false\" placeholder=\"Email address\" value=\"\" type=\"email\" name=\"your-email\" \/><\/span>\n\t\t\t\t<\/p>\n\t\t\t<\/div>\n\t\t<\/div>\n\t\t<div class=\"col-md-6\">\n\t\t\t<div class=\"field-group\">\n\t\t\t\t<p><i class=\"tm-skincolor ti-location-pin\"><\/i><span class=\"wpcf7-form-control-wrap\" data-name=\"your-venue\"><input size=\"40\" maxlength=\"400\" class=\"wpcf7-form-control wpcf7-text\" aria-invalid=\"false\" placeholder=\"Location\" value=\"\" type=\"text\" name=\"your-venue\" \/><\/span>\n\t\t\t\t<\/p>\n\t\t\t<\/div>\n\t\t<\/div>\n\t<\/div>\n\t<div class=\"row\">\n\t\t<div class=\"col-md-12\">\n\t\t\t<div class=\"field-group\">\n\t\t\t\t<p><i class=\"tm-skincolor ti-comment\"><\/i><span class=\"wpcf7-form-control-wrap\" data-name=\"your-message\"><textarea cols=\"40\" rows=\"1\" maxlength=\"2000\" class=\"wpcf7-form-control wpcf7-textarea wpcf7-validates-as-required\" aria-required=\"true\" aria-invalid=\"false\" placeholder=\"Your message ...\" name=\"your-message\"><\/textarea><\/span>\n\t\t\t\t<\/p>\n\t\t\t<\/div>\n\t\t<\/div>\n\t<\/div>\n\t<div>\n\t\t<p><input class=\"wpcf7-form-control wpcf7-submit has-spinner tm-vc_general tm-vc_btn3 tm-vc_btn3-shape-square tm-vc_btn3-color-black tm-vc_btn3-style-outline\" type=\"submit\" value=\"SEND MESSAGE\" \/>\n\t\t<div class=\"wpcf7-response-output\" aria-hidden=\"true\"><\/div>\n\t<\/div>\n<\/div>\n<\/form>\n<\/div>\n[\/vc_column_inner][\/vc_row_inner][\/vc_column][vc_column tm_bgcolor=&#8221;white&#8221; tm_shadow=&#8221;yes&#8221; width=&#8221;5\/12&#8243; el_class=&#8221;tm-rounded-shadow-box&#8221;][vc_row_inner css=&#8221;.vc_custom_1550064129482{padding-top: 40px !important;padding-right: 50px !important;padding-bottom: 20px !important;padding-left: 50px !important;}&#8221; tm_responsive_css=&#8221;77368950|colbreak_no|||||||||colbreak_no|||||||||colbreak_no|||||25px|20px|5px|20px||colbreak_no|||||||||&#8221;][vc_column_inner]<h4 style=\"text-align:left;\" class=\"tm-custom-heading \" >Headquarters Kladno<\/h4>\n<ul class=\"boldman_contact_widget_wrapper themetechmount_vc_contact_wrapper\"><li class=\"themetechmount-contact-address  tm-boldman-icon-location-pin\">\u017delez\u00e1rensk\u00e1 315,<br \/>\n272 01 Kladno<\/li><li class=\"themetechmount-contact-phonenumber tm-boldman-icon-mobile\">Telefon: +420 312 245 107<br \/>\nFax: +420 312 240 857<\/li><li class=\"themetechmount-contact-email tm-boldman-icon-comment-1\"><a href=\"mailto:info@vchd.cz\">info@vchd.cz<\/a><\/li><\/ul>[vc_column_text css=&#8221;.vc_custom_1550057559191{padding-top: 7px !important;}&#8221;]<div class=\"themetechmount-social-links-wrapper\"><ul class=\"social-icons\"><li class=\"tm-social-facebook\"><a class=\" tooltip-top\" target=\"_blank\" href=\"https:\/\/www.facebook.com\/vchd.cz\/\" data-tooltip=\"Facebook\"><i class=\"tm-boldman-icon-facebook\"><\/i><span class=\"tm-hide tm-socialname\">Facebook<\/span><\/a><\/li>\n<li class=\"tm-social-linkedin\"><a class=\" tooltip-top\" target=\"_blank\" href=\"https:\/\/cz.linkedin.com\/company\/v%C3%BDchodo%C4%8Desk%C3%A1-dopravn%C3%AD-a.s.\" data-tooltip=\"LinkedIn\"><i class=\"tm-boldman-icon-linkedin\"><\/i><span class=\"tm-hide tm-socialname\">LinkedIn<\/span><\/a><\/li>\n<li class=\"tm-social-youtube\"><a class=\" tooltip-top\" target=\"_blank\" href=\"https:\/\/www.youtube.com\/channel\/UCSW3JT2Kk6xhozkpjmVDrGw\" data-tooltip=\"YouTube\"><i class=\"tm-boldman-icon-youtube\"><\/i><span class=\"tm-hide tm-socialname\">YouTube<\/span><\/a><\/li>\n<\/ul><\/div>[\/vc_column_text][\/vc_column_inner][\/vc_row_inner][\/vc_column][\/vc_row][vc_row tm_bgimagefixed=&#8221;&#8221; full_width=&#8221;stretch_row&#8221; tm_responsive_css=&#8221;55639100|colbreak_no|||||0||0||colbreak_no|20||||0||40px||colbreak_no|0||||0||0|||colbreak_no|||||||||&#8221; css=&#8221;.vc_custom_1602141424633{margin-bottom: 0px !important;padding-top: 40px !important;padding-bottom: 0px !important;}&#8221; el_class=&#8221;first-row-contacts&#8221;][vc_column css=&#8221;.vc_custom_1550064056914{padding-right: 60px !important;}&#8221; tm_responsive_css=&#8221;63016091|colbreak_no|||||||||colbreak_no|||||||||colbreak_no||||||15px|40px|||colbreak_no|||||||||&#8221;]<div class=\"tm-element-heading-wrapper tm-heading-inner tm-element-align-left tm-seperator-solid tm-heading-style-vertical \"><section class=\"tm-vc_cta3-container\"><div class=\"tm-vc_general tm-vc_cta3 tm-cta3-only tm-vc_cta3-style-classic tm-vc_cta3-shape-rounded tm-vc_cta3-align-left tm-vc_cta3-color-transparent tm-vc_cta3-icon-size-md tm-vc_cta3-actions-no tm-cta3-without-desc\"><div class=\"tm-vc_cta3_content-container\"><div class=\"tm-vc_cta3-content\"><header class=\"tm-vc_cta3-content-header tm-wrap\"><div class=\"tm-vc_cta3-headers tm-wrap-cell\"><h2 class=\"tm-custom-heading \" >Branches<\/h2>\n<\/div><\/header><\/div><\/div><\/div><\/section><\/div> <!-- .tm-element-heading-wrapper container --> [vc_row_inner tm_shadow=&#8221;yes&#8221; tm_responsive_css=&#8221;77368950|colbreak_no|||||||||colbreak_no|||||||||colbreak_no|||||25px|20px|5px|20px||colbreak_no|||||||||&#8221; css=&#8221;.vc_custom_1564916101530{padding-top: 40px !important;padding-right: 50px !important;padding-bottom: 20px !important;padding-left: 50px !important;}&#8221;][vc_column_inner width=&#8221;1\/2&#8243;]<h4 style=\"text-align:left;\" class=\"tm-custom-heading \" >Kladno<\/h4>\n<ul class=\"boldman_contact_widget_wrapper themetechmount_vc_contact_wrapper\"><li class=\"themetechmount-contact-address  tm-boldman-icon-location-pin\">\u017delez\u00e1rensk\u00e1 315, Kladno<\/li><li class=\"themetechmount-contact-phonenumber tm-boldman-icon-mobile\">+420 312 245 107<\/li><li class=\"themetechmount-contact-email tm-boldman-icon-comment-1\"><a href=\"mailto:info@vchd.cz\">info@vchd.cz<\/a><\/li><\/ul>[\/vc_column_inner][vc_column_inner width=&#8221;1\/2&#8243;]<h4 style=\"text-align:left;\" class=\"tm-custom-heading \" >Havl\u00ed\u010dk\u016fv Brod<\/h4>\n<ul class=\"boldman_contact_widget_wrapper themetechmount_vc_contact_wrapper\"><li class=\"themetechmount-contact-address  tm-boldman-icon-location-pin\">Lidick\u00e1 1983,<br \/>\n580 01 Havl\u00ed\u010dk\u016fv Brod<\/li><li class=\"themetechmount-contact-phonenumber tm-boldman-icon-mobile\">+420 776 455 806<\/li><li class=\"themetechmount-contact-email tm-boldman-icon-comment-1\"><a href=\"mailto:info@vchd.cz\">info@vchd.cz<\/a><\/li><\/ul>[\/vc_column_inner][\/vc_row_inner][vc_row_inner tm_shadow=&#8221;yes&#8221; tm_responsive_css=&#8221;77368950|colbreak_no|||||||||colbreak_no|||||||||colbreak_no|||||25px|20px|5px|20px||colbreak_no|||||||||&#8221; css=&#8221;.vc_custom_1564916101530{padding-top: 40px !important;padding-right: 50px !important;padding-bottom: 20px !important;padding-left: 50px !important;}&#8221;][vc_column_inner width=&#8221;1\/2&#8243;]<h4 style=\"text-align:left;\" class=\"tm-custom-heading \" >Brno<\/h4>\n<ul class=\"boldman_contact_widget_wrapper themetechmount_vc_contact_wrapper\"><li class=\"themetechmount-contact-address  tm-boldman-icon-location-pin\">Vinohradsk\u00e1 1115\/74<br \/>\n618 00 Brno<\/li><li class=\"themetechmount-contact-phonenumber tm-boldman-icon-mobile\">+420 775 432 281<\/li><li class=\"themetechmount-contact-email tm-boldman-icon-comment-1\"><a href=\"mailto:info@vchd.cz\">info@vchd.cz<\/a><\/li><\/ul>[\/vc_column_inner][\/vc_row_inner][vc_row_inner tm_shadow=&#8221;yes&#8221; tm_responsive_css=&#8221;77368950|colbreak_no|||||||||colbreak_no|||||||||colbreak_no|||||25px|20px|5px|20px||colbreak_no|||||||||&#8221; css=&#8221;.vc_custom_1602141237779{margin-top: 50px !important;padding-top: 40px !important;padding-right: 50px !important;padding-bottom: 20px !important;padding-left: 50px !important;}&#8221; el_class=&#8221;second-row-contacts&#8221;][vc_column_inner width=&#8221;1\/2&#8243;]<h4 style=\"text-align:left;\" class=\"tm-custom-heading \" >Alsfeld<\/h4>\n<ul class=\"boldman_contact_widget_wrapper themetechmount_vc_contact_wrapper\"><li class=\"themetechmount-contact-address  tm-boldman-icon-location-pin\">Dirsr\u00f6der Feld 3, 36304 Alsfeld<\/li><li class=\"themetechmount-contact-phonenumber tm-boldman-icon-mobile\">+49 (0) 6631 - 77665 - 0<\/li><li class=\"themetechmount-contact-email tm-boldman-icon-comment-1\"><a href=\"mailto:info@voelker-logistik.de\">info@voelker-logistik.de<\/a><\/li><\/ul>[\/vc_column_inner][vc_column_inner width=&#8221;1\/2&#8243;][\/vc_column_inner][\/vc_row_inner][\/vc_column][\/vc_row][vc_row tm_bgimagefixed=&#8221;&#8221; css=&#8221;.vc_custom_1602141518504{padding-top: 0px !important;padding-bottom: 20px !important;}&#8221; tm_responsive_css=&#8221;25199836|colbreak_no|||||||||colbreak_no|||||||||colbreak_no||||||||||colbreak_no|||||||||&#8221; el_class=&#8221;third-row-contacts&#8221;][vc_column][vc_tta_accordion style=&#8221;outline&#8221; color=&#8221;skincolor&#8221; spacing=&#8221;10&#8243; c_icon=&#8221;&#8221; active_section=&#8221;9&#8243; collapsible_all=&#8221;true&#8221;][vc_tta_section i_type=&#8221;entypo&#8221; i_icon_entypo=&#8221;entypo-icon entypo-icon-info-circled&#8221; add_icon=&#8221;true&#8221; title=&#8221;Company registration data&#8221; tab_id=&#8221;1564915887457-9e3d55b8-8fb8&#8243;]<ul class=\"tm-list tm-list-style-icon tm-list-icon-color-skincolor tm- tm-icon-skincolor tm-list-textsize-large tm-list-icon-library-themify\"><li><i class=\"tm-skincolor themifyicon ti-angle-double-right\"><\/i>  <span class=\"tm-list-li-content\"><B> Name: <\/ b> VCHD Cargo a.s.<\/span><\/li><li><i class=\"tm-skincolor themifyicon ti-angle-double-right\"><\/i>  <span class=\"tm-list-li-content\"><b> Registered address: <\/b> \u017delez\u00e1rensk\u00e1 315, 272 01 Kladno<\/span><\/li><li><i class=\"tm-skincolor themifyicon ti-angle-double-right\"><\/i>  <span class=\"tm-list-li-content\"><b> Tax ID: <\/b> CZ 272 31 551<\/span><\/li><li><i class=\"tm-skincolor themifyicon ti-angle-double-right\"><\/i>  <span class=\"tm-list-li-content\"><b> Company ID: <\/b> 272 31 551<\/span><\/li><li><i class=\"tm-skincolor themifyicon ti-angle-double-right\"><\/i>  <span class=\"tm-list-li-content\"><b> Registration details: <\/b> The company is registered in the Commercial Register maintained by the Municipal Court in Prague, Section B, File 9876<\/span><\/li><li><i class=\"tm-skincolor themifyicon ti-angle-double-right\"><\/i>  <span class=\"tm-list-li-content\"><b> Date of registration: <\/b> 28.4.2005<\/span><\/li><\/ul>[vc_separator]<ul class=\"tm-list tm-list-style-icon tm-list-icon-color-skincolor tm- tm-icon-skincolor tm-list-textsize-large tm-list-icon-library-themify\"><li><i class=\"tm-skincolor themifyicon ti-angle-double-right\"><\/i>  <span class=\"tm-list-li-content\"><b> Name: <\/b> VCHD Cargo GmbH<\/span><\/li><li><i class=\"tm-skincolor themifyicon ti-angle-double-right\"><\/i>  <span class=\"tm-list-li-content\"><b> Registered address: <\/b> Dirsr\u00f6der Feld 3, 36304 Alsfeld<\/span><\/li><li><i class=\"tm-skincolor themifyicon ti-angle-double-right\"><\/i>  <span class=\"tm-list-li-content\"><b>USt.-IdNr.:<\/b> DE322357596<\/span><\/li><li><i class=\"tm-skincolor themifyicon ti-angle-double-right\"><\/i>  <span class=\"tm-list-li-content\"><b> Registration details: <\/b> The company is registered in the Commercial Register of the Municipal Court AmtsG. Gie\u00dfen, HRB 11445<\/span><\/li><li><i class=\"tm-skincolor themifyicon ti-angle-double-right\"><\/i>  <span class=\"tm-list-li-content\"><b> Date of registration: <\/b> 16.1.2019<\/span><\/li><\/ul>[vc_separator]<ul class=\"tm-list tm-list-style-icon tm-list-icon-color-skincolor tm- tm-icon-skincolor tm-list-textsize-large tm-list-icon-library-themify\"><li><i class=\"tm-skincolor themifyicon ti-angle-double-right\"><\/i>  <span class=\"tm-list-li-content\"><b> Name: <\/b> V\u00f6lker\u00ae Logistik GmbH<\/span><\/li><li><i class=\"tm-skincolor themifyicon ti-angle-double-right\"><\/i>  <span class=\"tm-list-li-content\"><b> Registered address: <\/b> Dirsr\u00f6der Feld 3, 36304 Alsfeld<\/span><\/li><li><i class=\"tm-skincolor themifyicon ti-angle-double-right\"><\/i>  <span class=\"tm-list-li-content\"><b>USt.-IdNr.:<\/b> DE263690705<\/span><\/li><li><i class=\"tm-skincolor themifyicon ti-angle-double-right\"><\/i>  <span class=\"tm-list-li-content\"><B> Registration details: <\/b> The company is registered in the Commercial Register of the Municipal Court AmtsG. Gie\u00dfen, HRB 10114<\/span><\/li><\/ul>[\/vc_tta_section][\/vc_tta_accordion][\/vc_column][\/vc_row][vc_row tm_bgimagefixed=&#8221;&#8221; full_width=&#8221;stretch_row_content&#8221; css=&#8221;.vc_custom_1549254717163{padding-top: 0px !important;padding-bottom: 0px !important;}&#8221;][vc_column css=&#8221;.vc_custom_1549254413433{padding-right: 0px !important;padding-left: 0px !important;}&#8221;][vc_column_text]\r\n            \r\n            \r\n            \r\n            <a name='map2'><\/a>\r\n            \r\n            \r\n            \r\n            \r\n            <div class=\"wpgmza_map \"  id=\"wpgmza_map_2\" style=\"display:block; overflow:auto; width:100%; height:600px; float:left;\" data-settings='{\"id\":\"2\",\"map_title\":\"Pouze pobo\\u010dky\",\"map_width\":\"100\",\"map_height\":\"600\",\"map_start_lat\":\"50.75082800000002\",\"map_start_lng\":\"9.269160199999996\",\"map_start_location\":\"50.58452363276042,14.26041526423841\",\"map_start_zoom\":\"6\",\"default_marker\":\"\\\/\\\/vchd.cz\\\/wp-content\\\/uploads\\\/2019\\\/07\\\/marker.png\",\"type\":\"1\",\"alignment\":\"2\",\"directions_enabled\":\"0\",\"styling_enabled\":\"0\",\"styling_json\":\"\",\"active\":\"0\",\"kml\":\"\",\"bicycle\":\"0\",\"traffic\":\"0\",\"dbox\":\"1\",\"dbox_width\":\"100\",\"listmarkers\":\"0\",\"listmarkers_advanced\":\"0\",\"filterbycat\":\"0\",\"ugm_enabled\":\"0\",\"ugm_category_enabled\":\"0\",\"fusion\":\"\",\"map_width_type\":\"%\",\"map_height_type\":\"px\",\"mass_marker_support\":\"1\",\"ugm_access\":\"0\",\"order_markers_by\":\"1\",\"order_markers_choice\":\"2\",\"show_user_location\":\"0\",\"default_to\":\"\",\"other_settings\":{\"store_locator_style\":\"legacy\",\"wpgmza_store_locator_radius_style\":\"legacy\",\"directions_box_style\":\"default\",\"wpgmza_dbox_width_type\":\"%\",\"map_max_zoom\":\"1\",\"map_min_zoom\":\"21\",\"sl_stroke_color\":\"#000000\",\"sl_stroke_opacity\":\"\",\"sl_fill_color\":\"#000000\",\"sl_fill_opacity\":\"\",\"automatically_pan_to_users_location\":false,\"click_open_link\":true,\"hide_point_of_interest\":false,\"wpgmza_auto_night\":0,\"transport_layer\":false,\"iw_primary_color\":\"#000000\",\"iw_accent_color\":\"#000000\",\"iw_text_color\":\"#000000\",\"wpgmza_iw_type\":\"0\",\"list_markers_by\":\"0\",\"push_in_map\":\"\",\"push_in_map_placement\":\"9\",\"wpgmza_push_in_map_width\":\"\",\"wpgmza_push_in_map_height\":\"\",\"wpgmza_theme_data\":\"[{\\\\\\\"featureType\\\\\\\": \\\\\\\"administrative\\\\\\\",\\\\\\\"elementType\\\\\\\": \\\\\\\"labels.text.fill\\\\\\\",\\\\\\\"stylers\\\\\\\": [{\\\\\\\"color\\\\\\\": \\\\\\\"#444444\\\\\\\"}]},{\\\\\\\"featureType\\\\\\\": \\\\\\\"landscape\\\\\\\",\\\\\\\"elementType\\\\\\\": \\\\\\\"all\\\\\\\",\\\\\\\"stylers\\\\\\\": [{\\\\\\\"color\\\\\\\": \\\\\\\"#f2f2f2\\\\\\\"}]},{\\\\\\\"featureType\\\\\\\": \\\\\\\"poi\\\\\\\",\\\\\\\"elementType\\\\\\\": \\\\\\\"all\\\\\\\",\\\\\\\"stylers\\\\\\\": [{\\\\\\\"visibility\\\\\\\": \\\\\\\"off\\\\\\\"}]},{\\\\\\\"featureType\\\\\\\": \\\\\\\"road\\\\\\\",\\\\\\\"elementType\\\\\\\": \\\\\\\"all\\\\\\\",\\\\\\\"stylers\\\\\\\": [{\\\\\\\"saturation\\\\\\\": -100},{\\\\\\\"lightness\\\\\\\": 45}]},{\\\\\\\"featureType\\\\\\\": \\\\\\\"road.highway\\\\\\\",\\\\\\\"elementType\\\\\\\": \\\\\\\"all\\\\\\\",\\\\\\\"stylers\\\\\\\": [{\\\\\\\"visibility\\\\\\\": \\\\\\\"simplified\\\\\\\"}]},{\\\\\\\"featureType\\\\\\\": \\\\\\\"road.arterial\\\\\\\",\\\\\\\"elementType\\\\\\\": \\\\\\\"labels.icon\\\\\\\",\\\\\\\"stylers\\\\\\\": [{\\\\\\\"visibility\\\\\\\": \\\\\\\"off\\\\\\\"}]},{\\\\\\\"featureType\\\\\\\": \\\\\\\"transit\\\\\\\",\\\\\\\"elementType\\\\\\\": \\\\\\\"all\\\\\\\",\\\\\\\"stylers\\\\\\\": [{\\\\\\\"visibility\\\\\\\": \\\\\\\"off\\\\\\\"}]},{\\\\\\\"featureType\\\\\\\": \\\\\\\"water\\\\\\\",\\\\\\\"elementType\\\\\\\": \\\\\\\"all\\\\\\\",\\\\\\\"stylers\\\\\\\": [{\\\\\\\"color\\\\\\\": \\\\\\\"#46bcec\\\\\\\"},{\\\\\\\"visibility\\\\\\\": \\\\\\\"on\\\\\\\"}]}]\",\"wpgmza_theme_selection\":1,\"upload_default_ul_marker\":\"\",\"upload_default_sl_marker\":\"\",\"shortcodeAttributes\":{\"id\":\"2\"},\"action\":\"wpgmza_save_map\",\"redirect_to\":\"\\\/wp-admin\\\/admin-post.php\",\"map_id\":\"2\",\"http_referer\":\"\\\/wp-admin\\\/admin.php?page=wp-google-maps-menu&amp;amp;action=edit&amp;amp;map_id=2\",\"wpgmza_id\":\"2\",\"wpgmza_start_location\":\"50.75082800000002,9.269160199999996\",\"wpgmza_start_zoom\":\"6\",\"default_from\":\"\",\"directions_behaviour\":\"default\",\"force_google_directions_app\":false,\"directions_route_origin_icon\":\"https:\\\/\\\/www.vchd.cz\\\/wp-content\\\/plugins\\\/wp-google-maps\\\/images\\\/spotlight-poi2.png\",\"directions_origin_retina\":false,\"directions_route_destination_icon\":\"https:\\\/\\\/www.vchd.cz\\\/wp-content\\\/plugins\\\/wp-google-maps\\\/images\\\/spotlight-poi2.png\",\"directions_destination_retina\":false,\"directions_route_stroke_color\":\"#4f8df5\",\"directions_route_stroke_weight\":\"4\",\"directions_route_stroke_opacity\":\"0.8\",\"directions_fit_bounds_to_route\":false,\"store_locator_enabled\":false,\"store_locator_search_area\":\"radial\",\"wpgmza_store_locator_default_radius\":\"10\",\"store_locator_auto_area_max_zoom\":\"\",\"wpgmza_store_locator_restrict\":\"\",\"store_locator_distance\":false,\"wpgmza_store_locator_position\":false,\"store_locator_show_distance\":false,\"store_locator_category\":false,\"wpgmza_store_locator_use_their_location\":false,\"wpgmza_store_locator_bounce\":false,\"retina\":false,\"wpgmza_sl_animation\":\"0\",\"wpgmza_store_locator_hide_before_search\":false,\"store_locator_query_string\":\"\",\"store_locator_default_address\":\"\",\"store_locator_name_search\":false,\"store_locator_name_string\":\"\",\"store_locator_not_found_message\":\"\",\"wpgmza_map_align\":\"1\",\"jump_to_nearest_marker_on_initialization\":false,\"override_users_location_zoom_level\":false,\"override_users_location_zoom_levels\":\"\",\"show_distance_from_location\":false,\"fit_maps_bounds_to_markers\":false,\"fit_maps_bounds_to_markers_after_filtering\":false,\"wpgmza_zoom_on_marker_click\":false,\"wpgmza_zoom_on_marker_click_slider\":\"\",\"close_infowindow_on_map_click\":false,\"disable_lightbox_images\":false,\"use_Raw_Jpeg_Coordinates\":false,\"polygon_labels\":false,\"disable_polygon_info_windows\":false,\"enable_advanced_custom_fields_integration\":false,\"enable_toolset_woocommerce_integration\":false,\"only_load_markers_within_viewport\":false,\"wpgmza_listmarkers_by\":\"0\",\"wpgmza_marker_listing_position\":false,\"wpgmza_push_in_map\":false,\"wpgmza_push_in_map_placement\":\"1\",\"zoom_level_on_marker_listing_override\":false,\"zoom_level_on_marker_listing_click\":\"\",\"datatable_no_result_message\":\"\",\"remove_search_box_datables\":false,\"dataTable_pagination_style\":\"default\",\"datatable_search_string\":\"\",\"datatable_result_start\":\"\",\"datatable_result_of\":\"\",\"datatable_result_to\":\"\",\"datatable_result_total\":\"\",\"datatable_result_show\":\"\",\"datatable_result_entries\":\"\",\"wpgmza_savemap\":\"Ulo\\u017eit mapu \\u00bb\",\"upload_default_sl_marker_retina\":false,\"store_locator_location_placeholder\":\"\",\"upload_default_ul_marker_retina\":false,\"marker_listing_disable_zoom\":false,\"enable_marker_labels\":false,\"zoom_level_mobile_override_enabled\":false,\"zoom_level_mobile_override\":\"\"}}' data-map-id='2' data-shortcode-attributes='{\"id\":\"2\"}'> <\/div>\r\n            \r\n               \r\n        [\/vc_column_text][\/vc_column][\/vc_row]<\/p>\n<\/div>","protected":false},"excerpt":{"rendered":"<p>[vc_row tm_bgimagefixed=&#8221;&#8221; tm_responsive_css=&#8221;55639100|colbreak_no|||||65||30||colbreak_no|0||||30||115px||colbreak_no|0||||30||30|||colbreak_no|||||||||&#8221; el_id=&#8221;naleznete&#8221;][vc_column width=&#8221;7\/12&#8243; css=&#8221;.vc_custom_1550064056914{padding-right: 60px !important;}&#8221; tm_responsive_css=&#8221;63016091|colbreak_no|||||||||colbreak_no|||||||||colbreak_no||||||15px|40px|||colbreak_no|||||||||&#8221;][vc_row_inner][vc_column_inner][\/vc_column_inner][\/vc_row_inner][\/vc_column][vc_column tm_bgcolor=&#8221;white&#8221; tm_shadow=&#8221;yes&#8221; width=&#8221;5\/12&#8243; el_class=&#8221;tm-rounded-shadow-box&#8221;][vc_row_inner css=&#8221;.vc_custom_1550064129482{padding-top: 40px !important;padding-right: 50px !important;padding-bottom: 20px !important;padding-left: 50px !important;}&#8221; tm_responsive_css=&#8221;77368950|colbreak_no|||||||||colbreak_no|||||||||colbreak_no|||||25px|20px|5px|20px||colbreak_no|||||||||&#8221;][vc_column_inner][vc_column_text css=&#8221;.vc_custom_1550057559191{padding-top: 7px !important;}&#8221;][\/vc_column_text][\/vc_column_inner][\/vc_row_inner][\/vc_column][\/vc_row][vc_row tm_bgimagefixed=&#8221;&#8221; full_width=&#8221;stretch_row&#8221; tm_responsive_css=&#8221;55639100|colbreak_no|||||0||0||colbreak_no|20||||0||40px||colbreak_no|0||||0||0|||colbreak_no|||||||||&#8221; css=&#8221;.vc_custom_1602141424633{margin-bottom: 0px !important;padding-top: 40px !important;padding-bottom: 0px !important;}&#8221; el_class=&#8221;first-row-contacts&#8221;][vc_column css=&#8221;.vc_custom_1550064056914{padding-right: 60px !important;}&#8221; tm_responsive_css=&#8221;63016091|colbreak_no|||||||||colbreak_no|||||||||colbreak_no||||||15px|40px|||colbreak_no|||||||||&#8221;][vc_row_inner tm_shadow=&#8221;yes&#8221; tm_responsive_css=&#8221;77368950|colbreak_no|||||||||colbreak_no|||||||||colbreak_no|||||25px|20px|5px|20px||colbreak_no|||||||||&#8221; css=&#8221;.vc_custom_1564916101530{padding-top: 40px !important;padding-right: 50px !important;padding-bottom: 20px !important;padding-left: 50px !important;}&#8221;][vc_column_inner width=&#8221;1\/2&#8243;][\/vc_column_inner][vc_column_inner width=&#8221;1\/2&#8243;][\/vc_column_inner][\/vc_row_inner][vc_row_inner tm_shadow=&#8221;yes&#8221; &hellip; <a href=\"https:\/\/vchd.cz\/en\/where-to-find-us\" class=\"more-link\">Continue reading <span class=\"screen-reader-text\">Where to find us<\/span><\/a><\/p>\n","protected":false},"author":7,"featured_media":0,"parent":0,"menu_order":9,"comment_status":"open","ping_status":"open","template":"","meta":{"footnotes":""},"class_list":["post-5840","page","type-page","status-publish","hentry"],"_links":{"self":[{"href":"https:\/\/vchd.cz\/en\/wp-json\/wp\/v2\/pages\/5840","targetHints":{"allow":["GET"]}}],"collection":[{"href":"https:\/\/vchd.cz\/en\/wp-json\/wp\/v2\/pages"}],"about":[{"href":"https:\/\/vchd.cz\/en\/wp-json\/wp\/v2\/types\/page"}],"author":[{"embeddable":true,"href":"https:\/\/vchd.cz\/en\/wp-json\/wp\/v2\/users\/7"}],"replies":[{"embeddable":true,"href":"https:\/\/vchd.cz\/en\/wp-json\/wp\/v2\/comments?post=5840"}],"version-history":[{"count":1,"href":"https:\/\/vchd.cz\/en\/wp-json\/wp\/v2\/pages\/5840\/revisions"}],"predecessor-version":[{"id":10522,"href":"https:\/\/vchd.cz\/en\/wp-json\/wp\/v2\/pages\/5840\/revisions\/10522"}],"wp:attachment":[{"href":"https:\/\/vchd.cz\/en\/wp-json\/wp\/v2\/media?parent=5840"}],"curies":[{"name":"wp","href":"https:\/\/api.w.org\/{rel}","templated":true}]}}