{"id":5843,"date":"2019-06-04T00:00:00","date_gmt":"2019-06-03T22:00:00","guid":{"rendered":"http:\/\/vchd.cz\/pojisteni-a-certifikace\/"},"modified":"2026-03-16T12:57:50","modified_gmt":"2026-03-16T11:57:50","slug":"pojisteni-a-certifikace","status":"publish","type":"page","link":"https:\/\/vchd.cz\/en\/insurance-and-certification","title":{"rendered":"Insurance and certification"},"content":{"rendered":"<div class=\"wpb-content-wrapper\"><p>[vc_row tm_bgimagefixed=&#8221;&#8221; break_in_responsive=&#8221;991&#8243; full_width=&#8221;stretch_row&#8221; tm_responsive_css=&#8221;10323992|colbreak_no|||||||||colbreak_no|||||40px||25px||colbreak_no|||||40|||||colbreak_no|||||||||&#8221; css=&#8221;.vc_custom_1566808500749{background-image: url(https:\/\/www.vchd.cz\/wp-content\/uploads\/2019\/06\/bg.jpg?id=3927) !important;background-position: center !important;background-repeat: no-repeat !important;background-size: cover !important;}&#8221; el_id=&#8221;udaje&#8221;][vc_column width=&#8221;1\/3&#8243;]<h2 style=\"text-align:left;font-size:26px;line-height:48px;font-family:'Poppins',Arial,Helvetica;font-weight:600;\" class=\"tm-custom-heading \" >Company registration data:<\/h2>\n<ul class=\"tm-list tm-list-style-icon tm-list-icon-color-skincolor tm- tm-icon-skincolor tm-list-textsize-large tm-list-icon-library-themify\"><li><i class=\"tm-skincolor themifyicon ti-angle-double-right\"><\/i>  <span class=\"tm-list-li-content\"><b> Name: <\/b> VCHD Cargo a.s.<\/span><\/li><li><i class=\"tm-skincolor themifyicon ti-angle-double-right\"><\/i>  <span class=\"tm-list-li-content\"><b> Registered address: <\/b> \u017delez\u00e1rensk\u00e1 315, 272 01 Kladno<\/span><\/li><li><i class=\"tm-skincolor themifyicon ti-angle-double-right\"><\/i>  <span class=\"tm-list-li-content\"><b> Tax ID: <\/b> CZ 272 31 551<\/span><\/li><li><i class=\"tm-skincolor themifyicon ti-angle-double-right\"><\/i>  <span class=\"tm-list-li-content\"><b> Company ID: <\/b> 272 31 551<\/span><\/li><li><i class=\"tm-skincolor themifyicon ti-angle-double-right\"><\/i>  <span class=\"tm-list-li-content\"><b> Registration details: <\/b> The company is registered in the Commercial Register maintained by the Municipal Court in Prague, Section B, File 9876<\/span><\/li><li><i class=\"tm-skincolor themifyicon ti-angle-double-right\"><\/i>  <span class=\"tm-list-li-content\"><b> Date of registration: <\/b> 28.4.2005<\/span><\/li><\/ul><h2 style=\"text-align:left;font-size:26px;line-height:48px;font-family:'Poppins',Arial,Helvetica;font-weight:600;\" class=\"tm-custom-heading \" >Company registration data:<\/h2>\n<ul class=\"tm-list tm-list-style-icon tm-list-icon-color-skincolor tm- tm-icon-skincolor tm-list-textsize-large tm-list-icon-library-themify\"><li><i class=\"tm-skincolor themifyicon ti-angle-double-right\"><\/i>  <span class=\"tm-list-li-content\"><b> Name: <\/b> VCHD Cargo GmbH<\/span><\/li><li><i class=\"tm-skincolor themifyicon ti-angle-double-right\"><\/i>  <span class=\"tm-list-li-content\"><b> Registered address: <\/b> Dirsr\u00f6der Feld 3, 36304 Alsfeld<\/span><\/li><li><i class=\"tm-skincolor themifyicon ti-angle-double-right\"><\/i>  <span class=\"tm-list-li-content\"><b>USt.-IdNr.:<\/b> DE322357596<\/span><\/li><li><i class=\"tm-skincolor themifyicon ti-angle-double-right\"><\/i>  <span class=\"tm-list-li-content\"><b> Registration details: <\/b> The company is registered in the Commercial Register of the Municipal Court AmtsG. Gie\u00dfen, HRB 11445<\/span><\/li><li><i class=\"tm-skincolor themifyicon ti-angle-double-right\"><\/i>  <span class=\"tm-list-li-content\"><B> Date of registration: <\/b> 16.1.2019<\/span><\/li><\/ul>[\/vc_column][vc_column reduce_extra_padding=&#8221;991&#8243; width=&#8221;2\/3&#8243; css=&#8221;.vc_custom_1549027133600{padding-left: 5px !important;}&#8221;]<div class=\"tm-element-heading-wrapper tm-heading-inner tm-element-align-left tm-seperator-solid tm-heading-style-vertical \"><section class=\"tm-vc_cta3-container\"><div class=\"tm-vc_general tm-vc_cta3 tm-cta3-only tm-vc_cta3-style-classic tm-vc_cta3-shape-rounded tm-vc_cta3-align-left tm-vc_cta3-color-transparent tm-vc_cta3-icon-size-md tm-vc_cta3-actions-no tm-cta3-without-desc\"><div class=\"tm-vc_cta3_content-container\"><div class=\"tm-vc_cta3-content\"><header class=\"tm-vc_cta3-content-header tm-wrap\"><div class=\"tm-vc_cta3-headers tm-wrap-cell\"><h4 class=\"tm-custom-heading \" >With VCHD Cargo your shipment is safe<\/h4>\n<h2 class=\"tm-custom-heading \" >Insurance and certification<\/h2>\n<\/div><\/header><\/div><\/div><\/div><\/section><\/div> <!-- .tm-element-heading-wrapper container --> [vc_column_text]All shipments carried by the Company are carefully secured and are covered by our liability insurance for domestic and international carriers, including cabotage operations, insured up to <strong>EUR 600,000.<\/strong><\/p>\n<p>The Company is a carrier<strong> approved by the Civil Aviation Authority<\/strong> of the Czech Republic for the carriage of cargo and consignments subjected to security controls in accordance with Regulation (EC) No 300\/2008 of the European Parliament and of the Council and its implementing regulations.<\/p>\n<p>Every year VCHD Cargo achieves the best<strong> certification of Czech Stability Award.<\/strong><\/p>\n<p>The work of VCHD Cargo is focused on mutually beneficial cooperation. The company values its reputation and is always fully responsible for its obligations. This approach to the work allows VCHD Cargo to provide legal and financial guarantees to customers.<\/p>\n<p>VCHD Cargo \u2013 reliable team that will prove to be the best![\/vc_column_text]<section class=\"tm-vc_cta3-container certifikaty\"><div class=\"tm-vc_general tm-vc_cta3 tm-cta3-only tm-vc_cta3-style-classic tm-vc_cta3-shape-square tm-vc_cta3-align-left tm-vc_cta3-color-transparent tm-vc_cta3-icon-size-md tm-vc_cta3-icons-left tm-vc_cta3-actions-right tm-cta3-without-desc\"><div class=\"tm-vc_cta3-icons tm-wrap-cell\"><div class=\"tm-vc_icon_element tm-vc_icon_element-outer tm-vc_icon_element-align-left \"><div class=\"tm-vc_icon_element-inner  tm-vc_icon_element-color-skincolor tm-vc_icon_element-size-md tm-vc_icon_element-style- tm-vc_icon_element-background-color-grey\" ><span class=\"tm-vc_icon_element-icon fa fa-file-pdf-o\" ><\/span><\/div><\/div><\/div><div class=\"tm-vc_cta3_content-container\"><div class=\"tm-vc_cta3-content\"><header class=\"tm-vc_cta3-content-header tm-wrap\"><div class=\"tm-vc_cta3-headers tm-wrap-cell\"><h4 class=\"tm-custom-heading \" >VCHD Cargo a.s. liability insurance<\/h4>\n<\/div><\/header><\/div><div class=\"tm-vc_cta3-actions\">\n\t\t<div class=\"tm-vc_btn3-container tm-vc_btn3-inline\"><a class=\"tm-vc_general tm-vc_btn3 tm-vc_btn3-size-md tm-vc_btn3-shape-round tm-vc_btn3-style-flat tm-vc_btn3-weight-no tm-vc_btn3-color-skincolor\" href=\"https:\/\/vchd.cz\/wp-content\/uploads\/2026\/02\/Cert.-VCHD-final.pdf\" title=\"Versicherung\" target=\"_blank\">DOWNLOAD PDF<\/a><\/div><\/div><\/div><\/div><\/section><section class=\"tm-vc_cta3-container certifikaty\"><div class=\"tm-vc_general tm-vc_cta3 tm-cta3-only tm-vc_cta3-style-classic tm-vc_cta3-shape-square tm-vc_cta3-align-left tm-vc_cta3-color-transparent tm-vc_cta3-icon-size-md tm-vc_cta3-icons-left tm-vc_cta3-actions-right tm-cta3-without-desc\"><div class=\"tm-vc_cta3-icons tm-wrap-cell\"><div class=\"tm-vc_icon_element tm-vc_icon_element-outer tm-vc_icon_element-align-left \"><div class=\"tm-vc_icon_element-inner  tm-vc_icon_element-color-skincolor tm-vc_icon_element-size-md tm-vc_icon_element-style- tm-vc_icon_element-background-color-grey\" ><span class=\"tm-vc_icon_element-icon fa fa-file-pdf-o\" ><\/span><\/div><\/div><\/div><div class=\"tm-vc_cta3_content-container\"><div class=\"tm-vc_cta3-content\"><header class=\"tm-vc_cta3-content-header tm-wrap\"><div class=\"tm-vc_cta3-headers tm-wrap-cell\"><h4 class=\"tm-custom-heading \" >VCHD Cargo GmbH liability insurance<\/h4>\n<\/div><\/header><\/div><div class=\"tm-vc_cta3-actions\">\n\t\t<div class=\"tm-vc_btn3-container tm-vc_btn3-inline\"><a class=\"tm-vc_general tm-vc_btn3 tm-vc_btn3-size-md tm-vc_btn3-shape-round tm-vc_btn3-style-flat tm-vc_btn3-weight-no tm-vc_btn3-color-skincolor\" href=\"https:\/\/vchd.cz\/wp-content\/uploads\/2024\/07\/Versicherungsbestatigung-15.6.19-15.6.25.pdf\" title=\"VCHD Cargo GmbH insurance\" target=\"_blank\">DOWNLOAD PDF<\/a><\/div><\/div><\/div><\/div><\/section><section class=\"tm-vc_cta3-container certifikaty\"><div class=\"tm-vc_general tm-vc_cta3 tm-cta3-only tm-vc_cta3-style-classic tm-vc_cta3-shape-square tm-vc_cta3-align-left tm-vc_cta3-color-transparent tm-vc_cta3-icon-size-md tm-vc_cta3-icons-left tm-vc_cta3-actions-right tm-cta3-without-desc\"><div class=\"tm-vc_cta3-icons tm-wrap-cell\"><div class=\"tm-vc_icon_element tm-vc_icon_element-outer tm-vc_icon_element-align-left \"><div class=\"tm-vc_icon_element-inner  tm-vc_icon_element-color-skincolor tm-vc_icon_element-size-md tm-vc_icon_element-style- tm-vc_icon_element-background-color-grey\" ><span class=\"tm-vc_icon_element-icon fa fa-file-pdf-o\" ><\/span><\/div><\/div><\/div><div class=\"tm-vc_cta3_content-container\"><div class=\"tm-vc_cta3-content\"><header class=\"tm-vc_cta3-content-header tm-wrap\"><div class=\"tm-vc_cta3-headers tm-wrap-cell\"><h4 class=\"tm-custom-heading \" >VCHD Cargo GmbH Eurolicence<\/h4>\n<\/div><\/header><\/div><div class=\"tm-vc_cta3-actions\">\n\t\t<div class=\"tm-vc_btn3-container tm-vc_btn3-inline\"><a class=\"tm-vc_general tm-vc_btn3 tm-vc_btn3-size-md tm-vc_btn3-shape-round tm-vc_btn3-style-flat tm-vc_btn3-weight-no tm-vc_btn3-color-skincolor\" href=\"https:\/\/vchd.cz\/wp-content\/uploads\/2024\/07\/EU-Lizenz-Dirsroder-Feld-3-bis-06-29.pdf\" title=\"EU-Licence GmbH\">DOWNLOAD PDF<\/a><\/div><\/div><\/div><\/div><\/section><section class=\"tm-vc_cta3-container certifikaty\"><div class=\"tm-vc_general tm-vc_cta3 tm-cta3-only tm-vc_cta3-style-classic tm-vc_cta3-shape-square tm-vc_cta3-align-left tm-vc_cta3-color-transparent tm-vc_cta3-icon-size-md tm-vc_cta3-icons-left tm-vc_cta3-actions-right tm-cta3-without-desc\"><div class=\"tm-vc_cta3-icons tm-wrap-cell\"><div class=\"tm-vc_icon_element tm-vc_icon_element-outer tm-vc_icon_element-align-left \"><div class=\"tm-vc_icon_element-inner  tm-vc_icon_element-color-skincolor tm-vc_icon_element-size-md tm-vc_icon_element-style- tm-vc_icon_element-background-color-grey\" ><span class=\"tm-vc_icon_element-icon fa fa-file-pdf-o\" ><\/span><\/div><\/div><\/div><div class=\"tm-vc_cta3_content-container\"><div class=\"tm-vc_cta3-content\"><header class=\"tm-vc_cta3-content-header tm-wrap\"><div class=\"tm-vc_cta3-headers tm-wrap-cell\"><h4 class=\"tm-custom-heading \" >VCHD Cargo a.s. Eurolicence<\/h4>\n<\/div><\/header><\/div><div class=\"tm-vc_cta3-actions\">\n\t\t<div class=\"tm-vc_btn3-container tm-vc_btn3-inline\"><a class=\"tm-vc_general tm-vc_btn3 tm-vc_btn3-size-md tm-vc_btn3-shape-round tm-vc_btn3-style-flat tm-vc_btn3-weight-no tm-vc_btn3-color-skincolor\" href=\"\/wp-content\/uploads\/2019\/08\/EUROLICENCE-VCHD.pdf\" title=\"\">DOWNLOAD PDF<\/a><\/div><\/div><\/div><\/div><\/section><section class=\"tm-vc_cta3-container certifikaty\"><div class=\"tm-vc_general tm-vc_cta3 tm-cta3-only tm-vc_cta3-style-classic tm-vc_cta3-shape-square tm-vc_cta3-align-left tm-vc_cta3-color-transparent tm-vc_cta3-icon-size-md tm-vc_cta3-icons-left tm-vc_cta3-actions-right tm-cta3-without-desc\"><div class=\"tm-vc_cta3-icons tm-wrap-cell\"><div class=\"tm-vc_icon_element tm-vc_icon_element-outer tm-vc_icon_element-align-left \"><div class=\"tm-vc_icon_element-inner  tm-vc_icon_element-color-skincolor tm-vc_icon_element-size-md tm-vc_icon_element-style- tm-vc_icon_element-background-color-grey\" ><span class=\"tm-vc_icon_element-icon fa fa-file-pdf-o\" ><\/span><\/div><\/div><\/div><div class=\"tm-vc_cta3_content-container\"><div class=\"tm-vc_cta3-content\"><header class=\"tm-vc_cta3-content-header tm-wrap\"><div class=\"tm-vc_cta3-headers tm-wrap-cell\"><h4 class=\"tm-custom-heading \" >VCHD Cargo Code of Conduct<\/h4>\n<\/div><\/header><\/div><div class=\"tm-vc_cta3-actions\">\n\t\t<div class=\"tm-vc_btn3-container tm-vc_btn3-inline\"><a class=\"tm-vc_general tm-vc_btn3 tm-vc_btn3-size-md tm-vc_btn3-shape-round tm-vc_btn3-style-flat tm-vc_btn3-weight-no tm-vc_btn3-color-skincolor\" href=\"https:\/\/vchd.cz\/wp-content\/uploads\/2024\/04\/Code-of-Conduct-VCHD-Cargo-04.2024.pdf\" title=\"Code of Conduct VCHD Cargo\" target=\"_blank\">DOWNLOAD PDF<\/a><\/div><\/div><\/div><\/div><\/section><section class=\"tm-vc_cta3-container certifikaty\"><div class=\"tm-vc_general tm-vc_cta3 tm-cta3-only tm-vc_cta3-style-classic tm-vc_cta3-shape-square tm-vc_cta3-align-left tm-vc_cta3-color-transparent tm-vc_cta3-icon-size-md tm-vc_cta3-icons-left tm-vc_cta3-actions-right tm-cta3-without-desc\"><div class=\"tm-vc_cta3-icons tm-wrap-cell\"><div class=\"tm-vc_icon_element tm-vc_icon_element-outer tm-vc_icon_element-align-left \"><div class=\"tm-vc_icon_element-inner  tm-vc_icon_element-color-skincolor tm-vc_icon_element-size-md tm-vc_icon_element-style- tm-vc_icon_element-background-color-grey\" ><span class=\"tm-vc_icon_element-icon fa fa-file-pdf-o\" ><\/span><\/div><\/div><\/div><div class=\"tm-vc_cta3_content-container\"><div class=\"tm-vc_cta3-content\"><header class=\"tm-vc_cta3-content-header tm-wrap\"><div class=\"tm-vc_cta3-headers tm-wrap-cell\"><h4 class=\"tm-custom-heading \" >Dun &amp; Bradstreet highest creditworthiness certificate<\/h4>\n<\/div><\/header><\/div><div class=\"tm-vc_cta3-actions\">\n\t\t<div class=\"tm-vc_btn3-container tm-vc_btn3-inline\"><a class=\"tm-vc_general tm-vc_btn3 tm-vc_btn3-size-md tm-vc_btn3-shape-round tm-vc_btn3-style-flat tm-vc_btn3-weight-no tm-vc_btn3-color-skincolor\" href=\"https:\/\/vchd.cz\/wp-content\/uploads\/2024\/02\/Dun-Bradstreet-VCHD-Cargo-Digital-Certificate-EN.pdf\" title=\"Dun &amp; Bradstreet AAA-Platinum Excellence Certificate\" target=\"_blank\">DOWNLOAD PDF<\/a><\/div><\/div><\/div><\/div><\/section><section class=\"tm-vc_cta3-container certifikaty\"><div class=\"tm-vc_general tm-vc_cta3 tm-cta3-only tm-vc_cta3-style-classic tm-vc_cta3-shape-square tm-vc_cta3-align-left tm-vc_cta3-color-transparent tm-vc_cta3-icon-size-md tm-vc_cta3-icons-left tm-vc_cta3-actions-right tm-cta3-without-desc\"><div class=\"tm-vc_cta3-icons tm-wrap-cell\"><div class=\"tm-vc_icon_element tm-vc_icon_element-outer tm-vc_icon_element-align-left \"><div class=\"tm-vc_icon_element-inner  tm-vc_icon_element-color-skincolor tm-vc_icon_element-size-md tm-vc_icon_element-style- tm-vc_icon_element-background-color-grey\" ><span class=\"tm-vc_icon_element-icon fa fa-file-pdf-o\" ><\/span><\/div><\/div><\/div><div class=\"tm-vc_cta3_content-container\"><div class=\"tm-vc_cta3-content\"><header class=\"tm-vc_cta3-content-header tm-wrap\"><div class=\"tm-vc_cta3-headers tm-wrap-cell\"><h4 class=\"tm-custom-heading \" >Regional Veterinary Administration - document of registration of the carrier VCHD Cargo<\/h4>\n<\/div><\/header><\/div><div class=\"tm-vc_cta3-actions\">\n\t\t<div class=\"tm-vc_btn3-container tm-vc_btn3-inline\"><a class=\"tm-vc_general tm-vc_btn3 tm-vc_btn3-size-md tm-vc_btn3-shape-round tm-vc_btn3-style-flat tm-vc_btn3-weight-no tm-vc_btn3-color-skincolor\" href=\"https:\/\/vchd.cz\/wp-content\/uploads\/2024\/01\/Krajska-veterinarni-sprava_doklad-o-registraci-dopravce-VCHD-Cargo.pdf\" title=\"\" target=\"_blank\">DOWNLOAD PDF<\/a><\/div><\/div><\/div><\/div><\/section>[\/vc_column][\/vc_row]<\/p>\n<\/div>","protected":false},"excerpt":{"rendered":"<p>[vc_row tm_bgimagefixed=&#8221;&#8221; break_in_responsive=&#8221;991&#8243; full_width=&#8221;stretch_row&#8221; tm_responsive_css=&#8221;10323992|colbreak_no|||||||||colbreak_no|||||40px||25px||colbreak_no|||||40|||||colbreak_no|||||||||&#8221; css=&#8221;.vc_custom_1566808500749{background-image: url(https:\/\/www.vchd.cz\/wp-content\/uploads\/2019\/06\/bg.jpg?id=3927) !important;background-position: center !important;background-repeat: no-repeat !important;background-size: cover !important;}&#8221; el_id=&#8221;udaje&#8221;][vc_column width=&#8221;1\/3&#8243;][\/vc_column][vc_column reduce_extra_padding=&#8221;991&#8243; width=&#8221;2\/3&#8243; css=&#8221;.vc_custom_1549027133600{padding-left: 5px !important;}&#8221;][vc_column_text]All shipments carried by the Company are carefully secured and are covered by our liability insurance for domestic and international carriers, including cabotage operations, insured up to EUR 600,000. The Company is a carrier approved &hellip; <a href=\"https:\/\/vchd.cz\/en\/insurance-and-certification\" class=\"more-link\">Continue reading <span class=\"screen-reader-text\">Insurance and certification<\/span><\/a><\/p>\n","protected":false},"author":7,"featured_media":0,"parent":0,"menu_order":0,"comment_status":"open","ping_status":"open","template":"","meta":{"footnotes":""},"class_list":["post-5843","page","type-page","status-publish","hentry"],"_links":{"self":[{"href":"https:\/\/vchd.cz\/en\/wp-json\/wp\/v2\/pages\/5843","targetHints":{"allow":["GET"]}}],"collection":[{"href":"https:\/\/vchd.cz\/en\/wp-json\/wp\/v2\/pages"}],"about":[{"href":"https:\/\/vchd.cz\/en\/wp-json\/wp\/v2\/types\/page"}],"author":[{"embeddable":true,"href":"https:\/\/vchd.cz\/en\/wp-json\/wp\/v2\/users\/7"}],"replies":[{"embeddable":true,"href":"https:\/\/vchd.cz\/en\/wp-json\/wp\/v2\/comments?post=5843"}],"version-history":[{"count":1,"href":"https:\/\/vchd.cz\/en\/wp-json\/wp\/v2\/pages\/5843\/revisions"}],"predecessor-version":[{"id":10634,"href":"https:\/\/vchd.cz\/en\/wp-json\/wp\/v2\/pages\/5843\/revisions\/10634"}],"wp:attachment":[{"href":"https:\/\/vchd.cz\/en\/wp-json\/wp\/v2\/media?parent=5843"}],"curies":[{"name":"wp","href":"https:\/\/api.w.org\/{rel}","templated":true}]}}