{"id":5845,"date":"2019-06-04T00:00:00","date_gmt":"2019-06-03T22:00:00","guid":{"rendered":"http:\/\/vchd.cz\/trvale-udrzitelny-rozvoj\/"},"modified":"2019-09-24T12:24:18","modified_gmt":"2019-09-24T10:24:18","slug":"trvale-udrzitelny-rozvoj","status":"publish","type":"page","link":"https:\/\/vchd.cz\/en\/sustainable-development","title":{"rendered":"Sustainable Development"},"content":{"rendered":"<div class=\"wpb-content-wrapper\"><p>[vc_row tm_bgimagefixed=&#8221;&#8221; break_in_responsive=&#8221;991&#8243; full_width=&#8221;stretch_row&#8221; gap=&#8221;35&#8243; tm_responsive_css=&#8221;10323992|colbreak_no|||||||||colbreak_no|||||20px||25px||colbreak_no||||||||||colbreak_no|||||||||&#8221; css=&#8221;.vc_custom_1563286545897{background-image: url(https:\/\/www.vchd.cz\/wp-content\/uploads\/2019\/07\/les.jpg?id=4433) !important;background-position: center !important;background-repeat: no-repeat !important;background-size: cover !important;}&#8221; el_class=&#8221;zelena&#8221;][vc_column width=&#8221;1\/3&#8243;][vc_single_image image=&#8221;4431&#8243; img_size=&#8221;full&#8221;][\/vc_column][vc_column reduce_extra_padding=&#8221;991&#8243; width=&#8221;2\/3&#8243; css=&#8221;.vc_custom_1563286832260{padding-left: 5px !important;}&#8221;]<div class=\"tm-element-heading-wrapper tm-heading-inner tm-element-align-left tm-seperator-solid tm-heading-style-vertical \"><section class=\"tm-vc_cta3-container\"><div class=\"tm-vc_general tm-vc_cta3 tm-cta3-only tm-vc_cta3-style-classic tm-vc_cta3-shape-rounded tm-vc_cta3-align-left tm-vc_cta3-color-transparent tm-vc_cta3-icon-size-md tm-vc_cta3-actions-no tm-cta3-without-desc\"><div class=\"tm-vc_cta3_content-container\"><div class=\"tm-vc_cta3-content\"><header class=\"tm-vc_cta3-content-header tm-wrap\"><div class=\"tm-vc_cta3-headers tm-wrap-cell\"><h4 class=\"tm-custom-heading \" >We are concerned about nature<\/h4>\n<h2 class=\"tm-custom-heading \" >Sustainable Development<\/h2>\n<\/div><\/header><\/div><\/div><\/div><\/section><\/div> <!-- .tm-element-heading-wrapper container --> [vc_column_text css=&#8221;.vc_custom_1565954742088{margin-bottom: 25px !important;}&#8221;]Sustainable development, including <strong>environmental improvement measures<\/strong>, is part of the company&#8217;s priorities. A set of measures to <strong>protect<\/strong> employees&#8217; health, the environment and to <strong>minimise<\/strong> the environmental <strong>impact<\/strong> of VCHD Cargo&#8217;s business is the foundation of the company&#8217;s strategy.<\/p>\n<p>First and foremost is the constant optimisation of transport routes with the aim of reducing the number of &#8217;empty&#8217; kilometres and the efficient use of all transport units. The company has also invested in new transport equipment complying with <strong>EURO 6<\/strong> emission standards and has taken measures to minimize fuel consumption. VCHD Cargo monitors several indicators that have a significant impact on fuel consumption.<\/p>\n<p>These indicators are:<\/p>\n<p>Exceeding the speed limit<br \/>\nExceeding RPM<br \/>\nVehicle idling time<br \/>\nFuel consumption on cruise control<br \/>\nBraking at high speeds<\/p>\n<p>Drivers are motivated to adhere to these indicators by regular rewards or other corporate benefits.<\/p>\n<p>At Havl\u00ed\u010dk\u016fv Brod and Kladno, the company also uses an alternative energy source from its own photovoltaic power plant.[\/vc_column_text][vc_separator color=&#8221;custom&#8221; style=&#8221;dashed&#8221; accent_color=&#8221;#003366&#8243; css=&#8221;.vc_custom_1563286587053{margin-bottom: 25px !important;}&#8221;][vc_row_inner][vc_column_inner]<div class=\"themetechmount-progress-bar vc_progress_bar wpb_content_element vc_progress-bar-color-bar_green vc_progress-bar-color-bar_green\"><div class=\"tm-pbar-single-bar-w tm-pbar-icon-true\"><div class=\"tm-pbar-icon-w\"><div class=\"tm-vc_icon_element tm-vc_icon_element-outer tm-vc_icon_element-align-left \"><div class=\"tm-vc_icon_element-inner  tm-vc_icon_element-color-bar_green tm-vc_icon_element-size-md tm-vc_icon_element-style- tm-vc_icon_element-background-color-grey\" ><span class=\"tm-vc_icon_element-icon fa fa-tree\" ><\/span><\/div><\/div><\/div><div class=\"vc_general vc_single_bar vc_progress-bar-color-bar_green\"><small class=\"vc_label\">Percentage of trucks meeting the EURO 6 standard<\/small> <span class=\"tm-vc_label_units vc_label_units\">100%<\/span><span class=\"vc_bar \" data-percentage-value=\"100\" data-value=\"100\"><\/span><\/div><\/div><\/div>[\/vc_column_inner][\/vc_row_inner][\/vc_column][\/vc_row]<\/p>\n<\/div>","protected":false},"excerpt":{"rendered":"<p>[vc_row tm_bgimagefixed=&#8221;&#8221; break_in_responsive=&#8221;991&#8243; full_width=&#8221;stretch_row&#8221; gap=&#8221;35&#8243; tm_responsive_css=&#8221;10323992|colbreak_no|||||||||colbreak_no|||||20px||25px||colbreak_no||||||||||colbreak_no|||||||||&#8221; css=&#8221;.vc_custom_1563286545897{background-image: url(https:\/\/www.vchd.cz\/wp-content\/uploads\/2019\/07\/les.jpg?id=4433) !important;background-position: center !important;background-repeat: no-repeat !important;background-size: cover !important;}&#8221; el_class=&#8221;zelena&#8221;][vc_column width=&#8221;1\/3&#8243;][vc_single_image image=&#8221;4431&#8243; img_size=&#8221;full&#8221;][\/vc_column][vc_column reduce_extra_padding=&#8221;991&#8243; width=&#8221;2\/3&#8243; css=&#8221;.vc_custom_1563286832260{padding-left: 5px !important;}&#8221;][vc_column_text css=&#8221;.vc_custom_1565954742088{margin-bottom: 25px !important;}&#8221;]Sustainable development, including environmental improvement measures, is part of the company&#8217;s priorities. A set of measures to protect employees&#8217; health, the environment and to minimise the environmental impact of &hellip; <a href=\"https:\/\/vchd.cz\/en\/sustainable-development\" class=\"more-link\">Continue reading <span class=\"screen-reader-text\">Sustainable Development<\/span><\/a><\/p>\n","protected":false},"author":7,"featured_media":0,"parent":0,"menu_order":0,"comment_status":"open","ping_status":"open","template":"","meta":{"footnotes":""},"class_list":["post-5845","page","type-page","status-publish","hentry"],"_links":{"self":[{"href":"https:\/\/vchd.cz\/en\/wp-json\/wp\/v2\/pages\/5845","targetHints":{"allow":["GET"]}}],"collection":[{"href":"https:\/\/vchd.cz\/en\/wp-json\/wp\/v2\/pages"}],"about":[{"href":"https:\/\/vchd.cz\/en\/wp-json\/wp\/v2\/types\/page"}],"author":[{"embeddable":true,"href":"https:\/\/vchd.cz\/en\/wp-json\/wp\/v2\/users\/7"}],"replies":[{"embeddable":true,"href":"https:\/\/vchd.cz\/en\/wp-json\/wp\/v2\/comments?post=5845"}],"version-history":[{"count":0,"href":"https:\/\/vchd.cz\/en\/wp-json\/wp\/v2\/pages\/5845\/revisions"}],"wp:attachment":[{"href":"https:\/\/vchd.cz\/en\/wp-json\/wp\/v2\/media?parent=5845"}],"curies":[{"name":"wp","href":"https:\/\/api.w.org\/{rel}","templated":true}]}}