{"id":5849,"date":"2019-07-01T00:00:00","date_gmt":"2019-06-30T22:00:00","guid":{"rendered":"http:\/\/vchd.cz\/pro-media\/"},"modified":"2024-11-12T10:53:00","modified_gmt":"2024-11-12T09:53:00","slug":"pro-media","status":"publish","type":"page","link":"https:\/\/vchd.cz\/en\/press-center","title":{"rendered":"Press center"},"content":{"rendered":"<div class=\"wpb-content-wrapper\"><p>[vc_row tm_bgimagefixed=&#8221;&#8221; el_class=&#8221;tiskovky&#8221;][vc_column width=&#8221;2\/3&#8243;]<div class=\"tm-element-heading-wrapper tm-heading-inner tm-element-align-left tm-seperator-solid tm-heading-style-vertical \"><section class=\"tm-vc_cta3-container\"><div class=\"tm-vc_general tm-vc_cta3 tm-cta3-only tm-vc_cta3-style-classic tm-vc_cta3-shape-rounded tm-vc_cta3-align-left tm-vc_cta3-color-transparent tm-vc_cta3-icon-size-md tm-vc_cta3-actions-no tm-cta3-with-desc\"><div class=\"tm-vc_cta3_content-container\"><div class=\"tm-vc_cta3-content\"><header class=\"tm-vc_cta3-content-header tm-wrap\"><div class=\"tm-vc_cta3-headers tm-wrap-cell\"><h2 class=\"tm-custom-heading \" >Press Releases<\/h2>\n<\/div><\/header><div class=\"tm-cta3-content-wrapper\"><p>See what\u2019s <strong>new<\/strong> in our company. You can also subscribe to our <a href=\"#newsletter\"><strong>newsletter<\/strong><\/a>.<\/p><\/div><\/div><\/div><\/div><\/section><\/div> <!-- .tm-element-heading-wrapper container --> [vc_basic_grid post_type=&#8221;post&#8221; max_items=&#8221;-1&#8243; style=&#8221;load-more&#8221; items_per_page=&#8221;5&#8243; element_width=&#8221;12&#8243; item=&#8221;4854&#8243; btn_shape=&#8221;square&#8221; btn_color=&#8221;juicy-pink&#8221; grid_id=&#8221;vc_gid:1731405131804-975d09b059a3e402b56a6943edf43a75-5&#8243; taxonomies=&#8221;43&#8243;][vc_empty_space height=&#8221;40px&#8221;]<div class=\"tm-element-heading-wrapper tm-heading-inner tm-element-align-left tm-seperator-solid tm-heading-style-vertical \"><section class=\"tm-vc_cta3-container\"><div class=\"tm-vc_general tm-vc_cta3 tm-cta3-only tm-vc_cta3-style-classic tm-vc_cta3-shape-rounded tm-vc_cta3-align-left tm-vc_cta3-color-transparent tm-vc_cta3-icon-size-md tm-vc_cta3-actions-no tm-cta3-without-desc\"><div class=\"tm-vc_cta3_content-container\"><div class=\"tm-vc_cta3-content\"><header class=\"tm-vc_cta3-content-header tm-wrap\"><div class=\"tm-vc_cta3-headers tm-wrap-cell\"><h2 class=\"tm-custom-heading \" >Information for editors<\/h2>\n<\/div><\/header><\/div><\/div><\/div><\/section><\/div> <!-- .tm-element-heading-wrapper container --> [vc_column_text css=&#8221;&#8221;]<a href=\"https:\/\/vchd.cz\/en\/\"><strong>VCHD Cargo a.s.<\/strong> <\/a>was founded in 1997 and specializes in export and domestic overland transport. The company has branches in the Czech Repubic in Kladno, Brno and Havl\u00ed\u010dk\u016fv Brod and carries out transport on 112 regular scheduled services to many European countries. It provides full-load and LTL export and import transport and domestic terminal-to-terminal or supplier-to-customer transport with regular departures. <strong>VCHD Cargo<\/strong> a.s. operates its own fleet of more than<strong> 240 vehicles<\/strong>, including those for ADR and temperature-controlled shipments. The company is also a carrier approved by the Civil Aviation Authority of the Czech Republic for the carriage of mail cargo subject to security control. VCHD Cargo operates its own petrol station, professional service and washing line for cars and trucks.<\/p>\n<p>In 2019, <strong>VCHD Cargo a.s.<\/strong> established a subsidiary in Germany, <strong>VCHD Cargo GmbH<\/strong>. The latter then acquired the German shipping company <a href=\"https:\/\/voelker-logistik.de\/\" target=\"_blank\" rel=\"noopener\"><strong>V\u00f6lker Logistik<\/strong><\/a> in 2021. The entire VCHD Cargo Group achieved a gross turnover of CZK 1,281 million in 2023 and currently employs almost 440 people in the Czech Republic and abroad.[\/vc_column_text][\/vc_column][vc_column width=&#8221;1\/3&#8243;][vc_single_image image=&#8221;4162&#8243; img_size=&#8221;full&#8221; alignment=&#8221;center&#8221;]<div class=\"tm-element-heading-wrapper tm-heading-inner tm-element-align-center tm-seperator-solid tm-heading-style-vertical \"><section class=\"tm-vc_cta3-container\"><div class=\"tm-vc_general tm-vc_cta3 tm-cta3-only tm-vc_cta3-style-classic tm-vc_cta3-shape-rounded tm-vc_cta3-align-center tm-vc_cta3-color-transparent tm-vc_cta3-icon-size-md tm-vc_cta3-actions-no tm-cta3-without-desc\"><div class=\"tm-vc_cta3_content-container\"><div class=\"tm-vc_cta3-content\"><header class=\"tm-vc_cta3-content-header tm-wrap\"><div class=\"tm-vc_cta3-headers tm-wrap-cell\"><h2 style=\"font-size:18px;line-height:22px;\" class=\"tm-custom-heading \" >Download high quality logo<\/h2>\n<\/div><\/header><\/div><\/div><\/div><\/section><\/div> <!-- .tm-element-heading-wrapper container --> \n\t\t<div class=\"tm-vc_btn3-container  logo-download tm-vc_btn3-center\"><a class=\"tm-vc_general tm-vc_btn3 tm-vc_btn3-size-md tm-vc_btn3-shape-square tm-vc_btn3-style-flat tm-vc_btn3-weight-yes tm-vc_btn3-icon-left tm-vc_btn3-color-skincolor\" href=\"\/wp-content\/uploads\/2019\/08\/L_positive_color_150mm.pdf\" title=\"\"><i class=\"tm-vc_btn3-icon themifyicon ti-import\"><\/i> DOWNLOAD LOGO<\/a><\/div>[vc_empty_space height=&#8221;15px&#8221;][vc_separator color=&#8221;mulled_wine&#8221; style=&#8221;dashed&#8221; el_width=&#8221;70&#8243;]<div class=\"tm-element-heading-wrapper tm-heading-inner tm-element-align-center tm-seperator-solid tm-heading-style-vertical \"><section class=\"tm-vc_cta3-container\"><div class=\"tm-vc_general tm-vc_cta3 tm-cta3-only tm-vc_cta3-style-classic tm-vc_cta3-shape-rounded tm-vc_cta3-align-center tm-vc_cta3-color-transparent tm-vc_cta3-icon-size-md tm-vc_cta3-actions-no tm-cta3-without-desc\"><div class=\"tm-vc_cta3_content-container\"><div class=\"tm-vc_cta3-content\"><header class=\"tm-vc_cta3-content-header tm-wrap\"><div class=\"tm-vc_cta3-headers tm-wrap-cell\"><h2 style=\"font-size:18px;line-height:22px;\" class=\"tm-custom-heading \" >Download logomanual<\/h2>\n<\/div><\/header><\/div><\/div><\/div><\/section><\/div> <!-- .tm-element-heading-wrapper container --> \n\t\t<div class=\"tm-vc_btn3-container  logo-download tm-vc_btn3-center\"><a class=\"tm-vc_general tm-vc_btn3 tm-vc_btn3-size-md tm-vc_btn3-shape-square tm-vc_btn3-style-flat tm-vc_btn3-weight-yes tm-vc_btn3-icon-left tm-vc_btn3-color-skincolor\" href=\"\/wp-content\/uploads\/2019\/08\/Logomanu\u00e1l_VCHD_Cargo.pdf\" title=\"\"><i class=\"tm-vc_btn3-icon themifyicon ti-import\"><\/i> DOWNLOAD MANUAL<\/a><\/div>[vc_empty_space height=&#8221;15px&#8221;][vc_separator color=&#8221;mulled_wine&#8221; style=&#8221;dashed&#8221; el_width=&#8221;70&#8243;]<div class=\"tm-element-heading-wrapper tm-heading-inner tm-element-align-center tm-seperator-solid tm-heading-style-vertical \"><section class=\"tm-vc_cta3-container\"><div class=\"tm-vc_general tm-vc_cta3 tm-cta3-only tm-vc_cta3-style-classic tm-vc_cta3-shape-rounded tm-vc_cta3-align-center tm-vc_cta3-color-transparent tm-vc_cta3-icon-size-md tm-vc_cta3-actions-no tm-cta3-without-desc\"><div class=\"tm-vc_cta3_content-container\"><div class=\"tm-vc_cta3-content\"><header class=\"tm-vc_cta3-content-header tm-wrap\"><div class=\"tm-vc_cta3-headers tm-wrap-cell\"><h2 style=\"font-size:18px;line-height:22px;\" class=\"tm-custom-heading \" >For more information contact:<\/h2>\n<\/div><\/header><\/div><\/div><\/div><\/section><\/div> <!-- .tm-element-heading-wrapper container --> \n\t\t<div class=\"tm-vc_btn3-container  kontakt-tisk tm-vc_btn3-center\"><a class=\"tm-vc_general tm-vc_btn3 tm-vc_btn3-size-md tm-vc_btn3-shape-square tm-vc_btn3-style-text tm-vc_btn3-weight-yes tm-vc_btn3-icon-left tm-vc_btn3-color-skincolor\" href=\"\" title=\"\"><i class=\"tm-vc_btn3-icon themifyicon ti-map-alt\"><\/i> Industrion Boutique s.r.o.<\/a><\/div>\n\t\t<div class=\"tm-vc_btn3-container  kontakt-tisk tm-vc_btn3-center\"><a class=\"tm-vc_general tm-vc_btn3 tm-vc_btn3-size-md tm-vc_btn3-shape-square tm-vc_btn3-style-text tm-vc_btn3-weight-yes tm-vc_btn3-icon-left tm-vc_btn3-color-skincolor\" href=\"\" title=\"\"><i class=\"tm-vc_btn3-icon themifyicon ti-user\"><\/i> Andrea Pitronov\u00e1<\/a><\/div>\n\t\t<div class=\"tm-vc_btn3-container  kontakt-tisk tm-vc_btn3-center\"><a class=\"tm-vc_general tm-vc_btn3 tm-vc_btn3-size-md tm-vc_btn3-shape-square tm-vc_btn3-style-text tm-vc_btn3-weight-yes tm-vc_btn3-icon-left tm-vc_btn3-color-skincolor\" href=\"\" title=\"\"><i class=\"tm-vc_btn3-icon themifyicon ti-headphone-alt\"><\/i> +420 731 613 614<\/a><\/div>\n\t\t<div class=\"tm-vc_btn3-container  kontakt-tisk-last tm-vc_btn3-center\"><a class=\"tm-vc_general tm-vc_btn3 tm-vc_btn3-size-md tm-vc_btn3-shape-square tm-vc_btn3-style-text tm-vc_btn3-weight-yes tm-vc_btn3-icon-left tm-vc_btn3-color-skincolor\" href=\"mailto:andrea.pitronova@industrion.cz\" title=\"\"><i class=\"tm-vc_btn3-icon themifyicon ti-email\"><\/i> andrea.pitronova@industrion.cz<\/a><\/div>[vc_empty_space height=&#8221;25px&#8221;][vc_separator color=&#8221;mulled_wine&#8221; style=&#8221;dashed&#8221; el_width=&#8221;70&#8243;]<div class=\"tm-element-heading-wrapper tm-heading-inner tm-element-align-center tm-seperator-solid tm-heading-style-vertical \"><section class=\"tm-vc_cta3-container\"><div class=\"tm-vc_general tm-vc_cta3 tm-cta3-only tm-vc_cta3-style-classic tm-vc_cta3-shape-rounded tm-vc_cta3-align-center tm-vc_cta3-color-transparent tm-vc_cta3-icon-size-md tm-vc_cta3-actions-no tm-cta3-without-desc\"><div class=\"tm-vc_cta3_content-container\"><div class=\"tm-vc_cta3-content\"><header class=\"tm-vc_cta3-content-header tm-wrap\"><div class=\"tm-vc_cta3-headers tm-wrap-cell\"><h2 style=\"font-size:18px;line-height:22px;\" class=\"tm-custom-heading \" >Gallery for media<\/h2>\n<\/div><\/header><\/div><\/div><\/div><\/section><\/div> <!-- .tm-element-heading-wrapper container --> [vc_row_inner][vc_column_inner width=&#8221;1\/4&#8243; css=&#8221;.vc_custom_1565219783557{padding-right: 5px !important;padding-left: 5px !important;}&#8221;][vc_single_image image=&#8221;5461&#8243; img_size=&#8221;full&#8221; alignment=&#8221;center&#8221; onclick=&#8221;link_image&#8221;][\/vc_column_inner][vc_column_inner width=&#8221;1\/4&#8243; css=&#8221;.vc_custom_1565219788393{padding-right: 5px !important;padding-left: 5px !important;}&#8221;][vc_single_image image=&#8221;5462&#8243; img_size=&#8221;full&#8221; alignment=&#8221;center&#8221; onclick=&#8221;link_image&#8221;][\/vc_column_inner][vc_column_inner width=&#8221;1\/4&#8243; css=&#8221;.vc_custom_1565219793835{padding-right: 5px !important;padding-left: 5px !important;}&#8221;][vc_single_image image=&#8221;5463&#8243; img_size=&#8221;full&#8221; alignment=&#8221;center&#8221; onclick=&#8221;link_image&#8221;][\/vc_column_inner][vc_column_inner width=&#8221;1\/4&#8243; css=&#8221;.vc_custom_1565219798876{padding-right: 5px !important;padding-left: 5px !important;}&#8221;][vc_single_image image=&#8221;5464&#8243; img_size=&#8221;full&#8221; alignment=&#8221;center&#8221; onclick=&#8221;link_image&#8221;][\/vc_column_inner][\/vc_row_inner][\/vc_column][\/vc_row][vc_row][vc_column][vc_column_text css=&#8221;&#8221;]<\/p>\n<h2 id=\"newsletter\"><\/h2>\n<p>[\/vc_column_text][\/vc_column][\/vc_row]<\/p>\n<\/div>","protected":false},"excerpt":{"rendered":"<p>[vc_row tm_bgimagefixed=&#8221;&#8221; el_class=&#8221;tiskovky&#8221;][vc_column width=&#8221;2\/3&#8243;][vc_basic_grid post_type=&#8221;post&#8221; max_items=&#8221;-1&#8243; style=&#8221;load-more&#8221; items_per_page=&#8221;5&#8243; element_width=&#8221;12&#8243; item=&#8221;4854&#8243; btn_shape=&#8221;square&#8221; btn_color=&#8221;juicy-pink&#8221; grid_id=&#8221;vc_gid:1731405131804-975d09b059a3e402b56a6943edf43a75-5&#8243; taxonomies=&#8221;43&#8243;][vc_empty_space height=&#8221;40px&#8221;][vc_column_text css=&#8221;&#8221;]VCHD Cargo a.s. was founded in 1997 and specializes in export and domestic overland transport. The company has branches in the Czech Repubic in Kladno, Brno and Havl\u00ed\u010dk\u016fv Brod and carries out transport on 112 regular scheduled services to many &hellip; <a href=\"https:\/\/vchd.cz\/en\/press-center\" class=\"more-link\">Continue reading <span class=\"screen-reader-text\">Press center<\/span><\/a><\/p>\n","protected":false},"author":7,"featured_media":0,"parent":0,"menu_order":0,"comment_status":"open","ping_status":"open","template":"","meta":{"footnotes":""},"class_list":["post-5849","page","type-page","status-publish","hentry"],"_links":{"self":[{"href":"https:\/\/vchd.cz\/en\/wp-json\/wp\/v2\/pages\/5849","targetHints":{"allow":["GET"]}}],"collection":[{"href":"https:\/\/vchd.cz\/en\/wp-json\/wp\/v2\/pages"}],"about":[{"href":"https:\/\/vchd.cz\/en\/wp-json\/wp\/v2\/types\/page"}],"author":[{"embeddable":true,"href":"https:\/\/vchd.cz\/en\/wp-json\/wp\/v2\/users\/7"}],"replies":[{"embeddable":true,"href":"https:\/\/vchd.cz\/en\/wp-json\/wp\/v2\/comments?post=5849"}],"version-history":[{"count":0,"href":"https:\/\/vchd.cz\/en\/wp-json\/wp\/v2\/pages\/5849\/revisions"}],"wp:attachment":[{"href":"https:\/\/vchd.cz\/en\/wp-json\/wp\/v2\/media?parent=5849"}],"curies":[{"name":"wp","href":"https:\/\/api.w.org\/{rel}","templated":true}]}}