{"id":5852,"date":"2019-07-04T00:00:00","date_gmt":"2019-07-03T22:00:00","guid":{"rendered":"http:\/\/vchd.cz\/kontaktni-osoby\/"},"modified":"2025-10-29T09:49:44","modified_gmt":"2025-10-29T08:49:44","slug":"kontaktni-osoby","status":"publish","type":"page","link":"https:\/\/vchd.cz\/en\/departments-and-contacts","title":{"rendered":"Departments and contacts"},"content":{"rendered":"<div class=\"wpb-content-wrapper\"><p>[vc_row tm_bgimagefixed=&#8221;&#8221; css=&#8221;.vc_custom_1559562623469{padding-top: 65px !important;padding-bottom: 30px !important;}&#8221; el_id=&#8221;dalsi&#8221;][vc_column]<div class=\"tm-element-heading-wrapper tm-heading-inner tm-element-align-center tm-seperator-solid tm-heading-style-vertical \"><section class=\"tm-vc_cta3-container\"><div class=\"tm-vc_general tm-vc_cta3 tm-cta3-only tm-vc_cta3-style-classic tm-vc_cta3-shape-rounded tm-vc_cta3-align-center tm-vc_cta3-color-transparent tm-vc_cta3-icon-size-md tm-vc_cta3-actions-no tm-cta3-with-desc\"><div class=\"tm-vc_cta3_content-container\"><div class=\"tm-vc_cta3-content\"><header class=\"tm-vc_cta3-content-header tm-wrap\"><div class=\"tm-vc_cta3-headers tm-wrap-cell\"><h4 class=\"tm-custom-heading \" >CEO<\/h4>\n<h2 class=\"tm-custom-heading \" >Ing. Kozel<\/h2>\n<\/div><\/header><div class=\"tm-cta3-content-wrapper\">\n<p style=\"text-align: center;\"><a href=\"mailto:pavel.sirotek@vchd.cz\"><span style=\"color: #e31e24;\"><strong>kozel@vchd.cz<\/strong><\/span><\/a><\/p>\n<p><\/div><\/div><\/div><\/div><\/section><\/div> <!-- .tm-element-heading-wrapper container --> [vc_message message_box_color=&#8221;alert-warning&#8221; icon_fontawesome=&#8221;fa fa-exclamation&#8221;]In emergency situations outside working hours, please call +420 778 702 600[\/vc_message][\/vc_column][\/vc_row][vc_row tm_bgimagefixed=&#8221;&#8221; full_width=&#8221;stretch_row&#8221; css=&#8221;.vc_custom_1562241316028{padding-top: 0px !important;padding-bottom: 90px !important;}&#8221; tm_responsive_css=&#8221;55639100|colbreak_no|||||||||colbreak_no|||||25px||115px||colbreak_no||||||||||colbreak_no|||||||||&#8221;][vc_column width=&#8221;1\/2&#8243; tm_responsive_css=&#8221;63016091|colbreak_no|||||||||colbreak_no|||||||||colbreak_no||||||15px|40px|||colbreak_no|||||||||&#8221; el_class=&#8221;tm-rounded-shadow-box&#8221;][vc_row_inner css=&#8221;.vc_custom_1550064129482{padding-top: 40px !important;padding-right: 50px !important;padding-bottom: 20px !important;padding-left: 50px !important;}&#8221; tm_responsive_css=&#8221;77368950|colbreak_no|||||||||colbreak_no|||||||||colbreak_no|||||25px|20px|5px|20px||colbreak_no|||||||||&#8221;][vc_column_inner]<div class=\"tm-element-heading-wrapper tm-heading-inner tm-element-align-left tm-seperator-solid tm-heading-style-vertical \"><section class=\"tm-vc_cta3-container\"><div class=\"tm-vc_general tm-vc_cta3 tm-cta3-only tm-vc_cta3-style-classic tm-vc_cta3-shape-rounded tm-vc_cta3-align-left tm-vc_cta3-color-transparent tm-vc_cta3-icon-size-md tm-vc_cta3-actions-no tm-cta3-without-desc\"><div class=\"tm-vc_cta3_content-container\"><div class=\"tm-vc_cta3-content\"><header class=\"tm-vc_cta3-content-header tm-wrap\"><div class=\"tm-vc_cta3-headers tm-wrap-cell\"><h2 class=\"tm-custom-heading \" >Branch management<\/h2>\n<\/div><\/header><\/div><\/div><\/div><\/section><\/div> <!-- .tm-element-heading-wrapper container --> [vc_separator style=&#8221;dashed&#8221;]<h4 style=\"text-align:left;\" class=\"tm-custom-heading \" >Kladno<\/h4>\n<h6 style=\"text-align:left;color:#e31e24;\" class=\"tm-custom-heading \" >Jan Bene\u0161<\/h6>\n<ul class=\"boldman_contact_widget_wrapper themetechmount_vc_contact_wrapper\"><li class=\"themetechmount-contact-address  tm-boldman-icon-location-pin\">\u017delezarensk\u00e1 315,<br \/>\n272 01 Kladno<\/li><li class=\"themetechmount-contact-phonenumber tm-boldman-icon-mobile\">Please use email<\/li><li class=\"themetechmount-contact-email tm-boldman-icon-comment-1\"><a href=\"mailto:jan.benes@vchd.cz\">jan.benes@vchd.cz<\/a><\/li><\/ul>[vc_separator style=&#8221;dashed&#8221;]<h4 style=\"text-align:left;\" class=\"tm-custom-heading \" >Havl\u00ed\u010dk\u016fv Brod<\/h4>\n<h6 style=\"text-align:left;color:#e31e24;\" class=\"tm-custom-heading \" >Petr Lhot\u00e1k<\/h6>\n<ul class=\"boldman_contact_widget_wrapper themetechmount_vc_contact_wrapper\"><li class=\"themetechmount-contact-address  tm-boldman-icon-location-pin\">Lidick\u00e1 1983,<br \/>\n580 01 Havl\u00ed\u010dk\u016fv Brod<\/li><li class=\"themetechmount-contact-phonenumber tm-boldman-icon-mobile\">+420 776 455 806<\/li><li class=\"themetechmount-contact-email tm-boldman-icon-comment-1\"><a href=\"mailto:petr.lhotak@vchd.cz\">petr.lhotak@vchd.cz<\/a><\/li><\/ul>[vc_separator style=&#8221;dashed&#8221;]<h4 style=\"text-align:left;\" class=\"tm-custom-heading \" >Brno<\/h4>\n<h6 style=\"text-align:left;color:#e31e24;\" class=\"tm-custom-heading \" >Barbora Brabencov\u00e1<\/h6>\n<ul class=\"boldman_contact_widget_wrapper themetechmount_vc_contact_wrapper\"><li class=\"themetechmount-contact-address  tm-boldman-icon-location-pin\">Vinohradsk\u00e1 1115\/74 (vjezd z ulice H\u00e1jeck\u00e1),<br \/>\n618 00 Brno<\/li><li class=\"themetechmount-contact-phonenumber tm-boldman-icon-mobile\">+420 778 413 720<\/li><li class=\"themetechmount-contact-email tm-boldman-icon-comment-1\"><a href=\"mailto:barbora.brabencova@vchd.cz\">barbora.brabencova@vchd.cz<\/a><\/li><\/ul>[vc_separator style=&#8221;dashed&#8221;]<h4 style=\"text-align:left;\" class=\"tm-custom-heading \" >Alsfeld<\/h4>\n<h6 style=\"text-align:left;color:#e31e24;\" class=\"tm-custom-heading \" >Petr Kozel Jr.<\/h6>\n<ul class=\"boldman_contact_widget_wrapper themetechmount_vc_contact_wrapper\"><li class=\"themetechmount-contact-address  tm-boldman-icon-location-pin\">Dirsr\u00f6der Feld 3,<br \/>\n36304 Alsfeld<\/li><li class=\"themetechmount-contact-phonenumber tm-boldman-icon-mobile\"><p>+49\u00a0171 1221067<\/p><\/li><li class=\"themetechmount-contact-email tm-boldman-icon-comment-1\"><a href=\"mailto:petr.kozel@vchd.de\">petr.kozel@vchd.de<\/a><\/li><\/ul>[vc_separator style=&#8221;dashed&#8221;]<h4 style=\"text-align:left;\" class=\"tm-custom-heading \" ><\/h4>\n<h6 style=\"text-align:left;color:#e31e24;\" class=\"tm-custom-heading \" ><\/h6>\n<ul class=\"boldman_contact_widget_wrapper themetechmount_vc_contact_wrapper\"><\/ul>[vc_separator style=&#8221;dashed&#8221;][\/vc_column_inner][\/vc_row_inner][\/vc_column][vc_column tm_bgcolor=&#8221;white&#8221; tm_shadow=&#8221;yes&#8221; width=&#8221;1\/2&#8243; el_class=&#8221;tm-rounded-shadow-box&#8221;][vc_row_inner css=&#8221;.vc_custom_1550064129482{padding-top: 40px !important;padding-right: 50px !important;padding-bottom: 20px !important;padding-left: 50px !important;}&#8221; tm_responsive_css=&#8221;77368950|colbreak_no|||||||||colbreak_no|||||||||colbreak_no|||||25px|20px|5px|20px||colbreak_no|||||||||&#8221;][vc_column_inner]<div class=\"tm-element-heading-wrapper tm-heading-inner tm-element-align-left tm-seperator-solid tm-heading-style-vertical \"><section class=\"tm-vc_cta3-container\"><div class=\"tm-vc_general tm-vc_cta3 tm-cta3-only tm-vc_cta3-style-classic tm-vc_cta3-shape-rounded tm-vc_cta3-align-left tm-vc_cta3-color-transparent tm-vc_cta3-icon-size-md tm-vc_cta3-actions-no tm-cta3-without-desc\"><div class=\"tm-vc_cta3_content-container\"><div class=\"tm-vc_cta3-content\"><header class=\"tm-vc_cta3-content-header tm-wrap\"><div class=\"tm-vc_cta3-headers tm-wrap-cell\"><h2 class=\"tm-custom-heading \" >Department<\/h2>\n<\/div><\/header><\/div><\/div><\/div><\/section><\/div> <!-- .tm-element-heading-wrapper container --> [vc_separator style=&#8221;dashed&#8221;]<h4 style=\"text-align:left;\" class=\"tm-custom-heading \" >Human Resources<\/h4>\n<h6 style=\"text-align:left;color:#e31e24;\" class=\"tm-custom-heading \" >Mgr. Iveta Bodnarov\u00e1<\/h6>\n<ul class=\"boldman_contact_widget_wrapper themetechmount_vc_contact_wrapper\"><li class=\"themetechmount-contact-address  tm-boldman-icon-location-pin\">Kladno<\/li><li class=\"themetechmount-contact-phonenumber tm-boldman-icon-mobile\">+420 605 883 744<\/li><li class=\"themetechmount-contact-email tm-boldman-icon-comment-1\"><a href=\"mailto:iveta.bodnarova@vchd.cz\">iveta.bodnarova@vchd.cz<\/a><\/li><\/ul>[vc_separator style=&#8221;dashed&#8221;]<h4 style=\"text-align:left;\" class=\"tm-custom-heading \" >Finance Department<\/h4>\n<h6 style=\"text-align:left;color:#e31e24;\" class=\"tm-custom-heading \" >Petr Vacek<\/h6>\n<ul class=\"boldman_contact_widget_wrapper themetechmount_vc_contact_wrapper\"><li class=\"themetechmount-contact-address  tm-boldman-icon-location-pin\">Havl\u00ed\u010dk\u016fv Brod<\/li><li class=\"themetechmount-contact-phonenumber tm-boldman-icon-mobile\">+420 770 333 624<\/li><li class=\"themetechmount-contact-email tm-boldman-icon-comment-1\"><a href=\"mailto:petr.vacek@vchd.cz\">petr.vacek@vchd.cz<\/a><\/li><\/ul>[vc_separator style=&#8221;dashed&#8221;]<h4 style=\"text-align:left;\" class=\"tm-custom-heading \" >Sales Department<\/h4>\n<h6 style=\"text-align:left;color:#e31e24;\" class=\"tm-custom-heading \" >Petr Kozel Jr.<\/h6>\n<ul class=\"boldman_contact_widget_wrapper themetechmount_vc_contact_wrapper\"><li class=\"themetechmount-contact-address  tm-boldman-icon-location-pin\">Kladno<\/li><li class=\"themetechmount-contact-phonenumber tm-boldman-icon-mobile\">+420 603 477 527<\/li><li class=\"themetechmount-contact-email tm-boldman-icon-comment-1\"><a href=\"mailto:petr.kozel@vchd.de\">petr.kozel@vchd.de<\/a><\/li><\/ul>[vc_separator style=&#8221;dashed&#8221;]<h4 style=\"text-align:left;\" class=\"tm-custom-heading \" >Technology &amp; Fleet<\/h4>\n<h6 style=\"text-align:left;color:#e31e24;\" class=\"tm-custom-heading \" >Petr Landa<\/h6>\n<ul class=\"boldman_contact_widget_wrapper themetechmount_vc_contact_wrapper\"><li class=\"themetechmount-contact-address  tm-boldman-icon-location-pin\">Kladno<\/li><li class=\"themetechmount-contact-phonenumber tm-boldman-icon-mobile\">+420 724 811 199\u202c\u202c<\/li><li class=\"themetechmount-contact-email tm-boldman-icon-comment-1\"><a href=\"mailto:petr.landa@vchd.cz\">petr.landa@vchd.cz<\/a><\/li><\/ul>[vc_separator style=&#8221;dashed&#8221;]<h4 style=\"text-align:left;\" class=\"tm-custom-heading \" >Repair shop &amp; washing line<\/h4>\n<h6 style=\"text-align:left;color:#e31e24;\" class=\"tm-custom-heading \" >Jakub Pol\u00e1k<\/h6>\n<ul class=\"boldman_contact_widget_wrapper themetechmount_vc_contact_wrapper\"><li class=\"themetechmount-contact-address  tm-boldman-icon-location-pin\">Havl\u00ed\u010dk\u016fv Brod<\/li><li class=\"themetechmount-contact-phonenumber tm-boldman-icon-mobile\">+420 777 495 374<\/li><li class=\"themetechmount-contact-email tm-boldman-icon-comment-1\"><a href=\"mailto:jakub.polak@vchd.cz\">jakub.polak@vchd.cz<\/a><\/li><\/ul>[\/vc_column_inner][\/vc_row_inner][\/vc_column][\/vc_row]<\/p>\n<\/div>","protected":false},"excerpt":{"rendered":"<p>[vc_row tm_bgimagefixed=&#8221;&#8221; css=&#8221;.vc_custom_1559562623469{padding-top: 65px !important;padding-bottom: 30px !important;}&#8221; el_id=&#8221;dalsi&#8221;][vc_column][vc_message message_box_color=&#8221;alert-warning&#8221; icon_fontawesome=&#8221;fa fa-exclamation&#8221;]In emergency situations outside working hours, please call +420 778 702 600[\/vc_message][\/vc_column][\/vc_row][vc_row tm_bgimagefixed=&#8221;&#8221; full_width=&#8221;stretch_row&#8221; css=&#8221;.vc_custom_1562241316028{padding-top: 0px !important;padding-bottom: 90px !important;}&#8221; tm_responsive_css=&#8221;55639100|colbreak_no|||||||||colbreak_no|||||25px||115px||colbreak_no||||||||||colbreak_no|||||||||&#8221;][vc_column width=&#8221;1\/2&#8243; tm_responsive_css=&#8221;63016091|colbreak_no|||||||||colbreak_no|||||||||colbreak_no||||||15px|40px|||colbreak_no|||||||||&#8221; el_class=&#8221;tm-rounded-shadow-box&#8221;][vc_row_inner css=&#8221;.vc_custom_1550064129482{padding-top: 40px !important;padding-right: 50px !important;padding-bottom: 20px !important;padding-left: 50px !important;}&#8221; tm_responsive_css=&#8221;77368950|colbreak_no|||||||||colbreak_no|||||||||colbreak_no|||||25px|20px|5px|20px||colbreak_no|||||||||&#8221;][vc_column_inner][vc_separator style=&#8221;dashed&#8221;][vc_separator style=&#8221;dashed&#8221;][vc_separator style=&#8221;dashed&#8221;][vc_separator style=&#8221;dashed&#8221;][vc_separator style=&#8221;dashed&#8221;][vc_separator style=&#8221;dashed&#8221;][\/vc_column_inner][\/vc_row_inner][\/vc_column][vc_column tm_bgcolor=&#8221;white&#8221; tm_shadow=&#8221;yes&#8221; width=&#8221;1\/2&#8243; el_class=&#8221;tm-rounded-shadow-box&#8221;][vc_row_inner css=&#8221;.vc_custom_1550064129482{padding-top: 40px &hellip; <a href=\"https:\/\/vchd.cz\/en\/departments-and-contacts\" class=\"more-link\">Continue reading <span class=\"screen-reader-text\">Departments and contacts<\/span><\/a><\/p>\n","protected":false},"author":7,"featured_media":0,"parent":0,"menu_order":0,"comment_status":"open","ping_status":"open","template":"","meta":{"footnotes":""},"class_list":["post-5852","page","type-page","status-publish","hentry"],"_links":{"self":[{"href":"https:\/\/vchd.cz\/en\/wp-json\/wp\/v2\/pages\/5852","targetHints":{"allow":["GET"]}}],"collection":[{"href":"https:\/\/vchd.cz\/en\/wp-json\/wp\/v2\/pages"}],"about":[{"href":"https:\/\/vchd.cz\/en\/wp-json\/wp\/v2\/types\/page"}],"author":[{"embeddable":true,"href":"https:\/\/vchd.cz\/en\/wp-json\/wp\/v2\/users\/7"}],"replies":[{"embeddable":true,"href":"https:\/\/vchd.cz\/en\/wp-json\/wp\/v2\/comments?post=5852"}],"version-history":[{"count":3,"href":"https:\/\/vchd.cz\/en\/wp-json\/wp\/v2\/pages\/5852\/revisions"}],"predecessor-version":[{"id":10484,"href":"https:\/\/vchd.cz\/en\/wp-json\/wp\/v2\/pages\/5852\/revisions\/10484"}],"wp:attachment":[{"href":"https:\/\/vchd.cz\/en\/wp-json\/wp\/v2\/media?parent=5852"}],"curies":[{"name":"wp","href":"https:\/\/api.w.org\/{rel}","templated":true}]}}